{"id":959,"date":"2020-08-25T12:39:52","date_gmt":"2020-08-25T12:39:52","guid":{"rendered":"https:\/\/apollo-fo.com\/am\/?page_id=959"},"modified":"2020-08-31T13:26:43","modified_gmt":"2020-08-31T13:26:43","slug":"formulaire-de-telechargement-des-plaquettes-2","status":"publish","type":"page","link":"https:\/\/apollo-fo.com\/am\/fr\/formulaire-de-telechargement-des-plaquettes-2\/","title":{"rendered":"FORMULAIRE DE T\u00c9L\u00c9CHARGEMENT DES PLAQUETTES"},"content":{"rendered":"<div class=\"wpforms-container wpforms-container-full wpforms-block\" id=\"wpforms-953\"><form id=\"wpforms-form-953\" class=\"wpforms-validate wpforms-form\" data-formid=\"953\" method=\"post\" enctype=\"multipart\/form-data\" action=\"\/am\/fr\/wp-json\/wp\/v2\/pages\/959\" data-token=\"cbe4dc2cec99e5a2c092584cdec63551\" data-token-time=\"1777044480\"><noscript class=\"wpforms-error-noscript\">Veuillez activer JavaScript dans votre navigateur pour remplir ce formulaire.<\/noscript><div class=\"wpforms-field-container\"><div id=\"wpforms-953-field_0-container\" class=\"wpforms-field wpforms-field-name\" data-field-id=\"0\"><label class=\"wpforms-field-label\" for=\"wpforms-953-field_0\">Nom\/Prenom <span class=\"wpforms-required-label\">*<\/span><\/label><input type=\"text\" id=\"wpforms-953-field_0\" class=\"wpforms-field-medium wpforms-field-required\" name=\"wpforms[fields][0]\" required><\/div><div id=\"wpforms-953-field_1-container\" class=\"wpforms-field wpforms-field-email\" data-field-id=\"1\"><label class=\"wpforms-field-label\" for=\"wpforms-953-field_1\">Email <span class=\"wpforms-required-label\">*<\/span><\/label><input type=\"email\" id=\"wpforms-953-field_1\" class=\"wpforms-field-medium wpforms-field-required\" name=\"wpforms[fields][1]\" spellcheck=\"false\" required><\/div><div id=\"wpforms-953-field_9-container\" class=\"wpforms-field wpforms-field-text\" data-field-id=\"9\"><label class=\"wpforms-field-label\" for=\"wpforms-953-field_9\">Num\u00e9ro T\u00e9l\u00e9phone<\/label><input type=\"text\" id=\"wpforms-953-field_9\" class=\"wpforms-field-medium\" name=\"wpforms[fields][9]\" ><\/div><div id=\"wpforms-953-field_4-container\" class=\"wpforms-field wpforms-field-text\" data-field-id=\"4\"><label class=\"wpforms-field-label\" for=\"wpforms-953-field_4\">Entreprise  <span class=\"wpforms-required-label\">*<\/span><\/label><input type=\"text\" id=\"wpforms-953-field_4\" class=\"wpforms-field-medium wpforms-field-required\" name=\"wpforms[fields][4]\" required><\/div><div id=\"wpforms-953-field_8-container\" class=\"wpforms-field wpforms-field-text\" data-field-id=\"8\"><label class=\"wpforms-field-label\" for=\"wpforms-953-field_8\">Pays<\/label><input type=\"text\" id=\"wpforms-953-field_8\" class=\"wpforms-field-medium\" name=\"wpforms[fields][8]\" ><\/div><div id=\"wpforms-953-field_6-container\" class=\"wpforms-field wpforms-field-checkbox\" data-field-id=\"6\"><label class=\"wpforms-field-label\">Voulez-vous un abonnement \u00e0 la newsletter?<\/label><ul id=\"wpforms-953-field_6\"><li class=\"choice-3 depth-1\"><input type=\"checkbox\" id=\"wpforms-953-field_6_3\" name=\"wpforms[fields][6][]\" value=\"Oui\"  ><label class=\"wpforms-field-label-inline\" for=\"wpforms-953-field_6_3\">Oui<\/label><\/li><\/ul><\/div><\/div><!-- .wpforms-field-container --><div class=\"wpforms-field wpforms-field-hp\"><label for=\"wpforms-953-field-hp\" class=\"wpforms-field-label\">Message<\/label><input type=\"text\" name=\"wpforms[hp]\" id=\"wpforms-953-field-hp\" class=\"wpforms-field-medium\"><\/div><div class=\"wpforms-recaptcha-container wpforms-is-recaptcha wpforms-is-recaptcha-type-invisible\" ><div class=\"g-recaptcha\" data-sitekey=\"6Ldt1swZAAAAAGWMFt_zgQzdq37v_zQL4WQox41h\" data-size=\"invisible\"><\/div><\/div><div class=\"wpforms-submit-container\" ><input type=\"hidden\" name=\"wpforms[id]\" value=\"953\"><input type=\"hidden\" name=\"page_title\" value=\"\"><input type=\"hidden\" name=\"page_url\" value=\"https:\/\/apollo-fo.com\/am\/fr\/wp-json\/wp\/v2\/pages\/959\"><button type=\"submit\" name=\"wpforms[submit]\" id=\"wpforms-submit-953\" class=\"wpforms-submit\" data-alt-text=\"Envoi en cours\u2026\" data-submit-text=\"T\u00e9l\u00e9chargez\" aria-live=\"assertive\" value=\"wpforms-submit\">T\u00e9l\u00e9chargez<\/button><\/div><\/form><\/div>  <!-- .wpforms-container -->","protected":false},"excerpt":{"rendered":"","protected":false},"author":1,"featured_media":958,"parent":0,"menu_order":0,"comment_status":"closed","ping_status":"closed","template":"","meta":{"om_disable_all_campaigns":false,"_monsterinsights_skip_tracking":false,"_monsterinsights_sitenote_active":false,"_monsterinsights_sitenote_note":"","_monsterinsights_sitenote_category":0,"footnotes":""},"class_list":["post-959","page","type-page","status-publish","has-post-thumbnail","hentry"],"yoast_head":"<!-- This site is optimized with the Yoast SEO plugin v22.7 - https:\/\/yoast.com\/wordpress\/plugins\/seo\/ -->\n<title>FORMULAIRE DE T\u00c9L\u00c9CHARGEMENT DES PLAQUETTES - Apollo Asset Management Software<\/title>\n<meta name=\"robots\" content=\"index, follow, max-snippet:-1, max-image-preview:large, max-video-preview:-1\" \/>\n<link rel=\"canonical\" href=\"https:\/\/apollo-fo.com\/am\/fr\/formulaire-de-telechargement-des-plaquettes-2\/\" \/>\n<meta property=\"og:locale\" content=\"fr_FR\" \/>\n<meta property=\"og:type\" content=\"article\" \/>\n<meta property=\"og:title\" content=\"FORMULAIRE DE T\u00c9L\u00c9CHARGEMENT DES PLAQUETTES - Apollo Asset Management Software\" \/>\n<meta property=\"og:url\" content=\"https:\/\/apollo-fo.com\/am\/fr\/formulaire-de-telechargement-des-plaquettes-2\/\" \/>\n<meta property=\"og:site_name\" content=\"Apollo Asset Management Software\" \/>\n<meta property=\"article:publisher\" content=\"https:\/\/www.facebook.com\/ApolloAssetManagement\" \/>\n<meta property=\"article:modified_time\" content=\"2020-08-31T13:26:43+00:00\" \/>\n<meta property=\"og:image\" content=\"https:\/\/apollo-fo.com\/am\/wp-content\/uploads\/2020\/08\/FR-PLAQUETTE-FIM-Apollo_Ptf_mngt_print-1.png\" \/>\n\t<meta property=\"og:image:width\" content=\"1414\" \/>\n\t<meta property=\"og:image:height\" content=\"2000\" \/>\n\t<meta property=\"og:image:type\" content=\"image\/png\" \/>\n<meta name=\"twitter:card\" content=\"summary_large_image\" \/>\n<script type=\"application\/ld+json\" class=\"yoast-schema-graph\">{\"@context\":\"https:\/\/schema.org\",\"@graph\":[{\"@type\":\"WebPage\",\"@id\":\"https:\/\/apollo-fo.com\/am\/formulaire-de-telechargement-des-plaquettes-2\/\",\"url\":\"https:\/\/apollo-fo.com\/am\/formulaire-de-telechargement-des-plaquettes-2\/\",\"name\":\"FORMULAIRE DE T\u00c9L\u00c9CHARGEMENT DES PLAQUETTES - Apollo Asset Management Software\",\"isPartOf\":{\"@id\":\"https:\/\/apollo-fo.com\/am\/fr\/#website\"},\"primaryImageOfPage\":{\"@id\":\"https:\/\/apollo-fo.com\/am\/formulaire-de-telechargement-des-plaquettes-2\/#primaryimage\"},\"image\":{\"@id\":\"https:\/\/apollo-fo.com\/am\/formulaire-de-telechargement-des-plaquettes-2\/#primaryimage\"},\"thumbnailUrl\":\"https:\/\/i0.wp.com\/apollo-fo.com\/am\/wp-content\/uploads\/2020\/08\/FR-PLAQUETTE-FIM-Apollo_Ptf_mngt_print-1.png?fit=1414%2C2000&ssl=1\",\"datePublished\":\"2020-08-25T12:39:52+00:00\",\"dateModified\":\"2020-08-31T13:26:43+00:00\",\"breadcrumb\":{\"@id\":\"https:\/\/apollo-fo.com\/am\/formulaire-de-telechargement-des-plaquettes-2\/#breadcrumb\"},\"inLanguage\":\"fr-FR\",\"potentialAction\":[{\"@type\":\"ReadAction\",\"target\":[\"https:\/\/apollo-fo.com\/am\/formulaire-de-telechargement-des-plaquettes-2\/\"]}]},{\"@type\":\"ImageObject\",\"inLanguage\":\"fr-FR\",\"@id\":\"https:\/\/apollo-fo.com\/am\/formulaire-de-telechargement-des-plaquettes-2\/#primaryimage\",\"url\":\"https:\/\/i0.wp.com\/apollo-fo.com\/am\/wp-content\/uploads\/2020\/08\/FR-PLAQUETTE-FIM-Apollo_Ptf_mngt_print-1.png?fit=1414%2C2000&ssl=1\",\"contentUrl\":\"https:\/\/i0.wp.com\/apollo-fo.com\/am\/wp-content\/uploads\/2020\/08\/FR-PLAQUETTE-FIM-Apollo_Ptf_mngt_print-1.png?fit=1414%2C2000&ssl=1\",\"width\":1414,\"height\":2000},{\"@type\":\"BreadcrumbList\",\"@id\":\"https:\/\/apollo-fo.com\/am\/formulaire-de-telechargement-des-plaquettes-2\/#breadcrumb\",\"itemListElement\":[{\"@type\":\"ListItem\",\"position\":1,\"name\":\"Home\",\"item\":\"https:\/\/apollo-fo.com\/am\/\"},{\"@type\":\"ListItem\",\"position\":2,\"name\":\"FORMULAIRE DE T\u00c9L\u00c9CHARGEMENT DES PLAQUETTES\"}]},{\"@type\":\"WebSite\",\"@id\":\"https:\/\/apollo-fo.com\/am\/fr\/#website\",\"url\":\"https:\/\/apollo-fo.com\/am\/fr\/\",\"name\":\"Apollo Asset Management Software\",\"description\":\"\",\"publisher\":{\"@id\":\"https:\/\/apollo-fo.com\/am\/fr\/#organization\"},\"potentialAction\":[{\"@type\":\"SearchAction\",\"target\":{\"@type\":\"EntryPoint\",\"urlTemplate\":\"https:\/\/apollo-fo.com\/am\/fr\/?s={search_term_string}\"},\"query-input\":\"required name=search_term_string\"}],\"inLanguage\":\"fr-FR\"},{\"@type\":\"Organization\",\"@id\":\"https:\/\/apollo-fo.com\/am\/fr\/#organization\",\"name\":\"Apollo Asset Management\",\"url\":\"https:\/\/apollo-fo.com\/am\/fr\/\",\"logo\":{\"@type\":\"ImageObject\",\"inLanguage\":\"fr-FR\",\"@id\":\"https:\/\/apollo-fo.com\/am\/fr\/#\/schema\/logo\/image\/\",\"url\":\"https:\/\/i0.wp.com\/apollo-fo.com\/am\/wp-content\/uploads\/2020\/09\/APOLLO-ASSET-MANAGEMENT-LOGO.png?fit=500%2C500&ssl=1\",\"contentUrl\":\"https:\/\/i0.wp.com\/apollo-fo.com\/am\/wp-content\/uploads\/2020\/09\/APOLLO-ASSET-MANAGEMENT-LOGO.png?fit=500%2C500&ssl=1\",\"width\":500,\"height\":500,\"caption\":\"Apollo Asset Management\"},\"image\":{\"@id\":\"https:\/\/apollo-fo.com\/am\/fr\/#\/schema\/logo\/image\/\"},\"sameAs\":[\"https:\/\/www.facebook.com\/ApolloAssetManagement\",\"https:\/\/www.instagram.com\/apolloassetmanagement\/?hl=fr\",\"https:\/\/fr.linkedin.com\/company\/apollo-asset-management\",\"https:\/\/www.youtube.com\/channel\/UCQme_lUvDNcpPcJ3VhSPojA\"]}]}<\/script>\n<!-- \/ Yoast SEO plugin. -->","yoast_head_json":{"title":"FORMULAIRE DE T\u00c9L\u00c9CHARGEMENT DES PLAQUETTES - Apollo Asset Management Software","robots":{"index":"index","follow":"follow","max-snippet":"max-snippet:-1","max-image-preview":"max-image-preview:large","max-video-preview":"max-video-preview:-1"},"canonical":"https:\/\/apollo-fo.com\/am\/fr\/formulaire-de-telechargement-des-plaquettes-2\/","og_locale":"fr_FR","og_type":"article","og_title":"FORMULAIRE DE T\u00c9L\u00c9CHARGEMENT DES PLAQUETTES - Apollo Asset Management Software","og_url":"https:\/\/apollo-fo.com\/am\/fr\/formulaire-de-telechargement-des-plaquettes-2\/","og_site_name":"Apollo Asset Management Software","article_publisher":"https:\/\/www.facebook.com\/ApolloAssetManagement","article_modified_time":"2020-08-31T13:26:43+00:00","og_image":[{"width":1414,"height":2000,"url":"https:\/\/apollo-fo.com\/am\/wp-content\/uploads\/2020\/08\/FR-PLAQUETTE-FIM-Apollo_Ptf_mngt_print-1.png","type":"image\/png"}],"twitter_card":"summary_large_image","schema":{"@context":"https:\/\/schema.org","@graph":[{"@type":"WebPage","@id":"https:\/\/apollo-fo.com\/am\/formulaire-de-telechargement-des-plaquettes-2\/","url":"https:\/\/apollo-fo.com\/am\/formulaire-de-telechargement-des-plaquettes-2\/","name":"FORMULAIRE DE T\u00c9L\u00c9CHARGEMENT DES PLAQUETTES - Apollo Asset Management Software","isPartOf":{"@id":"https:\/\/apollo-fo.com\/am\/fr\/#website"},"primaryImageOfPage":{"@id":"https:\/\/apollo-fo.com\/am\/formulaire-de-telechargement-des-plaquettes-2\/#primaryimage"},"image":{"@id":"https:\/\/apollo-fo.com\/am\/formulaire-de-telechargement-des-plaquettes-2\/#primaryimage"},"thumbnailUrl":"https:\/\/i0.wp.com\/apollo-fo.com\/am\/wp-content\/uploads\/2020\/08\/FR-PLAQUETTE-FIM-Apollo_Ptf_mngt_print-1.png?fit=1414%2C2000&ssl=1","datePublished":"2020-08-25T12:39:52+00:00","dateModified":"2020-08-31T13:26:43+00:00","breadcrumb":{"@id":"https:\/\/apollo-fo.com\/am\/formulaire-de-telechargement-des-plaquettes-2\/#breadcrumb"},"inLanguage":"fr-FR","potentialAction":[{"@type":"ReadAction","target":["https:\/\/apollo-fo.com\/am\/formulaire-de-telechargement-des-plaquettes-2\/"]}]},{"@type":"ImageObject","inLanguage":"fr-FR","@id":"https:\/\/apollo-fo.com\/am\/formulaire-de-telechargement-des-plaquettes-2\/#primaryimage","url":"https:\/\/i0.wp.com\/apollo-fo.com\/am\/wp-content\/uploads\/2020\/08\/FR-PLAQUETTE-FIM-Apollo_Ptf_mngt_print-1.png?fit=1414%2C2000&ssl=1","contentUrl":"https:\/\/i0.wp.com\/apollo-fo.com\/am\/wp-content\/uploads\/2020\/08\/FR-PLAQUETTE-FIM-Apollo_Ptf_mngt_print-1.png?fit=1414%2C2000&ssl=1","width":1414,"height":2000},{"@type":"BreadcrumbList","@id":"https:\/\/apollo-fo.com\/am\/formulaire-de-telechargement-des-plaquettes-2\/#breadcrumb","itemListElement":[{"@type":"ListItem","position":1,"name":"Home","item":"https:\/\/apollo-fo.com\/am\/"},{"@type":"ListItem","position":2,"name":"FORMULAIRE DE T\u00c9L\u00c9CHARGEMENT DES PLAQUETTES"}]},{"@type":"WebSite","@id":"https:\/\/apollo-fo.com\/am\/fr\/#website","url":"https:\/\/apollo-fo.com\/am\/fr\/","name":"Apollo Asset Management Software","description":"","publisher":{"@id":"https:\/\/apollo-fo.com\/am\/fr\/#organization"},"potentialAction":[{"@type":"SearchAction","target":{"@type":"EntryPoint","urlTemplate":"https:\/\/apollo-fo.com\/am\/fr\/?s={search_term_string}"},"query-input":"required name=search_term_string"}],"inLanguage":"fr-FR"},{"@type":"Organization","@id":"https:\/\/apollo-fo.com\/am\/fr\/#organization","name":"Apollo Asset Management","url":"https:\/\/apollo-fo.com\/am\/fr\/","logo":{"@type":"ImageObject","inLanguage":"fr-FR","@id":"https:\/\/apollo-fo.com\/am\/fr\/#\/schema\/logo\/image\/","url":"https:\/\/i0.wp.com\/apollo-fo.com\/am\/wp-content\/uploads\/2020\/09\/APOLLO-ASSET-MANAGEMENT-LOGO.png?fit=500%2C500&ssl=1","contentUrl":"https:\/\/i0.wp.com\/apollo-fo.com\/am\/wp-content\/uploads\/2020\/09\/APOLLO-ASSET-MANAGEMENT-LOGO.png?fit=500%2C500&ssl=1","width":500,"height":500,"caption":"Apollo Asset Management"},"image":{"@id":"https:\/\/apollo-fo.com\/am\/fr\/#\/schema\/logo\/image\/"},"sameAs":["https:\/\/www.facebook.com\/ApolloAssetManagement","https:\/\/www.instagram.com\/apolloassetmanagement\/?hl=fr","https:\/\/fr.linkedin.com\/company\/apollo-asset-management","https:\/\/www.youtube.com\/channel\/UCQme_lUvDNcpPcJ3VhSPojA"]}]}},"jetpack_sharing_enabled":true,"_links":{"self":[{"href":"https:\/\/apollo-fo.com\/am\/fr\/wp-json\/wp\/v2\/pages\/959","targetHints":{"allow":["GET"]}}],"collection":[{"href":"https:\/\/apollo-fo.com\/am\/fr\/wp-json\/wp\/v2\/pages"}],"about":[{"href":"https:\/\/apollo-fo.com\/am\/fr\/wp-json\/wp\/v2\/types\/page"}],"author":[{"embeddable":true,"href":"https:\/\/apollo-fo.com\/am\/fr\/wp-json\/wp\/v2\/users\/1"}],"replies":[{"embeddable":true,"href":"https:\/\/apollo-fo.com\/am\/fr\/wp-json\/wp\/v2\/comments?post=959"}],"version-history":[{"count":1,"href":"https:\/\/apollo-fo.com\/am\/fr\/wp-json\/wp\/v2\/pages\/959\/revisions"}],"predecessor-version":[{"id":960,"href":"https:\/\/apollo-fo.com\/am\/fr\/wp-json\/wp\/v2\/pages\/959\/revisions\/960"}],"wp:featuredmedia":[{"embeddable":true,"href":"https:\/\/apollo-fo.com\/am\/fr\/wp-json\/wp\/v2\/media\/958"}],"wp:attachment":[{"href":"https:\/\/apollo-fo.com\/am\/fr\/wp-json\/wp\/v2\/media?parent=959"}],"curies":[{"name":"wp","href":"https:\/\/api.w.org\/{rel}","templated":true}]}}