{"id":609,"date":"2020-07-29T09:43:40","date_gmt":"2020-07-29T09:43:40","guid":{"rendered":"https:\/\/apollo-fo.com\/am\/?page_id=609"},"modified":"2020-08-04T12:48:33","modified_gmt":"2020-08-04T12:48:33","slug":"glossaire","status":"publish","type":"page","link":"https:\/\/apollo-fo.com\/am\/fr\/glossaire\/","title":{"rendered":"GLOSSAIRE"},"content":{"rendered":"\n<h2 class=\"wp-block-heading\"><strong>Termes&nbsp;fonctionnels&nbsp;principaux<\/strong><\/h2>\n\n\n\n<p>\u25b6<strong>Actif&nbsp;&nbsp;:&nbsp;<\/strong>Appel\u00e9 \u00e9galement instrument financier ou valeur ou titre, n\u00e9gociable sur un march\u00e9 financier, susceptible de produire \u00e0 son d\u00e9tenteur des revenus (Action, obligation, OPC, \u2026).<\/p>\n\n\n\n<p>\u25b6<strong>Blotters<\/strong>: Les&nbsp;blotters&nbsp;sont des \u00e9crans sur lesquels il est possible de faire des actions de validation ou d\u2019annulation en masse par s\u00e9lection de cases \u00e0 cocher. Il peut s\u2019agir de&nbsp;blotter&nbsp;d\u2019ordres, de transactions, d\u2019actes de gestion, \u2026<\/p>\n\n\n\n<p>\u25b6<strong>Compte (ou portefeuille)&nbsp;<\/strong>:&nbsp;Le compte a une nature bien d\u00e9finie, il peut s\u2019agir d\u2019un compte titres ordinaire, d\u2019un PEA, d\u2019un contrat d\u2019assurance vie, \u2026 Un compte est directement li\u00e9 \u00e0 un ou plusieurs clients (en fonction du syst\u00e8me d\u2019information de la banque). Un compte n\u2019appartient qu\u2019\u00e0 un seul mandat.<\/p>\n\n\n\n<p>\u25b6<strong>Domaine d\u2019intervention<\/strong>:&nbsp;Le p\u00e9rim\u00e8tre de gestion d\u2019un g\u00e9rant ne se limite pas forc\u00e9ment \u00e0 ses propres portefeuilles : Apollo permet \u00e0 un utilisateur donn\u00e9 d\u2019\u00e9largir son p\u00e9rim\u00e8tre de gestion aux comptes des autres utilisateurs gr\u00e2ce au domaine d\u2019intervention.<\/p>\n\n\n\n<p>\u25b6<strong>Filtres sur p\u00e9rim\u00e8tre&nbsp;&nbsp;:&nbsp;<\/strong>Ensemble de portefeuilles, ou d\u2019actifs, correspondant \u00e0 un crit\u00e8re. Permet de constituer le p\u00e9rim\u00e8tre d\u2019analyse \u00e0 partir d\u2019une combinaison de filtres.&nbsp;<\/p>\n\n\n\n<p>\u25b6<strong>GED (Gestion Electronique de Documents)&nbsp;<\/strong>: Il est possible d\u2019associer \u00e0 certaines entit\u00e9s un service de gestion de la documentation (GED). Ce service permet de consulter, ajouter,&nbsp;historiser&nbsp;des documents rattach\u00e9s \u00e0 l\u2019entit\u00e9.<\/p>\n\n\n\n<p>\u25b6<strong>Intention d\u2019ordre&nbsp;<\/strong>: Une intention d\u2019ordre est l\u2019\u00e9tape juste avant la g\u00e9n\u00e9ration de l\u2019ordre. On peut la qualifier de simulation.&nbsp;<\/p>\n\n\n\n<p>\u25b6<strong>Mandat<\/strong>:&nbsp;Dans Apollo, le mandat porte les informations de gestion souvent g\u00e9r\u00e9es localement telles que le profil de gestion, la grille d\u2019allocation et le portefeuille mod\u00e8le. Le lien mandat \/ client se fait implicitement au travers du rattachement des comptes aux mandats (les clients d\u00e9tenteurs des comptes rattach\u00e9s \u00e0 un mandat sont eux-m\u00eames clients de ce mandat).<\/p>\n\n\n\n<p>\u25b6<strong>Ordre bloc&nbsp;<\/strong>: Dans Apollo, un ordre bloc est un ordre effectu\u00e9 sur un actif mais pour un ensemble de portefeuilles.<\/p>\n\n\n\n<p>\u25b6<strong>Ordre simple&nbsp;<\/strong>: Dans Apollo, un ordre simple est un ordre effectu\u00e9 sur un actif mais pour un seul portefeuille.<\/p>\n\n\n\n<p>\u25b6<strong>Performance :<\/strong>&nbsp;Rendement du portefeuille, plusieurs formules sont disponibles&nbsp;&nbsp;(CWR, TWR, IRR). Le terme Performance est en g\u00e9n\u00e9ral utilis\u00e9 \u00e0 la place de rendement.&nbsp;<\/p>\n\n\n\n<p>\u25b6<strong>Profil de gestion&nbsp;<\/strong>: Le profil de gestion (parfois appel\u00e9 Objectif ou Orientation de gestion) correspond \u00e0 une allocation d\u2019actifs selon le degr\u00e9 de risque accept\u00e9, l\u2019horizon de placement, l\u2019expertise et les choix \u00e9thiques du client.&nbsp;<\/p>\n\n\n\n<p>\u25b6<strong>Workflow :&nbsp;<\/strong>Repr\u00e9sentation d\u2019un ensemble de traitements (saisie, validation, \u2026) effectu\u00e9s pour un type d\u2019entit\u00e9 (mandat, client, portefeuille, ordre, \u2026) et inscrits dans un processus (\u00e9tapes, s\u00e9quences, \u2026).&nbsp;\u2013Dans Apollo, on parle principalement du workflow des mandats, des ordres et des actes de gestion.<\/p>\n","protected":false},"excerpt":{"rendered":"<p>Termes&nbsp;fonctionnels&nbsp;principaux \u25b6Actif&nbsp;&nbsp;:&nbsp;Appel\u00e9 \u00e9galement instrument financier ou valeur ou titre, n\u00e9gociable sur un march\u00e9 financier, susceptible de produire \u00e0 son d\u00e9tenteur des revenus (Action, obligation, OPC, \u2026). \u25b6Blotters: Les&nbsp;blotters&nbsp;sont des \u00e9crans sur lesquels il est possible de faire des actions de validation ou d\u2019annulation en masse par s\u00e9lection de cases \u00e0 cocher. Il peut s\u2019agir de&nbsp;blotter&nbsp;d\u2019ordres, [&hellip;]<\/p>\n","protected":false},"author":3,"featured_media":620,"parent":0,"menu_order":0,"comment_status":"closed","ping_status":"closed","template":"","meta":{"om_disable_all_campaigns":false,"_monsterinsights_skip_tracking":false,"_monsterinsights_sitenote_active":false,"_monsterinsights_sitenote_note":"","_monsterinsights_sitenote_category":0,"footnotes":""},"class_list":["post-609","page","type-page","status-publish","has-post-thumbnail","hentry"],"yoast_head":"<!-- This site is optimized with the Yoast SEO plugin v22.7 - https:\/\/yoast.com\/wordpress\/plugins\/seo\/ -->\n<title>GLOSSAIRE - Apollo Asset Management Software<\/title>\n<meta name=\"description\" content=\"Veuillez trouver notre glossaire sur cette page. Le but est rassembler plusieurs d\u00e9finitions de termes afin de faciliter la lecture de notre site.\" \/>\n<meta name=\"robots\" content=\"index, follow, max-snippet:-1, max-image-preview:large, max-video-preview:-1\" \/>\n<link rel=\"canonical\" href=\"https:\/\/apollo-fo.com\/am\/fr\/glossaire\/\" \/>\n<meta property=\"og:locale\" content=\"fr_FR\" \/>\n<meta property=\"og:type\" content=\"article\" \/>\n<meta property=\"og:title\" content=\"GLOSSAIRE - Apollo Asset Management Software\" \/>\n<meta property=\"og:description\" content=\"Veuillez trouver notre glossaire sur cette page. Le but est rassembler plusieurs d\u00e9finitions de termes afin de faciliter la lecture de notre site.\" \/>\n<meta property=\"og:url\" content=\"https:\/\/apollo-fo.com\/am\/fr\/glossaire\/\" \/>\n<meta property=\"og:site_name\" content=\"Apollo Asset Management Software\" \/>\n<meta property=\"article:publisher\" content=\"https:\/\/www.facebook.com\/ApolloAssetManagement\" \/>\n<meta property=\"article:modified_time\" content=\"2020-08-04T12:48:33+00:00\" \/>\n<meta property=\"og:image\" content=\"https:\/\/apollo-fo.com\/am\/wp-content\/uploads\/2020\/07\/1.png\" \/>\n\t<meta property=\"og:image:width\" content=\"1400\" \/>\n\t<meta property=\"og:image:height\" content=\"425\" \/>\n\t<meta property=\"og:image:type\" content=\"image\/png\" \/>\n<meta name=\"twitter:card\" content=\"summary_large_image\" \/>\n<meta name=\"twitter:label1\" content=\"Dur\u00e9e de lecture estim\u00e9e\" \/>\n\t<meta name=\"twitter:data1\" content=\"3 minutes\" \/>\n<script type=\"application\/ld+json\" class=\"yoast-schema-graph\">{\"@context\":\"https:\/\/schema.org\",\"@graph\":[{\"@type\":\"WebPage\",\"@id\":\"https:\/\/apollo-fo.com\/am\/glossaire\/\",\"url\":\"https:\/\/apollo-fo.com\/am\/glossaire\/\",\"name\":\"GLOSSAIRE - Apollo Asset Management Software\",\"isPartOf\":{\"@id\":\"https:\/\/apollo-fo.com\/am\/fr\/#website\"},\"primaryImageOfPage\":{\"@id\":\"https:\/\/apollo-fo.com\/am\/glossaire\/#primaryimage\"},\"image\":{\"@id\":\"https:\/\/apollo-fo.com\/am\/glossaire\/#primaryimage\"},\"thumbnailUrl\":\"https:\/\/i0.wp.com\/apollo-fo.com\/am\/wp-content\/uploads\/2020\/07\/1.png?fit=1400%2C425&ssl=1\",\"datePublished\":\"2020-07-29T09:43:40+00:00\",\"dateModified\":\"2020-08-04T12:48:33+00:00\",\"description\":\"Veuillez trouver notre glossaire sur cette page. Le but est rassembler plusieurs d\u00e9finitions de termes afin de faciliter la lecture de notre site.\",\"breadcrumb\":{\"@id\":\"https:\/\/apollo-fo.com\/am\/glossaire\/#breadcrumb\"},\"inLanguage\":\"fr-FR\",\"potentialAction\":[{\"@type\":\"ReadAction\",\"target\":[\"https:\/\/apollo-fo.com\/am\/glossaire\/\"]}]},{\"@type\":\"ImageObject\",\"inLanguage\":\"fr-FR\",\"@id\":\"https:\/\/apollo-fo.com\/am\/glossaire\/#primaryimage\",\"url\":\"https:\/\/i0.wp.com\/apollo-fo.com\/am\/wp-content\/uploads\/2020\/07\/1.png?fit=1400%2C425&ssl=1\",\"contentUrl\":\"https:\/\/i0.wp.com\/apollo-fo.com\/am\/wp-content\/uploads\/2020\/07\/1.png?fit=1400%2C425&ssl=1\",\"width\":1400,\"height\":425},{\"@type\":\"BreadcrumbList\",\"@id\":\"https:\/\/apollo-fo.com\/am\/glossaire\/#breadcrumb\",\"itemListElement\":[{\"@type\":\"ListItem\",\"position\":1,\"name\":\"Home\",\"item\":\"https:\/\/apollo-fo.com\/am\/\"},{\"@type\":\"ListItem\",\"position\":2,\"name\":\"GLOSSAIRE\"}]},{\"@type\":\"WebSite\",\"@id\":\"https:\/\/apollo-fo.com\/am\/fr\/#website\",\"url\":\"https:\/\/apollo-fo.com\/am\/fr\/\",\"name\":\"Apollo Asset Management Software\",\"description\":\"\",\"publisher\":{\"@id\":\"https:\/\/apollo-fo.com\/am\/fr\/#organization\"},\"potentialAction\":[{\"@type\":\"SearchAction\",\"target\":{\"@type\":\"EntryPoint\",\"urlTemplate\":\"https:\/\/apollo-fo.com\/am\/fr\/?s={search_term_string}\"},\"query-input\":\"required name=search_term_string\"}],\"inLanguage\":\"fr-FR\"},{\"@type\":\"Organization\",\"@id\":\"https:\/\/apollo-fo.com\/am\/fr\/#organization\",\"name\":\"Apollo Asset Management\",\"url\":\"https:\/\/apollo-fo.com\/am\/fr\/\",\"logo\":{\"@type\":\"ImageObject\",\"inLanguage\":\"fr-FR\",\"@id\":\"https:\/\/apollo-fo.com\/am\/fr\/#\/schema\/logo\/image\/\",\"url\":\"https:\/\/i0.wp.com\/apollo-fo.com\/am\/wp-content\/uploads\/2020\/09\/APOLLO-ASSET-MANAGEMENT-LOGO.png?fit=500%2C500&ssl=1\",\"contentUrl\":\"https:\/\/i0.wp.com\/apollo-fo.com\/am\/wp-content\/uploads\/2020\/09\/APOLLO-ASSET-MANAGEMENT-LOGO.png?fit=500%2C500&ssl=1\",\"width\":500,\"height\":500,\"caption\":\"Apollo Asset Management\"},\"image\":{\"@id\":\"https:\/\/apollo-fo.com\/am\/fr\/#\/schema\/logo\/image\/\"},\"sameAs\":[\"https:\/\/www.facebook.com\/ApolloAssetManagement\",\"https:\/\/www.instagram.com\/apolloassetmanagement\/?hl=fr\",\"https:\/\/fr.linkedin.com\/company\/apollo-asset-management\",\"https:\/\/www.youtube.com\/channel\/UCQme_lUvDNcpPcJ3VhSPojA\"]}]}<\/script>\n<!-- \/ Yoast SEO plugin. -->","yoast_head_json":{"title":"GLOSSAIRE - Apollo Asset Management Software","description":"Veuillez trouver notre glossaire sur cette page. Le but est rassembler plusieurs d\u00e9finitions de termes afin de faciliter la lecture de notre site.","robots":{"index":"index","follow":"follow","max-snippet":"max-snippet:-1","max-image-preview":"max-image-preview:large","max-video-preview":"max-video-preview:-1"},"canonical":"https:\/\/apollo-fo.com\/am\/fr\/glossaire\/","og_locale":"fr_FR","og_type":"article","og_title":"GLOSSAIRE - Apollo Asset Management Software","og_description":"Veuillez trouver notre glossaire sur cette page. Le but est rassembler plusieurs d\u00e9finitions de termes afin de faciliter la lecture de notre site.","og_url":"https:\/\/apollo-fo.com\/am\/fr\/glossaire\/","og_site_name":"Apollo Asset Management Software","article_publisher":"https:\/\/www.facebook.com\/ApolloAssetManagement","article_modified_time":"2020-08-04T12:48:33+00:00","og_image":[{"width":1400,"height":425,"url":"https:\/\/apollo-fo.com\/am\/wp-content\/uploads\/2020\/07\/1.png","type":"image\/png"}],"twitter_card":"summary_large_image","twitter_misc":{"Dur\u00e9e de lecture estim\u00e9e":"3 minutes"},"schema":{"@context":"https:\/\/schema.org","@graph":[{"@type":"WebPage","@id":"https:\/\/apollo-fo.com\/am\/glossaire\/","url":"https:\/\/apollo-fo.com\/am\/glossaire\/","name":"GLOSSAIRE - Apollo Asset Management Software","isPartOf":{"@id":"https:\/\/apollo-fo.com\/am\/fr\/#website"},"primaryImageOfPage":{"@id":"https:\/\/apollo-fo.com\/am\/glossaire\/#primaryimage"},"image":{"@id":"https:\/\/apollo-fo.com\/am\/glossaire\/#primaryimage"},"thumbnailUrl":"https:\/\/i0.wp.com\/apollo-fo.com\/am\/wp-content\/uploads\/2020\/07\/1.png?fit=1400%2C425&ssl=1","datePublished":"2020-07-29T09:43:40+00:00","dateModified":"2020-08-04T12:48:33+00:00","description":"Veuillez trouver notre glossaire sur cette page. Le but est rassembler plusieurs d\u00e9finitions de termes afin de faciliter la lecture de notre site.","breadcrumb":{"@id":"https:\/\/apollo-fo.com\/am\/glossaire\/#breadcrumb"},"inLanguage":"fr-FR","potentialAction":[{"@type":"ReadAction","target":["https:\/\/apollo-fo.com\/am\/glossaire\/"]}]},{"@type":"ImageObject","inLanguage":"fr-FR","@id":"https:\/\/apollo-fo.com\/am\/glossaire\/#primaryimage","url":"https:\/\/i0.wp.com\/apollo-fo.com\/am\/wp-content\/uploads\/2020\/07\/1.png?fit=1400%2C425&ssl=1","contentUrl":"https:\/\/i0.wp.com\/apollo-fo.com\/am\/wp-content\/uploads\/2020\/07\/1.png?fit=1400%2C425&ssl=1","width":1400,"height":425},{"@type":"BreadcrumbList","@id":"https:\/\/apollo-fo.com\/am\/glossaire\/#breadcrumb","itemListElement":[{"@type":"ListItem","position":1,"name":"Home","item":"https:\/\/apollo-fo.com\/am\/"},{"@type":"ListItem","position":2,"name":"GLOSSAIRE"}]},{"@type":"WebSite","@id":"https:\/\/apollo-fo.com\/am\/fr\/#website","url":"https:\/\/apollo-fo.com\/am\/fr\/","name":"Apollo Asset Management Software","description":"","publisher":{"@id":"https:\/\/apollo-fo.com\/am\/fr\/#organization"},"potentialAction":[{"@type":"SearchAction","target":{"@type":"EntryPoint","urlTemplate":"https:\/\/apollo-fo.com\/am\/fr\/?s={search_term_string}"},"query-input":"required name=search_term_string"}],"inLanguage":"fr-FR"},{"@type":"Organization","@id":"https:\/\/apollo-fo.com\/am\/fr\/#organization","name":"Apollo Asset Management","url":"https:\/\/apollo-fo.com\/am\/fr\/","logo":{"@type":"ImageObject","inLanguage":"fr-FR","@id":"https:\/\/apollo-fo.com\/am\/fr\/#\/schema\/logo\/image\/","url":"https:\/\/i0.wp.com\/apollo-fo.com\/am\/wp-content\/uploads\/2020\/09\/APOLLO-ASSET-MANAGEMENT-LOGO.png?fit=500%2C500&ssl=1","contentUrl":"https:\/\/i0.wp.com\/apollo-fo.com\/am\/wp-content\/uploads\/2020\/09\/APOLLO-ASSET-MANAGEMENT-LOGO.png?fit=500%2C500&ssl=1","width":500,"height":500,"caption":"Apollo Asset Management"},"image":{"@id":"https:\/\/apollo-fo.com\/am\/fr\/#\/schema\/logo\/image\/"},"sameAs":["https:\/\/www.facebook.com\/ApolloAssetManagement","https:\/\/www.instagram.com\/apolloassetmanagement\/?hl=fr","https:\/\/fr.linkedin.com\/company\/apollo-asset-management","https:\/\/www.youtube.com\/channel\/UCQme_lUvDNcpPcJ3VhSPojA"]}]}},"jetpack_sharing_enabled":true,"_links":{"self":[{"href":"https:\/\/apollo-fo.com\/am\/fr\/wp-json\/wp\/v2\/pages\/609","targetHints":{"allow":["GET"]}}],"collection":[{"href":"https:\/\/apollo-fo.com\/am\/fr\/wp-json\/wp\/v2\/pages"}],"about":[{"href":"https:\/\/apollo-fo.com\/am\/fr\/wp-json\/wp\/v2\/types\/page"}],"author":[{"embeddable":true,"href":"https:\/\/apollo-fo.com\/am\/fr\/wp-json\/wp\/v2\/users\/3"}],"replies":[{"embeddable":true,"href":"https:\/\/apollo-fo.com\/am\/fr\/wp-json\/wp\/v2\/comments?post=609"}],"version-history":[{"count":4,"href":"https:\/\/apollo-fo.com\/am\/fr\/wp-json\/wp\/v2\/pages\/609\/revisions"}],"predecessor-version":[{"id":720,"href":"https:\/\/apollo-fo.com\/am\/fr\/wp-json\/wp\/v2\/pages\/609\/revisions\/720"}],"wp:featuredmedia":[{"embeddable":true,"href":"https:\/\/apollo-fo.com\/am\/fr\/wp-json\/wp\/v2\/media\/620"}],"wp:attachment":[{"href":"https:\/\/apollo-fo.com\/am\/fr\/wp-json\/wp\/v2\/media?parent=609"}],"curies":[{"name":"wp","href":"https:\/\/api.w.org\/{rel}","templated":true}]}}