{"id":176,"date":"2020-07-17T12:19:53","date_gmt":"2020-07-17T12:19:53","guid":{"rendered":"https:\/\/apollo-fo.com\/assetmanagement\/?page_id=176"},"modified":"2020-07-30T16:21:23","modified_gmt":"2020-07-30T16:21:23","slug":"edc","status":"publish","type":"page","link":"https:\/\/apollo-fo.com\/am\/fr\/edc\/","title":{"rendered":"\u00c9tudes de cas"},"content":{"rendered":"\n<p class=\"has-drop-cap has-normal-font-size\">Quand nous disons que notre produit Apollo est \u00ab efficace et pr\u00e9cis \u00bb, ce n&rsquo;est pas seulement nous, ce sont aussi nos clients.\u00a0Tous nos clients ont obtenu des r\u00e9sultats prometteurs en utilisant Apollo.\u00a0En plus d&rsquo;avoir le meilleur logiciel de gestion d&rsquo;actifs, nous fournissons \u00e9galement une excellente satisfaction aux utilisateurs.\u00a0Voici quelques t\u00e9moignages de nos clients qui utilisent Apollo chaque jour.<\/p>\n\n\n\n<p>Pour des \u00e9tudes de cas plus pr\u00e9cises, cliquez sur les liens :\u00a0<\/p>\n\n\n\n<p>la <strong><a href=\"https:\/\/apollo-fo.com\/am\/edc-fim\/\">gestion institutionnelle<\/a>&nbsp;<\/strong>ou la <a href=\"https:\/\/apollo-fo.com\/am\/edc-pwm\/\"><strong>gestion sous mandat<\/strong><\/a>.<\/p>\n\n\n\n<p>D\u00e9couvrez comment certaines des plus grandes entreprises du monde de l&rsquo;Asset Management utilisent le logiciel de gestion d&rsquo;actifs Apollo pour r\u00e9pondre \u00e0 leurs besoins en mati\u00e8re de gestion de portefeuilles et de gestion d&rsquo;actifs.<\/p>\n","protected":false},"excerpt":{"rendered":"<p>Quand nous disons que notre produit Apollo est \u00ab efficace et pr\u00e9cis \u00bb, ce n&rsquo;est pas seulement nous, ce sont aussi nos clients.\u00a0Tous nos clients ont obtenu des r\u00e9sultats prometteurs en utilisant Apollo.\u00a0En plus d&rsquo;avoir le meilleur logiciel de gestion d&rsquo;actifs, nous fournissons \u00e9galement une excellente satisfaction aux utilisateurs.\u00a0Voici quelques t\u00e9moignages de nos clients qui [&hellip;]<\/p>\n","protected":false},"author":1,"featured_media":384,"parent":0,"menu_order":0,"comment_status":"closed","ping_status":"closed","template":"","meta":{"om_disable_all_campaigns":false,"_monsterinsights_skip_tracking":false,"_monsterinsights_sitenote_active":false,"_monsterinsights_sitenote_note":"","_monsterinsights_sitenote_category":0,"footnotes":""},"class_list":["post-176","page","type-page","status-publish","has-post-thumbnail","hentry"],"yoast_head":"<!-- This site is optimized with the Yoast SEO plugin v22.7 - https:\/\/yoast.com\/wordpress\/plugins\/seo\/ -->\n<title>\u00c9tudes de cas - Apollo Asset Management Software<\/title>\n<meta name=\"robots\" content=\"index, follow, max-snippet:-1, max-image-preview:large, max-video-preview:-1\" \/>\n<link rel=\"canonical\" href=\"https:\/\/apollo-fo.com\/am\/fr\/edc\/\" \/>\n<meta property=\"og:locale\" content=\"fr_FR\" \/>\n<meta property=\"og:type\" content=\"article\" \/>\n<meta property=\"og:title\" content=\"\u00c9tudes de cas - Apollo Asset Management Software\" \/>\n<meta property=\"og:description\" content=\"Quand nous disons que notre produit Apollo est \u00ab efficace et pr\u00e9cis \u00bb, ce n&rsquo;est pas seulement nous, ce sont aussi nos clients.\u00a0Tous nos clients ont obtenu des r\u00e9sultats prometteurs en utilisant Apollo.\u00a0En plus d&rsquo;avoir le meilleur logiciel de gestion d&rsquo;actifs, nous fournissons \u00e9galement une excellente satisfaction aux utilisateurs.\u00a0Voici quelques t\u00e9moignages de nos clients qui [&hellip;]\" \/>\n<meta property=\"og:url\" content=\"https:\/\/apollo-fo.com\/am\/fr\/edc\/\" \/>\n<meta property=\"og:site_name\" content=\"Apollo Asset Management Software\" \/>\n<meta property=\"article:publisher\" content=\"https:\/\/www.facebook.com\/ApolloAssetManagement\" \/>\n<meta property=\"article:modified_time\" content=\"2020-07-30T16:21:23+00:00\" \/>\n<meta property=\"og:image\" content=\"https:\/\/apollo-fo.com\/am\/wp-content\/uploads\/2020\/07\/APOLLO-ASSET-MANAGEMENT-CASE-STUDIES.jpg\" \/>\n\t<meta property=\"og:image:width\" content=\"1200\" \/>\n\t<meta property=\"og:image:height\" content=\"675\" \/>\n\t<meta property=\"og:image:type\" content=\"image\/jpeg\" \/>\n<meta name=\"twitter:card\" content=\"summary_large_image\" \/>\n<meta name=\"twitter:label1\" content=\"Dur\u00e9e de lecture estim\u00e9e\" \/>\n\t<meta name=\"twitter:data1\" content=\"1 minute\" \/>\n<script type=\"application\/ld+json\" class=\"yoast-schema-graph\">{\"@context\":\"https:\/\/schema.org\",\"@graph\":[{\"@type\":\"WebPage\",\"@id\":\"https:\/\/apollo-fo.com\/am\/edc\/\",\"url\":\"https:\/\/apollo-fo.com\/am\/edc\/\",\"name\":\"\u00c9tudes de cas - Apollo Asset Management Software\",\"isPartOf\":{\"@id\":\"https:\/\/apollo-fo.com\/am\/fr\/#website\"},\"primaryImageOfPage\":{\"@id\":\"https:\/\/apollo-fo.com\/am\/edc\/#primaryimage\"},\"image\":{\"@id\":\"https:\/\/apollo-fo.com\/am\/edc\/#primaryimage\"},\"thumbnailUrl\":\"https:\/\/i0.wp.com\/apollo-fo.com\/am\/wp-content\/uploads\/2020\/07\/APOLLO-ASSET-MANAGEMENT-CASE-STUDIES.jpg?fit=1200%2C675&ssl=1\",\"datePublished\":\"2020-07-17T12:19:53+00:00\",\"dateModified\":\"2020-07-30T16:21:23+00:00\",\"breadcrumb\":{\"@id\":\"https:\/\/apollo-fo.com\/am\/edc\/#breadcrumb\"},\"inLanguage\":\"fr-FR\",\"potentialAction\":[{\"@type\":\"ReadAction\",\"target\":[\"https:\/\/apollo-fo.com\/am\/edc\/\"]}]},{\"@type\":\"ImageObject\",\"inLanguage\":\"fr-FR\",\"@id\":\"https:\/\/apollo-fo.com\/am\/edc\/#primaryimage\",\"url\":\"https:\/\/i0.wp.com\/apollo-fo.com\/am\/wp-content\/uploads\/2020\/07\/APOLLO-ASSET-MANAGEMENT-CASE-STUDIES.jpg?fit=1200%2C675&ssl=1\",\"contentUrl\":\"https:\/\/i0.wp.com\/apollo-fo.com\/am\/wp-content\/uploads\/2020\/07\/APOLLO-ASSET-MANAGEMENT-CASE-STUDIES.jpg?fit=1200%2C675&ssl=1\",\"width\":1200,\"height\":675,\"caption\":\"ASSET MANAGEMENT ETUDES DE CAS\"},{\"@type\":\"BreadcrumbList\",\"@id\":\"https:\/\/apollo-fo.com\/am\/edc\/#breadcrumb\",\"itemListElement\":[{\"@type\":\"ListItem\",\"position\":1,\"name\":\"Home\",\"item\":\"https:\/\/apollo-fo.com\/am\/\"},{\"@type\":\"ListItem\",\"position\":2,\"name\":\"\u00c9tudes de cas\"}]},{\"@type\":\"WebSite\",\"@id\":\"https:\/\/apollo-fo.com\/am\/fr\/#website\",\"url\":\"https:\/\/apollo-fo.com\/am\/fr\/\",\"name\":\"Apollo Asset Management Software\",\"description\":\"\",\"publisher\":{\"@id\":\"https:\/\/apollo-fo.com\/am\/fr\/#organization\"},\"potentialAction\":[{\"@type\":\"SearchAction\",\"target\":{\"@type\":\"EntryPoint\",\"urlTemplate\":\"https:\/\/apollo-fo.com\/am\/fr\/?s={search_term_string}\"},\"query-input\":\"required name=search_term_string\"}],\"inLanguage\":\"fr-FR\"},{\"@type\":\"Organization\",\"@id\":\"https:\/\/apollo-fo.com\/am\/fr\/#organization\",\"name\":\"Apollo Asset Management\",\"url\":\"https:\/\/apollo-fo.com\/am\/fr\/\",\"logo\":{\"@type\":\"ImageObject\",\"inLanguage\":\"fr-FR\",\"@id\":\"https:\/\/apollo-fo.com\/am\/fr\/#\/schema\/logo\/image\/\",\"url\":\"https:\/\/i0.wp.com\/apollo-fo.com\/am\/wp-content\/uploads\/2020\/09\/APOLLO-ASSET-MANAGEMENT-LOGO.png?fit=500%2C500&ssl=1\",\"contentUrl\":\"https:\/\/i0.wp.com\/apollo-fo.com\/am\/wp-content\/uploads\/2020\/09\/APOLLO-ASSET-MANAGEMENT-LOGO.png?fit=500%2C500&ssl=1\",\"width\":500,\"height\":500,\"caption\":\"Apollo Asset Management\"},\"image\":{\"@id\":\"https:\/\/apollo-fo.com\/am\/fr\/#\/schema\/logo\/image\/\"},\"sameAs\":[\"https:\/\/www.facebook.com\/ApolloAssetManagement\",\"https:\/\/www.instagram.com\/apolloassetmanagement\/?hl=fr\",\"https:\/\/fr.linkedin.com\/company\/apollo-asset-management\",\"https:\/\/www.youtube.com\/channel\/UCQme_lUvDNcpPcJ3VhSPojA\"]}]}<\/script>\n<!-- \/ Yoast SEO plugin. -->","yoast_head_json":{"title":"\u00c9tudes de cas - Apollo Asset Management Software","robots":{"index":"index","follow":"follow","max-snippet":"max-snippet:-1","max-image-preview":"max-image-preview:large","max-video-preview":"max-video-preview:-1"},"canonical":"https:\/\/apollo-fo.com\/am\/fr\/edc\/","og_locale":"fr_FR","og_type":"article","og_title":"\u00c9tudes de cas - Apollo Asset Management Software","og_description":"Quand nous disons que notre produit Apollo est \u00ab efficace et pr\u00e9cis \u00bb, ce n&rsquo;est pas seulement nous, ce sont aussi nos clients.\u00a0Tous nos clients ont obtenu des r\u00e9sultats prometteurs en utilisant Apollo.\u00a0En plus d&rsquo;avoir le meilleur logiciel de gestion d&rsquo;actifs, nous fournissons \u00e9galement une excellente satisfaction aux utilisateurs.\u00a0Voici quelques t\u00e9moignages de nos clients qui [&hellip;]","og_url":"https:\/\/apollo-fo.com\/am\/fr\/edc\/","og_site_name":"Apollo Asset Management Software","article_publisher":"https:\/\/www.facebook.com\/ApolloAssetManagement","article_modified_time":"2020-07-30T16:21:23+00:00","og_image":[{"width":1200,"height":675,"url":"https:\/\/apollo-fo.com\/am\/wp-content\/uploads\/2020\/07\/APOLLO-ASSET-MANAGEMENT-CASE-STUDIES.jpg","type":"image\/jpeg"}],"twitter_card":"summary_large_image","twitter_misc":{"Dur\u00e9e de lecture estim\u00e9e":"1 minute"},"schema":{"@context":"https:\/\/schema.org","@graph":[{"@type":"WebPage","@id":"https:\/\/apollo-fo.com\/am\/edc\/","url":"https:\/\/apollo-fo.com\/am\/edc\/","name":"\u00c9tudes de cas - Apollo Asset Management Software","isPartOf":{"@id":"https:\/\/apollo-fo.com\/am\/fr\/#website"},"primaryImageOfPage":{"@id":"https:\/\/apollo-fo.com\/am\/edc\/#primaryimage"},"image":{"@id":"https:\/\/apollo-fo.com\/am\/edc\/#primaryimage"},"thumbnailUrl":"https:\/\/i0.wp.com\/apollo-fo.com\/am\/wp-content\/uploads\/2020\/07\/APOLLO-ASSET-MANAGEMENT-CASE-STUDIES.jpg?fit=1200%2C675&ssl=1","datePublished":"2020-07-17T12:19:53+00:00","dateModified":"2020-07-30T16:21:23+00:00","breadcrumb":{"@id":"https:\/\/apollo-fo.com\/am\/edc\/#breadcrumb"},"inLanguage":"fr-FR","potentialAction":[{"@type":"ReadAction","target":["https:\/\/apollo-fo.com\/am\/edc\/"]}]},{"@type":"ImageObject","inLanguage":"fr-FR","@id":"https:\/\/apollo-fo.com\/am\/edc\/#primaryimage","url":"https:\/\/i0.wp.com\/apollo-fo.com\/am\/wp-content\/uploads\/2020\/07\/APOLLO-ASSET-MANAGEMENT-CASE-STUDIES.jpg?fit=1200%2C675&ssl=1","contentUrl":"https:\/\/i0.wp.com\/apollo-fo.com\/am\/wp-content\/uploads\/2020\/07\/APOLLO-ASSET-MANAGEMENT-CASE-STUDIES.jpg?fit=1200%2C675&ssl=1","width":1200,"height":675,"caption":"ASSET MANAGEMENT ETUDES DE CAS"},{"@type":"BreadcrumbList","@id":"https:\/\/apollo-fo.com\/am\/edc\/#breadcrumb","itemListElement":[{"@type":"ListItem","position":1,"name":"Home","item":"https:\/\/apollo-fo.com\/am\/"},{"@type":"ListItem","position":2,"name":"\u00c9tudes de cas"}]},{"@type":"WebSite","@id":"https:\/\/apollo-fo.com\/am\/fr\/#website","url":"https:\/\/apollo-fo.com\/am\/fr\/","name":"Apollo Asset Management Software","description":"","publisher":{"@id":"https:\/\/apollo-fo.com\/am\/fr\/#organization"},"potentialAction":[{"@type":"SearchAction","target":{"@type":"EntryPoint","urlTemplate":"https:\/\/apollo-fo.com\/am\/fr\/?s={search_term_string}"},"query-input":"required name=search_term_string"}],"inLanguage":"fr-FR"},{"@type":"Organization","@id":"https:\/\/apollo-fo.com\/am\/fr\/#organization","name":"Apollo Asset Management","url":"https:\/\/apollo-fo.com\/am\/fr\/","logo":{"@type":"ImageObject","inLanguage":"fr-FR","@id":"https:\/\/apollo-fo.com\/am\/fr\/#\/schema\/logo\/image\/","url":"https:\/\/i0.wp.com\/apollo-fo.com\/am\/wp-content\/uploads\/2020\/09\/APOLLO-ASSET-MANAGEMENT-LOGO.png?fit=500%2C500&ssl=1","contentUrl":"https:\/\/i0.wp.com\/apollo-fo.com\/am\/wp-content\/uploads\/2020\/09\/APOLLO-ASSET-MANAGEMENT-LOGO.png?fit=500%2C500&ssl=1","width":500,"height":500,"caption":"Apollo Asset Management"},"image":{"@id":"https:\/\/apollo-fo.com\/am\/fr\/#\/schema\/logo\/image\/"},"sameAs":["https:\/\/www.facebook.com\/ApolloAssetManagement","https:\/\/www.instagram.com\/apolloassetmanagement\/?hl=fr","https:\/\/fr.linkedin.com\/company\/apollo-asset-management","https:\/\/www.youtube.com\/channel\/UCQme_lUvDNcpPcJ3VhSPojA"]}]}},"jetpack_sharing_enabled":true,"_links":{"self":[{"href":"https:\/\/apollo-fo.com\/am\/fr\/wp-json\/wp\/v2\/pages\/176","targetHints":{"allow":["GET"]}}],"collection":[{"href":"https:\/\/apollo-fo.com\/am\/fr\/wp-json\/wp\/v2\/pages"}],"about":[{"href":"https:\/\/apollo-fo.com\/am\/fr\/wp-json\/wp\/v2\/types\/page"}],"author":[{"embeddable":true,"href":"https:\/\/apollo-fo.com\/am\/fr\/wp-json\/wp\/v2\/users\/1"}],"replies":[{"embeddable":true,"href":"https:\/\/apollo-fo.com\/am\/fr\/wp-json\/wp\/v2\/comments?post=176"}],"version-history":[{"count":5,"href":"https:\/\/apollo-fo.com\/am\/fr\/wp-json\/wp\/v2\/pages\/176\/revisions"}],"predecessor-version":[{"id":650,"href":"https:\/\/apollo-fo.com\/am\/fr\/wp-json\/wp\/v2\/pages\/176\/revisions\/650"}],"wp:featuredmedia":[{"embeddable":true,"href":"https:\/\/apollo-fo.com\/am\/fr\/wp-json\/wp\/v2\/media\/384"}],"wp:attachment":[{"href":"https:\/\/apollo-fo.com\/am\/fr\/wp-json\/wp\/v2\/media?parent=176"}],"curies":[{"name":"wp","href":"https:\/\/api.w.org\/{rel}","templated":true}]}}