{"id":173,"date":"2020-07-17T12:19:12","date_gmt":"2020-07-17T12:19:12","guid":{"rendered":"https:\/\/apollo-fo.com\/assetmanagement\/?page_id=173"},"modified":"2023-06-16T14:29:02","modified_gmt":"2023-06-16T14:29:02","slug":"plaquettes","status":"publish","type":"page","link":"https:\/\/apollo-fo.com\/am\/fr\/plaquettes\/","title":{"rendered":"Brochures"},"content":{"rendered":"\n<p><strong>En consultant nos brochures, vous pouvez trouver plus de d\u00e9tails&nbsp; sur la conception et les points technologiques de nos produits.<\/strong><\/p>\n\n\n\n<p>Veuillez trouver directement nos plaquettes sur nos produits <a href=\"https:\/\/apollo-fo.com\/am\/plaquettes-fim\/\"><strong>Apollo For Institutional Management<\/strong><\/a> et<strong> <a href=\"https:\/\/apollo-fo.com\/am\/plaquettes-pwm\/\">Apollo Private Wealth Management<\/a><\/strong>. <\/p>\n\n\n\n<div class=\"wp-block-media-text alignwide is-stacked-on-mobile\"><figure class=\"wp-block-media-text__media\"><a href=\"https:\/\/apollo-fo.com\/am\/formulaire-de-telechargement-des-plaquettes-pwm\/\"><img fetchpriority=\"high\" decoding=\"async\" width=\"725\" height=\"1024\" src=\"https:\/\/i0.wp.com\/apollo-fo.com\/am\/wp-content\/uploads\/2023\/06\/Apollo-SAAS-Brochure.jpg?resize=725%2C1024&#038;ssl=1\" alt=\"\" class=\"wp-image-3496 size-full\" srcset=\"https:\/\/i0.wp.com\/apollo-fo.com\/am\/wp-content\/uploads\/2023\/06\/Apollo-SAAS-Brochure.jpg?resize=725%2C1024&amp;ssl=1 725w, https:\/\/i0.wp.com\/apollo-fo.com\/am\/wp-content\/uploads\/2023\/06\/Apollo-SAAS-Brochure.jpg?resize=212%2C300&amp;ssl=1 212w, https:\/\/i0.wp.com\/apollo-fo.com\/am\/wp-content\/uploads\/2023\/06\/Apollo-SAAS-Brochure.jpg?resize=768%2C1085&amp;ssl=1 768w, https:\/\/i0.wp.com\/apollo-fo.com\/am\/wp-content\/uploads\/2023\/06\/Apollo-SAAS-Brochure.jpg?resize=1087%2C1536&amp;ssl=1 1087w, https:\/\/i0.wp.com\/apollo-fo.com\/am\/wp-content\/uploads\/2023\/06\/Apollo-SAAS-Brochure.jpg?resize=8%2C12&amp;ssl=1 8w, https:\/\/i0.wp.com\/apollo-fo.com\/am\/wp-content\/uploads\/2023\/06\/Apollo-SAAS-Brochure.jpg?resize=17%2C24&amp;ssl=1 17w, https:\/\/i0.wp.com\/apollo-fo.com\/am\/wp-content\/uploads\/2023\/06\/Apollo-SAAS-Brochure.jpg?resize=25%2C36&amp;ssl=1 25w, https:\/\/i0.wp.com\/apollo-fo.com\/am\/wp-content\/uploads\/2023\/06\/Apollo-SAAS-Brochure.jpg?resize=34%2C48&amp;ssl=1 34w, https:\/\/i0.wp.com\/apollo-fo.com\/am\/wp-content\/uploads\/2023\/06\/Apollo-SAAS-Brochure.jpg?w=1241&amp;ssl=1 1241w\" sizes=\"(max-width: 725px) 100vw, 725px\" data-recalc-dims=\"1\" \/><\/a><\/figure><div class=\"wp-block-media-text__content\">\n<p class=\"has-medium-font-size\">Tout ce que vous devez savoir sur Apollo PWM SAAS<\/p>\n\n\n\n<p>T\u00e9l\u00e9chargez Directement Ici<\/p>\n\n\n\n<p><a href=\"https:\/\/apollo-fo.com\/am\/plaquettes\/apollo-saas-brochures\/formulaire-de-telechargement-des-plaquettes-apollo-saas-2\" target=\"_blank\" rel=\"noreferrer noopener\">En Fran\u00e7ais<\/a><\/p>\n\n\n\n<p><\/p>\n<\/div><\/div>\n\n\n\n<div class=\"wp-block-media-text alignwide is-stacked-on-mobile\"><figure class=\"wp-block-media-text__media\"><a href=\"https:\/\/apollo-fo.com\/am\/formulaire-de-telechargement-des-plaquettes-pwm\/\"><img decoding=\"async\" src=\"https:\/\/i0.wp.com\/apollo-fo.com\/am\/wp-content\/uploads\/2020\/07\/APOLLO-PWM-BROCHURE.jpg?w=1170&#038;ssl=1\" alt=\"\" class=\"wp-image-672 size-full\" data-recalc-dims=\"1\"\/><\/a><\/figure><div class=\"wp-block-media-text__content\">\n<p class=\"has-medium-font-size\">Tout ce que vous devez savoir sur Apollo PWM<\/p>\n\n\n\n<p>T\u00e9l\u00e9chargez Directement Ici<\/p>\n\n\n\n<p><a href=\"https:\/\/apollo-fo.com\/am\/formulaire-de-telechargement-des-plaquettes-pwm\/\">En Francais<\/a><\/p>\n\n\n\n<p><a href=\"https:\/\/apollo-fo.com\/am\/pwm-brochure-download-form\/\">En Anglais<\/a><\/p>\n<\/div><\/div>\n\n\n\n<div class=\"wp-block-media-text alignwide has-media-on-the-right is-stacked-on-mobile is-vertically-aligned-center\"><figure class=\"wp-block-media-text__media\"><a href=\"https:\/\/apollo-fo.com\/am\/formulaire-de-telechargement-des-plaquettes\/\"><img decoding=\"async\" width=\"736\" height=\"1024\" src=\"https:\/\/i0.wp.com\/apollo-fo.com\/am\/wp-content\/uploads\/2020\/07\/Atos-4pp-Factsheet-page-001.jpg?resize=736%2C1024&#038;ssl=1\" alt=\"\" class=\"wp-image-640\" srcset=\"https:\/\/i0.wp.com\/apollo-fo.com\/am\/wp-content\/uploads\/2020\/07\/Atos-4pp-Factsheet-page-001.jpg?resize=736%2C1024&amp;ssl=1 736w, https:\/\/i0.wp.com\/apollo-fo.com\/am\/wp-content\/uploads\/2020\/07\/Atos-4pp-Factsheet-page-001.jpg?resize=216%2C300&amp;ssl=1 216w, https:\/\/i0.wp.com\/apollo-fo.com\/am\/wp-content\/uploads\/2020\/07\/Atos-4pp-Factsheet-page-001.jpg?resize=768%2C1068&amp;ssl=1 768w, https:\/\/i0.wp.com\/apollo-fo.com\/am\/wp-content\/uploads\/2020\/07\/Atos-4pp-Factsheet-page-001.jpg?resize=1104%2C1536&amp;ssl=1 1104w, https:\/\/i0.wp.com\/apollo-fo.com\/am\/wp-content\/uploads\/2020\/07\/Atos-4pp-Factsheet-page-001.jpg?resize=700%2C974&amp;ssl=1 700w, https:\/\/i0.wp.com\/apollo-fo.com\/am\/wp-content\/uploads\/2020\/07\/Atos-4pp-Factsheet-page-001.jpg?resize=288%2C400&amp;ssl=1 288w, https:\/\/i0.wp.com\/apollo-fo.com\/am\/wp-content\/uploads\/2020\/07\/Atos-4pp-Factsheet-page-001.jpg?resize=17%2C24&amp;ssl=1 17w, https:\/\/i0.wp.com\/apollo-fo.com\/am\/wp-content\/uploads\/2020\/07\/Atos-4pp-Factsheet-page-001.jpg?resize=26%2C36&amp;ssl=1 26w, https:\/\/i0.wp.com\/apollo-fo.com\/am\/wp-content\/uploads\/2020\/07\/Atos-4pp-Factsheet-page-001.jpg?resize=35%2C48&amp;ssl=1 35w, https:\/\/i0.wp.com\/apollo-fo.com\/am\/wp-content\/uploads\/2020\/07\/Atos-4pp-Factsheet-page-001.jpg?w=1314&amp;ssl=1 1314w\" sizes=\"(max-width: 736px) 100vw, 736px\" data-recalc-dims=\"1\" \/><\/a><\/figure><div class=\"wp-block-media-text__content\">\n\n<p class=\"has-medium-font-size\">Tout ce que vous devez savoir sur Apollo FIM<\/p>\n\n\n<p>T\u00e9l\u00e9chargez Directement Ici<\/p>\n\n\n<p class=\"has-text-align-justify\"><a href=\"https:\/\/apollo-fo.com\/am\/formulaire-de-telechargement-des-plaquettes\/\">En Fran\u00e7ais<\/a><\/p>\n\n\n<p><a href=\"https:\/\/apollo-fo.com\/am\/fim-whitepaper-download-form\/\">En Anglais<\/a><\/p>\n\n<\/div><\/div>\n\n\n\n<div class=\"wp-block-media-text alignwide has-media-on-the-right is-stacked-on-mobile is-vertically-aligned-center\"><figure class=\"wp-block-media-text__media\"><a href=\"https:\/\/apollo-fo.com\/am\/formulaire-de-telechargement-des-plaquettes-2\/\"><img decoding=\"async\" width=\"724\" height=\"1024\" src=\"https:\/\/i0.wp.com\/apollo-fo.com\/am\/wp-content\/uploads\/2020\/08\/FR-PLAQUETTE-FIM-Apollo_Ptf_mngt_print-1.png?resize=724%2C1024&#038;ssl=1\" alt=\"\" class=\"wp-image-958\" srcset=\"https:\/\/i0.wp.com\/apollo-fo.com\/am\/wp-content\/uploads\/2020\/08\/FR-PLAQUETTE-FIM-Apollo_Ptf_mngt_print-1.png?resize=724%2C1024&amp;ssl=1 724w, https:\/\/i0.wp.com\/apollo-fo.com\/am\/wp-content\/uploads\/2020\/08\/FR-PLAQUETTE-FIM-Apollo_Ptf_mngt_print-1.png?resize=212%2C300&amp;ssl=1 212w, https:\/\/i0.wp.com\/apollo-fo.com\/am\/wp-content\/uploads\/2020\/08\/FR-PLAQUETTE-FIM-Apollo_Ptf_mngt_print-1.png?resize=768%2C1086&amp;ssl=1 768w, https:\/\/i0.wp.com\/apollo-fo.com\/am\/wp-content\/uploads\/2020\/08\/FR-PLAQUETTE-FIM-Apollo_Ptf_mngt_print-1.png?resize=1086%2C1536&amp;ssl=1 1086w, https:\/\/i0.wp.com\/apollo-fo.com\/am\/wp-content\/uploads\/2020\/08\/FR-PLAQUETTE-FIM-Apollo_Ptf_mngt_print-1.png?resize=700%2C990&amp;ssl=1 700w, https:\/\/i0.wp.com\/apollo-fo.com\/am\/wp-content\/uploads\/2020\/08\/FR-PLAQUETTE-FIM-Apollo_Ptf_mngt_print-1.png?resize=283%2C400&amp;ssl=1 283w, https:\/\/i0.wp.com\/apollo-fo.com\/am\/wp-content\/uploads\/2020\/08\/FR-PLAQUETTE-FIM-Apollo_Ptf_mngt_print-1.png?resize=17%2C24&amp;ssl=1 17w, https:\/\/i0.wp.com\/apollo-fo.com\/am\/wp-content\/uploads\/2020\/08\/FR-PLAQUETTE-FIM-Apollo_Ptf_mngt_print-1.png?resize=25%2C36&amp;ssl=1 25w, https:\/\/i0.wp.com\/apollo-fo.com\/am\/wp-content\/uploads\/2020\/08\/FR-PLAQUETTE-FIM-Apollo_Ptf_mngt_print-1.png?resize=34%2C48&amp;ssl=1 34w, https:\/\/i0.wp.com\/apollo-fo.com\/am\/wp-content\/uploads\/2020\/08\/FR-PLAQUETTE-FIM-Apollo_Ptf_mngt_print-1.png?w=1414&amp;ssl=1 1414w\" sizes=\"(max-width: 724px) 100vw, 724px\" data-recalc-dims=\"1\" \/><\/a><\/figure><div class=\"wp-block-media-text__content\">\n<p class=\"has-medium-font-size\">Brochure Apollo sur Portfolio Management<\/p>\n\n\n\n<p>T\u00e9l\u00e9chargez Directement Ici<\/p>\n\n\n\n<p><a href=\"https:\/\/apollo-fo.com\/am\/formulaire-de-telechargement-des-plaquettes-2\/\">En Fran\u00e7ais<\/a><\/p>\n\n\n\n<p><a href=\"https:\/\/apollo-fo.com\/am\/fim-whitepaper-download-form-2\/\">En Anglais<\/a><\/p>\n<\/div><\/div>\n\n\n\n<div class=\"wp-block-group alignwide\"><div class=\"wp-block-group__inner-container is-layout-flow wp-block-group-is-layout-flow\">\n<div class=\"wp-block-media-text alignwide is-stacked-on-mobile is-vertically-aligned-center\"><figure class=\"wp-block-media-text__media\"><a href=\"https:\/\/apollo-fo.com\/am\/formulaire-de-telechargement-des-plaquettes-3\/\"><img loading=\"lazy\" decoding=\"async\" width=\"724\" height=\"1024\" src=\"https:\/\/i0.wp.com\/apollo-fo.com\/am\/wp-content\/uploads\/2020\/08\/FR-PLAQUETTE-FIM-Apollo-Compliance_print.png?resize=724%2C1024&#038;ssl=1\" alt=\"\" class=\"wp-image-971\" srcset=\"https:\/\/i0.wp.com\/apollo-fo.com\/am\/wp-content\/uploads\/2020\/08\/FR-PLAQUETTE-FIM-Apollo-Compliance_print.png?resize=724%2C1024&amp;ssl=1 724w, https:\/\/i0.wp.com\/apollo-fo.com\/am\/wp-content\/uploads\/2020\/08\/FR-PLAQUETTE-FIM-Apollo-Compliance_print.png?resize=212%2C300&amp;ssl=1 212w, https:\/\/i0.wp.com\/apollo-fo.com\/am\/wp-content\/uploads\/2020\/08\/FR-PLAQUETTE-FIM-Apollo-Compliance_print.png?resize=768%2C1086&amp;ssl=1 768w, https:\/\/i0.wp.com\/apollo-fo.com\/am\/wp-content\/uploads\/2020\/08\/FR-PLAQUETTE-FIM-Apollo-Compliance_print.png?resize=1086%2C1536&amp;ssl=1 1086w, https:\/\/i0.wp.com\/apollo-fo.com\/am\/wp-content\/uploads\/2020\/08\/FR-PLAQUETTE-FIM-Apollo-Compliance_print.png?resize=700%2C990&amp;ssl=1 700w, https:\/\/i0.wp.com\/apollo-fo.com\/am\/wp-content\/uploads\/2020\/08\/FR-PLAQUETTE-FIM-Apollo-Compliance_print.png?resize=283%2C400&amp;ssl=1 283w, https:\/\/i0.wp.com\/apollo-fo.com\/am\/wp-content\/uploads\/2020\/08\/FR-PLAQUETTE-FIM-Apollo-Compliance_print.png?resize=17%2C24&amp;ssl=1 17w, https:\/\/i0.wp.com\/apollo-fo.com\/am\/wp-content\/uploads\/2020\/08\/FR-PLAQUETTE-FIM-Apollo-Compliance_print.png?resize=25%2C36&amp;ssl=1 25w, https:\/\/i0.wp.com\/apollo-fo.com\/am\/wp-content\/uploads\/2020\/08\/FR-PLAQUETTE-FIM-Apollo-Compliance_print.png?resize=34%2C48&amp;ssl=1 34w, https:\/\/i0.wp.com\/apollo-fo.com\/am\/wp-content\/uploads\/2020\/08\/FR-PLAQUETTE-FIM-Apollo-Compliance_print.png?w=1414&amp;ssl=1 1414w\" sizes=\"(max-width: 724px) 100vw, 724px\" data-recalc-dims=\"1\" \/><\/a><\/figure><div class=\"wp-block-media-text__content\">\n<p class=\"has-medium-font-size\">Brochure Apollo sur Compliance<\/p>\n\n\n\n<p>T\u00e9l\u00e9chargez Directement Ici<\/p>\n\n\n\n<p><a href=\"https:\/\/apollo-fo.com\/am\/formulaire-de-telechargement-des-plaquettes-3\/\">En Fran\u00e7ais<\/a><\/p>\n\n\n\n<p><a href=\"https:\/\/apollo-fo.com\/am\/fim-whitepaper-download-form-3\/\">En Anglais<\/a><\/p>\n<\/div><\/div>\n<\/div><\/div>\n\n\n\n<ul class=\"wp-block-social-links aligncenter is-layout-flex wp-block-social-links-is-layout-flex\"><li class=\"wp-social-link wp-social-link-linkedin  wp-block-social-link\"><a href=\"https:\/\/www.linkedin.com\/in\/apollo-une-solution-digitale-4a13701b2\/\" class=\"wp-block-social-link-anchor\"><svg width=\"24\" height=\"24\" viewBox=\"0 0 24 24\" version=\"1.1\" xmlns=\"http:\/\/www.w3.org\/2000\/svg\" aria-hidden=\"true\" focusable=\"false\"><path d=\"M19.7,3H4.3C3.582,3,3,3.582,3,4.3v15.4C3,20.418,3.582,21,4.3,21h15.4c0.718,0,1.3-0.582,1.3-1.3V4.3 C21,3.582,20.418,3,19.7,3z M8.339,18.338H5.667v-8.59h2.672V18.338z M7.004,8.574c-0.857,0-1.549-0.694-1.549-1.548 c0-0.855,0.691-1.548,1.549-1.548c0.854,0,1.547,0.694,1.547,1.548C8.551,7.881,7.858,8.574,7.004,8.574z M18.339,18.338h-2.669 v-4.177c0-0.996-0.017-2.278-1.387-2.278c-1.389,0-1.601,1.086-1.601,2.206v4.249h-2.667v-8.59h2.559v1.174h0.037 c0.356-0.675,1.227-1.387,2.526-1.387c2.703,0,3.203,1.779,3.203,4.092V18.338z\"><\/path><\/svg><span class=\"wp-block-social-link-label screen-reader-text\">LinkedIn<\/span><\/a><\/li>\n\n<li class=\"wp-social-link wp-social-link-youtube  wp-block-social-link\"><a href=\"https:\/\/www.youtube.com\/channel\/UCQme_lUvDNcpPcJ3VhSPojA\" class=\"wp-block-social-link-anchor\"><svg width=\"24\" height=\"24\" viewBox=\"0 0 24 24\" version=\"1.1\" xmlns=\"http:\/\/www.w3.org\/2000\/svg\" aria-hidden=\"true\" focusable=\"false\"><path d=\"M21.8,8.001c0,0-0.195-1.378-0.795-1.985c-0.76-0.797-1.613-0.801-2.004-0.847c-2.799-0.202-6.997-0.202-6.997-0.202 h-0.009c0,0-4.198,0-6.997,0.202C4.608,5.216,3.756,5.22,2.995,6.016C2.395,6.623,2.2,8.001,2.2,8.001S2,9.62,2,11.238v1.517 c0,1.618,0.2,3.237,0.2,3.237s0.195,1.378,0.795,1.985c0.761,0.797,1.76,0.771,2.205,0.855c1.6,0.153,6.8,0.201,6.8,0.201 s4.203-0.006,7.001-0.209c0.391-0.047,1.243-0.051,2.004-0.847c0.6-0.607,0.795-1.985,0.795-1.985s0.2-1.618,0.2-3.237v-1.517 C22,9.62,21.8,8.001,21.8,8.001z M9.935,14.594l-0.001-5.62l5.404,2.82L9.935,14.594z\"><\/path><\/svg><span class=\"wp-block-social-link-label screen-reader-text\">YouTube<\/span><\/a><\/li><\/ul>\n\n\n\n<div class=\"wp-block-button\"><a class=\"wp-block-button__link\" href=\"https:\/\/apollo-fo.com\/am\/\">Page d&rsquo;accueil<\/a><\/div>\n","protected":false},"excerpt":{"rendered":"<p>En consultant nos brochures, vous pouvez trouver plus de d\u00e9tails&nbsp; sur la conception et les points technologiques de nos produits. Veuillez trouver directement nos plaquettes sur nos produits Apollo For Institutional Management et Apollo Private Wealth Management. Tout ce que vous devez savoir sur Apollo PWM SAAS T\u00e9l\u00e9chargez Directement Ici En Fran\u00e7ais Tout ce que [&hellip;]<\/p>\n","protected":false},"author":1,"featured_media":382,"parent":0,"menu_order":0,"comment_status":"closed","ping_status":"closed","template":"","meta":{"om_disable_all_campaigns":false,"_monsterinsights_skip_tracking":false,"_monsterinsights_sitenote_active":false,"_monsterinsights_sitenote_note":"","_monsterinsights_sitenote_category":0,"footnotes":""},"class_list":["post-173","page","type-page","status-publish","has-post-thumbnail","hentry"],"yoast_head":"<!-- This site is optimized with the Yoast SEO plugin v22.7 - https:\/\/yoast.com\/wordpress\/plugins\/seo\/ -->\n<title>Apollo Asset Management Software Brochures<\/title>\n<meta name=\"description\" content=\"En consultant nos brochures sur Apollo, vous pouvez trouver plus de d\u00e9tails sur la conception et les points technologiques de nos produits.\" \/>\n<meta name=\"robots\" content=\"index, follow, max-snippet:-1, max-image-preview:large, max-video-preview:-1\" \/>\n<link rel=\"canonical\" href=\"https:\/\/apollo-fo.com\/am\/fr\/plaquettes\/\" \/>\n<meta property=\"og:locale\" content=\"fr_FR\" \/>\n<meta property=\"og:type\" content=\"article\" \/>\n<meta property=\"og:title\" content=\"Apollo Asset Management Software Brochures\" \/>\n<meta property=\"og:description\" content=\"En consultant nos brochures sur Apollo, vous pouvez trouver plus de d\u00e9tails sur la conception et les points technologiques de nos produits.\" \/>\n<meta property=\"og:url\" content=\"https:\/\/apollo-fo.com\/am\/fr\/plaquettes\/\" \/>\n<meta property=\"og:site_name\" content=\"Apollo Asset Management Software\" \/>\n<meta property=\"article:publisher\" content=\"https:\/\/www.facebook.com\/ApolloAssetManagement\" \/>\n<meta property=\"article:modified_time\" content=\"2023-06-16T14:29:02+00:00\" \/>\n<meta property=\"og:image\" content=\"https:\/\/apollo-fo.com\/am\/wp-content\/uploads\/2020\/07\/Asset-management-software-Brochures-1.jpg\" \/>\n\t<meta property=\"og:image:width\" content=\"1200\" \/>\n\t<meta property=\"og:image:height\" content=\"675\" \/>\n\t<meta property=\"og:image:type\" content=\"image\/jpeg\" \/>\n<meta name=\"twitter:card\" content=\"summary_large_image\" \/>\n<meta name=\"twitter:label1\" content=\"Dur\u00e9e de lecture estim\u00e9e\" \/>\n\t<meta name=\"twitter:data1\" content=\"1 minute\" \/>\n<script type=\"application\/ld+json\" class=\"yoast-schema-graph\">{\"@context\":\"https:\/\/schema.org\",\"@graph\":[{\"@type\":\"WebPage\",\"@id\":\"https:\/\/apollo-fo.com\/am\/plaquettes\/\",\"url\":\"https:\/\/apollo-fo.com\/am\/plaquettes\/\",\"name\":\"Apollo Asset Management Software Brochures\",\"isPartOf\":{\"@id\":\"https:\/\/apollo-fo.com\/am\/fr\/#website\"},\"primaryImageOfPage\":{\"@id\":\"https:\/\/apollo-fo.com\/am\/plaquettes\/#primaryimage\"},\"image\":{\"@id\":\"https:\/\/apollo-fo.com\/am\/plaquettes\/#primaryimage\"},\"thumbnailUrl\":\"https:\/\/i0.wp.com\/apollo-fo.com\/am\/wp-content\/uploads\/2020\/07\/Asset-management-software-Brochures-1.jpg?fit=1200%2C675&ssl=1\",\"datePublished\":\"2020-07-17T12:19:12+00:00\",\"dateModified\":\"2023-06-16T14:29:02+00:00\",\"description\":\"En consultant nos brochures sur Apollo, vous pouvez trouver plus de d\u00e9tails sur la conception et les points technologiques de nos produits.\",\"breadcrumb\":{\"@id\":\"https:\/\/apollo-fo.com\/am\/plaquettes\/#breadcrumb\"},\"inLanguage\":\"fr-FR\",\"potentialAction\":[{\"@type\":\"ReadAction\",\"target\":[\"https:\/\/apollo-fo.com\/am\/plaquettes\/\"]}]},{\"@type\":\"ImageObject\",\"inLanguage\":\"fr-FR\",\"@id\":\"https:\/\/apollo-fo.com\/am\/plaquettes\/#primaryimage\",\"url\":\"https:\/\/i0.wp.com\/apollo-fo.com\/am\/wp-content\/uploads\/2020\/07\/Asset-management-software-Brochures-1.jpg?fit=1200%2C675&ssl=1\",\"contentUrl\":\"https:\/\/i0.wp.com\/apollo-fo.com\/am\/wp-content\/uploads\/2020\/07\/Asset-management-software-Brochures-1.jpg?fit=1200%2C675&ssl=1\",\"width\":1200,\"height\":675,\"caption\":\"PORTFOLIO MANAGEMENT SOFTWARE\"},{\"@type\":\"BreadcrumbList\",\"@id\":\"https:\/\/apollo-fo.com\/am\/plaquettes\/#breadcrumb\",\"itemListElement\":[{\"@type\":\"ListItem\",\"position\":1,\"name\":\"Home\",\"item\":\"https:\/\/apollo-fo.com\/am\/\"},{\"@type\":\"ListItem\",\"position\":2,\"name\":\"Brochures\"}]},{\"@type\":\"WebSite\",\"@id\":\"https:\/\/apollo-fo.com\/am\/fr\/#website\",\"url\":\"https:\/\/apollo-fo.com\/am\/fr\/\",\"name\":\"Apollo Asset Management Software\",\"description\":\"\",\"publisher\":{\"@id\":\"https:\/\/apollo-fo.com\/am\/fr\/#organization\"},\"potentialAction\":[{\"@type\":\"SearchAction\",\"target\":{\"@type\":\"EntryPoint\",\"urlTemplate\":\"https:\/\/apollo-fo.com\/am\/fr\/?s={search_term_string}\"},\"query-input\":\"required name=search_term_string\"}],\"inLanguage\":\"fr-FR\"},{\"@type\":\"Organization\",\"@id\":\"https:\/\/apollo-fo.com\/am\/fr\/#organization\",\"name\":\"Apollo Asset Management\",\"url\":\"https:\/\/apollo-fo.com\/am\/fr\/\",\"logo\":{\"@type\":\"ImageObject\",\"inLanguage\":\"fr-FR\",\"@id\":\"https:\/\/apollo-fo.com\/am\/fr\/#\/schema\/logo\/image\/\",\"url\":\"https:\/\/i0.wp.com\/apollo-fo.com\/am\/wp-content\/uploads\/2020\/09\/APOLLO-ASSET-MANAGEMENT-LOGO.png?fit=500%2C500&ssl=1\",\"contentUrl\":\"https:\/\/i0.wp.com\/apollo-fo.com\/am\/wp-content\/uploads\/2020\/09\/APOLLO-ASSET-MANAGEMENT-LOGO.png?fit=500%2C500&ssl=1\",\"width\":500,\"height\":500,\"caption\":\"Apollo Asset Management\"},\"image\":{\"@id\":\"https:\/\/apollo-fo.com\/am\/fr\/#\/schema\/logo\/image\/\"},\"sameAs\":[\"https:\/\/www.facebook.com\/ApolloAssetManagement\",\"https:\/\/www.instagram.com\/apolloassetmanagement\/?hl=fr\",\"https:\/\/fr.linkedin.com\/company\/apollo-asset-management\",\"https:\/\/www.youtube.com\/channel\/UCQme_lUvDNcpPcJ3VhSPojA\"]}]}<\/script>\n<!-- \/ Yoast SEO plugin. -->","yoast_head_json":{"title":"Apollo Asset Management Software Brochures","description":"En consultant nos brochures sur Apollo, vous pouvez trouver plus de d\u00e9tails sur la conception et les points technologiques de nos produits.","robots":{"index":"index","follow":"follow","max-snippet":"max-snippet:-1","max-image-preview":"max-image-preview:large","max-video-preview":"max-video-preview:-1"},"canonical":"https:\/\/apollo-fo.com\/am\/fr\/plaquettes\/","og_locale":"fr_FR","og_type":"article","og_title":"Apollo Asset Management Software Brochures","og_description":"En consultant nos brochures sur Apollo, vous pouvez trouver plus de d\u00e9tails sur la conception et les points technologiques de nos produits.","og_url":"https:\/\/apollo-fo.com\/am\/fr\/plaquettes\/","og_site_name":"Apollo Asset Management Software","article_publisher":"https:\/\/www.facebook.com\/ApolloAssetManagement","article_modified_time":"2023-06-16T14:29:02+00:00","og_image":[{"width":1200,"height":675,"url":"https:\/\/apollo-fo.com\/am\/wp-content\/uploads\/2020\/07\/Asset-management-software-Brochures-1.jpg","type":"image\/jpeg"}],"twitter_card":"summary_large_image","twitter_misc":{"Dur\u00e9e de lecture estim\u00e9e":"1 minute"},"schema":{"@context":"https:\/\/schema.org","@graph":[{"@type":"WebPage","@id":"https:\/\/apollo-fo.com\/am\/plaquettes\/","url":"https:\/\/apollo-fo.com\/am\/plaquettes\/","name":"Apollo Asset Management Software Brochures","isPartOf":{"@id":"https:\/\/apollo-fo.com\/am\/fr\/#website"},"primaryImageOfPage":{"@id":"https:\/\/apollo-fo.com\/am\/plaquettes\/#primaryimage"},"image":{"@id":"https:\/\/apollo-fo.com\/am\/plaquettes\/#primaryimage"},"thumbnailUrl":"https:\/\/i0.wp.com\/apollo-fo.com\/am\/wp-content\/uploads\/2020\/07\/Asset-management-software-Brochures-1.jpg?fit=1200%2C675&ssl=1","datePublished":"2020-07-17T12:19:12+00:00","dateModified":"2023-06-16T14:29:02+00:00","description":"En consultant nos brochures sur Apollo, vous pouvez trouver plus de d\u00e9tails sur la conception et les points technologiques de nos produits.","breadcrumb":{"@id":"https:\/\/apollo-fo.com\/am\/plaquettes\/#breadcrumb"},"inLanguage":"fr-FR","potentialAction":[{"@type":"ReadAction","target":["https:\/\/apollo-fo.com\/am\/plaquettes\/"]}]},{"@type":"ImageObject","inLanguage":"fr-FR","@id":"https:\/\/apollo-fo.com\/am\/plaquettes\/#primaryimage","url":"https:\/\/i0.wp.com\/apollo-fo.com\/am\/wp-content\/uploads\/2020\/07\/Asset-management-software-Brochures-1.jpg?fit=1200%2C675&ssl=1","contentUrl":"https:\/\/i0.wp.com\/apollo-fo.com\/am\/wp-content\/uploads\/2020\/07\/Asset-management-software-Brochures-1.jpg?fit=1200%2C675&ssl=1","width":1200,"height":675,"caption":"PORTFOLIO MANAGEMENT SOFTWARE"},{"@type":"BreadcrumbList","@id":"https:\/\/apollo-fo.com\/am\/plaquettes\/#breadcrumb","itemListElement":[{"@type":"ListItem","position":1,"name":"Home","item":"https:\/\/apollo-fo.com\/am\/"},{"@type":"ListItem","position":2,"name":"Brochures"}]},{"@type":"WebSite","@id":"https:\/\/apollo-fo.com\/am\/fr\/#website","url":"https:\/\/apollo-fo.com\/am\/fr\/","name":"Apollo Asset Management Software","description":"","publisher":{"@id":"https:\/\/apollo-fo.com\/am\/fr\/#organization"},"potentialAction":[{"@type":"SearchAction","target":{"@type":"EntryPoint","urlTemplate":"https:\/\/apollo-fo.com\/am\/fr\/?s={search_term_string}"},"query-input":"required name=search_term_string"}],"inLanguage":"fr-FR"},{"@type":"Organization","@id":"https:\/\/apollo-fo.com\/am\/fr\/#organization","name":"Apollo Asset Management","url":"https:\/\/apollo-fo.com\/am\/fr\/","logo":{"@type":"ImageObject","inLanguage":"fr-FR","@id":"https:\/\/apollo-fo.com\/am\/fr\/#\/schema\/logo\/image\/","url":"https:\/\/i0.wp.com\/apollo-fo.com\/am\/wp-content\/uploads\/2020\/09\/APOLLO-ASSET-MANAGEMENT-LOGO.png?fit=500%2C500&ssl=1","contentUrl":"https:\/\/i0.wp.com\/apollo-fo.com\/am\/wp-content\/uploads\/2020\/09\/APOLLO-ASSET-MANAGEMENT-LOGO.png?fit=500%2C500&ssl=1","width":500,"height":500,"caption":"Apollo Asset Management"},"image":{"@id":"https:\/\/apollo-fo.com\/am\/fr\/#\/schema\/logo\/image\/"},"sameAs":["https:\/\/www.facebook.com\/ApolloAssetManagement","https:\/\/www.instagram.com\/apolloassetmanagement\/?hl=fr","https:\/\/fr.linkedin.com\/company\/apollo-asset-management","https:\/\/www.youtube.com\/channel\/UCQme_lUvDNcpPcJ3VhSPojA"]}]}},"jetpack_sharing_enabled":true,"_links":{"self":[{"href":"https:\/\/apollo-fo.com\/am\/fr\/wp-json\/wp\/v2\/pages\/173","targetHints":{"allow":["GET"]}}],"collection":[{"href":"https:\/\/apollo-fo.com\/am\/fr\/wp-json\/wp\/v2\/pages"}],"about":[{"href":"https:\/\/apollo-fo.com\/am\/fr\/wp-json\/wp\/v2\/types\/page"}],"author":[{"embeddable":true,"href":"https:\/\/apollo-fo.com\/am\/fr\/wp-json\/wp\/v2\/users\/1"}],"replies":[{"embeddable":true,"href":"https:\/\/apollo-fo.com\/am\/fr\/wp-json\/wp\/v2\/comments?post=173"}],"version-history":[{"count":5,"href":"https:\/\/apollo-fo.com\/am\/fr\/wp-json\/wp\/v2\/pages\/173\/revisions"}],"predecessor-version":[{"id":3497,"href":"https:\/\/apollo-fo.com\/am\/fr\/wp-json\/wp\/v2\/pages\/173\/revisions\/3497"}],"wp:featuredmedia":[{"embeddable":true,"href":"https:\/\/apollo-fo.com\/am\/fr\/wp-json\/wp\/v2\/media\/382"}],"wp:attachment":[{"href":"https:\/\/apollo-fo.com\/am\/fr\/wp-json\/wp\/v2\/media?parent=173"}],"curies":[{"name":"wp","href":"https:\/\/api.w.org\/{rel}","templated":true}]}}