{"id":170,"date":"2020-07-17T12:17:34","date_gmt":"2020-07-17T12:17:34","guid":{"rendered":"https:\/\/apollo-fo.com\/assetmanagement\/?page_id=170"},"modified":"2021-10-18T10:01:49","modified_gmt":"2021-10-18T10:01:49","slug":"videos","status":"publish","type":"page","link":"https:\/\/apollo-fo.com\/am\/fr\/videos\/","title":{"rendered":"Vid\u00e9os"},"content":{"rendered":"\t\t<div data-elementor-type=\"wp-page\" data-elementor-id=\"170\" class=\"elementor elementor-170\">\n\t\t\t\t\t\t<section class=\"elementor-section elementor-top-section elementor-element elementor-element-aeb3235 elementor-section-boxed elementor-section-height-default elementor-section-height-default\" data-id=\"aeb3235\" data-element_type=\"section\">\n\t\t\t\t\t\t<div class=\"elementor-container elementor-column-gap-default\">\n\t\t\t\t\t<div class=\"elementor-column elementor-col-100 elementor-top-column elementor-element elementor-element-9a0a60a\" data-id=\"9a0a60a\" data-element_type=\"column\">\n\t\t\t<div class=\"elementor-widget-wrap elementor-element-populated\">\n\t\t\t\t\t\t<div class=\"elementor-element elementor-element-4ccbef1 elementor-widget elementor-widget-text-editor\" data-id=\"4ccbef1\" data-element_type=\"widget\" data-widget_type=\"text-editor.default\">\n\t\t\t\t<div class=\"elementor-widget-container\">\n\t\t\t\t\t\t\t<p>Vous trouverez rapidement des petites vid\u00e9os introductives sur nos produits pour la gestion institutionnelle et la&nbsp;<a href=\"https:\/\/apollo-fo.com\/am\/en\/produits-pwm\/\">gestion priv\u00e9e<\/a>.<\/p>\t\t\t\t\t\t<\/div>\n\t\t\t\t<\/div>\n\t\t\t\t\t<\/div>\n\t\t<\/div>\n\t\t\t\t\t<\/div>\n\t\t<\/section>\n\t\t\t\t<section class=\"elementor-section elementor-top-section elementor-element elementor-element-e4498a5 elementor-section-boxed elementor-section-height-default elementor-section-height-default\" data-id=\"e4498a5\" data-element_type=\"section\">\n\t\t\t\t\t\t<div class=\"elementor-container elementor-column-gap-default\">\n\t\t\t\t\t<div class=\"elementor-column elementor-col-100 elementor-top-column elementor-element elementor-element-ce08aaa\" data-id=\"ce08aaa\" data-element_type=\"column\">\n\t\t\t<div class=\"elementor-widget-wrap elementor-element-populated\">\n\t\t\t\t\t\t<div class=\"elementor-element elementor-element-016b885 elementor-widget elementor-widget-heading\" data-id=\"016b885\" data-element_type=\"widget\" data-widget_type=\"heading.default\">\n\t\t\t\t<div class=\"elementor-widget-container\">\n\t\t\t<h2 class=\"elementor-heading-title elementor-size-medium\">Versions fran\u00e7aises<\/h2>\t\t<\/div>\n\t\t\t\t<\/div>\n\t\t\t\t\t<\/div>\n\t\t<\/div>\n\t\t\t\t\t<\/div>\n\t\t<\/section>\n\t\t\t\t<section class=\"elementor-section elementor-top-section elementor-element elementor-element-b4ced0d elementor-section-boxed elementor-section-height-default elementor-section-height-default\" data-id=\"b4ced0d\" data-element_type=\"section\">\n\t\t\t\t\t\t<div class=\"elementor-container elementor-column-gap-default\">\n\t\t\t\t\t<div class=\"elementor-column elementor-col-50 elementor-top-column elementor-element elementor-element-62be868\" data-id=\"62be868\" data-element_type=\"column\">\n\t\t\t<div class=\"elementor-widget-wrap elementor-element-populated\">\n\t\t\t\t\t\t<div class=\"elementor-element elementor-element-b2aa538 elementor-widget elementor-widget-video\" data-id=\"b2aa538\" data-element_type=\"widget\" data-settings=\"{&quot;youtube_url&quot;:&quot;https:\\\/\\\/youtu.be\\\/9oKeX6aSlrE&quot;,&quot;video_type&quot;:&quot;youtube&quot;,&quot;controls&quot;:&quot;yes&quot;,&quot;ep_sticky_video&quot;:&quot;off&quot;}\" data-widget_type=\"video.default\">\n\t\t\t\t<div class=\"elementor-widget-container\">\n\t\t\t\t\t<div class=\"elementor-wrapper elementor-open-inline\">\n\t\t\t<div class=\"elementor-video\"><\/div>\t\t<\/div>\n\t\t\t\t<\/div>\n\t\t\t\t<\/div>\n\t\t\t\t\t<\/div>\n\t\t<\/div>\n\t\t\t\t<div class=\"elementor-column elementor-col-50 elementor-top-column elementor-element elementor-element-15a6798\" data-id=\"15a6798\" data-element_type=\"column\">\n\t\t\t<div class=\"elementor-widget-wrap elementor-element-populated\">\n\t\t\t\t\t\t<div class=\"elementor-element elementor-element-7b6509b elementor-widget elementor-widget-video\" data-id=\"7b6509b\" data-element_type=\"widget\" data-settings=\"{&quot;youtube_url&quot;:&quot;https:\\\/\\\/youtu.be\\\/LbRf35NfzSU&quot;,&quot;video_type&quot;:&quot;youtube&quot;,&quot;controls&quot;:&quot;yes&quot;,&quot;ep_sticky_video&quot;:&quot;off&quot;}\" data-widget_type=\"video.default\">\n\t\t\t\t<div class=\"elementor-widget-container\">\n\t\t\t\t\t<div class=\"elementor-wrapper elementor-open-inline\">\n\t\t\t<div class=\"elementor-video\"><\/div>\t\t<\/div>\n\t\t\t\t<\/div>\n\t\t\t\t<\/div>\n\t\t\t\t\t<\/div>\n\t\t<\/div>\n\t\t\t\t\t<\/div>\n\t\t<\/section>\n\t\t\t\t<section class=\"elementor-section elementor-top-section elementor-element elementor-element-ae3845a elementor-section-boxed elementor-section-height-default elementor-section-height-default\" data-id=\"ae3845a\" data-element_type=\"section\">\n\t\t\t\t\t\t<div class=\"elementor-container elementor-column-gap-default\">\n\t\t\t\t\t<div class=\"elementor-column elementor-col-100 elementor-top-column elementor-element elementor-element-22b1822\" data-id=\"22b1822\" data-element_type=\"column\">\n\t\t\t<div class=\"elementor-widget-wrap\">\n\t\t\t\t\t\t\t<\/div>\n\t\t<\/div>\n\t\t\t\t\t<\/div>\n\t\t<\/section>\n\t\t\t\t<section class=\"elementor-section elementor-top-section elementor-element elementor-element-2294893 elementor-section-boxed elementor-section-height-default elementor-section-height-default\" data-id=\"2294893\" data-element_type=\"section\">\n\t\t\t\t\t\t<div class=\"elementor-container elementor-column-gap-default\">\n\t\t\t\t\t<div class=\"elementor-column elementor-col-50 elementor-top-column elementor-element elementor-element-6a3b2ab\" data-id=\"6a3b2ab\" data-element_type=\"column\">\n\t\t\t<div class=\"elementor-widget-wrap elementor-element-populated\">\n\t\t\t\t\t\t<div class=\"elementor-element elementor-element-4f3431b elementor-widget elementor-widget-video\" data-id=\"4f3431b\" data-element_type=\"widget\" data-settings=\"{&quot;youtube_url&quot;:&quot;https:\\\/\\\/youtu.be\\\/Rlx_wZLd_FU&quot;,&quot;video_type&quot;:&quot;youtube&quot;,&quot;controls&quot;:&quot;yes&quot;,&quot;ep_sticky_video&quot;:&quot;off&quot;}\" data-widget_type=\"video.default\">\n\t\t\t\t<div class=\"elementor-widget-container\">\n\t\t\t\t\t<div class=\"elementor-wrapper elementor-open-inline\">\n\t\t\t<div class=\"elementor-video\"><\/div>\t\t<\/div>\n\t\t\t\t<\/div>\n\t\t\t\t<\/div>\n\t\t\t\t\t<\/div>\n\t\t<\/div>\n\t\t\t\t<div class=\"elementor-column elementor-col-50 elementor-top-column elementor-element elementor-element-fd83656\" data-id=\"fd83656\" data-element_type=\"column\">\n\t\t\t<div class=\"elementor-widget-wrap elementor-element-populated\">\n\t\t\t\t\t\t<div class=\"elementor-element elementor-element-9699b84 elementor-widget elementor-widget-video\" data-id=\"9699b84\" data-element_type=\"widget\" data-settings=\"{&quot;youtube_url&quot;:&quot;https:\\\/\\\/www.youtube.com\\\/watch?v=ok8eZqhSJwI&quot;,&quot;video_type&quot;:&quot;youtube&quot;,&quot;controls&quot;:&quot;yes&quot;,&quot;ep_sticky_video&quot;:&quot;off&quot;}\" data-widget_type=\"video.default\">\n\t\t\t\t<div class=\"elementor-widget-container\">\n\t\t\t\t\t<div class=\"elementor-wrapper elementor-open-inline\">\n\t\t\t<div class=\"elementor-video\"><\/div>\t\t<\/div>\n\t\t\t\t<\/div>\n\t\t\t\t<\/div>\n\t\t\t\t\t<\/div>\n\t\t<\/div>\n\t\t\t\t\t<\/div>\n\t\t<\/section>\n\t\t\t\t<section class=\"elementor-section elementor-top-section elementor-element elementor-element-026ea7a elementor-section-boxed elementor-section-height-default elementor-section-height-default\" data-id=\"026ea7a\" data-element_type=\"section\">\n\t\t\t\t\t\t<div class=\"elementor-container elementor-column-gap-default\">\n\t\t\t\t\t<div class=\"elementor-column elementor-col-100 elementor-top-column elementor-element elementor-element-c4d871c\" data-id=\"c4d871c\" data-element_type=\"column\">\n\t\t\t<div class=\"elementor-widget-wrap elementor-element-populated\">\n\t\t\t\t\t\t<div class=\"elementor-element elementor-element-0a3b9d9 elementor-widget elementor-widget-spacer\" data-id=\"0a3b9d9\" data-element_type=\"widget\" data-widget_type=\"spacer.default\">\n\t\t\t\t<div class=\"elementor-widget-container\">\n\t\t\t\t\t<div class=\"elementor-spacer\">\n\t\t\t<div class=\"elementor-spacer-inner\"><\/div>\n\t\t<\/div>\n\t\t\t\t<\/div>\n\t\t\t\t<\/div>\n\t\t\t\t\t<\/div>\n\t\t<\/div>\n\t\t\t\t\t<\/div>\n\t\t<\/section>\n\t\t\t\t<section class=\"elementor-section elementor-top-section elementor-element elementor-element-b798709 elementor-section-boxed elementor-section-height-default elementor-section-height-default\" data-id=\"b798709\" data-element_type=\"section\">\n\t\t\t\t\t\t<div class=\"elementor-container elementor-column-gap-default\">\n\t\t\t\t\t<div class=\"elementor-column elementor-col-100 elementor-top-column elementor-element elementor-element-ebad454\" data-id=\"ebad454\" data-element_type=\"column\">\n\t\t\t<div class=\"elementor-widget-wrap elementor-element-populated\">\n\t\t\t\t\t\t<div class=\"elementor-element elementor-element-700d585 elementor-widget elementor-widget-heading\" data-id=\"700d585\" data-element_type=\"widget\" data-widget_type=\"heading.default\">\n\t\t\t\t<div class=\"elementor-widget-container\">\n\t\t\t<h2 class=\"elementor-heading-title elementor-size-medium\">Versions Anglaises<\/h2>\t\t<\/div>\n\t\t\t\t<\/div>\n\t\t\t\t\t<\/div>\n\t\t<\/div>\n\t\t\t\t\t<\/div>\n\t\t<\/section>\n\t\t\t\t<section class=\"elementor-section elementor-top-section elementor-element elementor-element-97119cb elementor-section-boxed elementor-section-height-default elementor-section-height-default\" data-id=\"97119cb\" data-element_type=\"section\">\n\t\t\t\t\t\t<div class=\"elementor-container elementor-column-gap-default\">\n\t\t\t\t\t<div class=\"elementor-column elementor-col-50 elementor-top-column elementor-element elementor-element-5fa9a58\" data-id=\"5fa9a58\" data-element_type=\"column\">\n\t\t\t<div class=\"elementor-widget-wrap elementor-element-populated\">\n\t\t\t\t\t\t<div class=\"elementor-element elementor-element-a467696 elementor-widget elementor-widget-video\" data-id=\"a467696\" data-element_type=\"widget\" data-settings=\"{&quot;youtube_url&quot;:&quot;https:\\\/\\\/youtu.be\\\/3hdHq9-3jzo&quot;,&quot;video_type&quot;:&quot;youtube&quot;,&quot;controls&quot;:&quot;yes&quot;,&quot;ep_sticky_video&quot;:&quot;off&quot;}\" data-widget_type=\"video.default\">\n\t\t\t\t<div class=\"elementor-widget-container\">\n\t\t\t\t\t<div class=\"elementor-wrapper elementor-open-inline\">\n\t\t\t<div class=\"elementor-video\"><\/div>\t\t<\/div>\n\t\t\t\t<\/div>\n\t\t\t\t<\/div>\n\t\t\t\t\t<\/div>\n\t\t<\/div>\n\t\t\t\t<div class=\"elementor-column elementor-col-50 elementor-top-column elementor-element elementor-element-4dcecb0\" data-id=\"4dcecb0\" data-element_type=\"column\">\n\t\t\t<div class=\"elementor-widget-wrap elementor-element-populated\">\n\t\t\t\t\t\t<div class=\"elementor-element elementor-element-0b6285c elementor-widget elementor-widget-video\" data-id=\"0b6285c\" data-element_type=\"widget\" data-settings=\"{&quot;youtube_url&quot;:&quot;https:\\\/\\\/youtu.be\\\/Dvt9FCyKZiU&quot;,&quot;video_type&quot;:&quot;youtube&quot;,&quot;controls&quot;:&quot;yes&quot;,&quot;ep_sticky_video&quot;:&quot;off&quot;}\" data-widget_type=\"video.default\">\n\t\t\t\t<div class=\"elementor-widget-container\">\n\t\t\t\t\t<div class=\"elementor-wrapper elementor-open-inline\">\n\t\t\t<div class=\"elementor-video\"><\/div>\t\t<\/div>\n\t\t\t\t<\/div>\n\t\t\t\t<\/div>\n\t\t\t\t\t<\/div>\n\t\t<\/div>\n\t\t\t\t\t<\/div>\n\t\t<\/section>\n\t\t\t\t<section class=\"elementor-section elementor-top-section elementor-element elementor-element-9b353c6 elementor-section-boxed elementor-section-height-default elementor-section-height-default\" data-id=\"9b353c6\" data-element_type=\"section\">\n\t\t\t\t\t\t<div class=\"elementor-container elementor-column-gap-default\">\n\t\t\t\t\t<div class=\"elementor-column elementor-col-50 elementor-top-column elementor-element elementor-element-914bea0\" data-id=\"914bea0\" data-element_type=\"column\">\n\t\t\t<div class=\"elementor-widget-wrap elementor-element-populated\">\n\t\t\t\t\t\t<div class=\"elementor-element elementor-element-6a21cb6 elementor-widget elementor-widget-video\" data-id=\"6a21cb6\" data-element_type=\"widget\" data-settings=\"{&quot;youtube_url&quot;:&quot;https:\\\/\\\/youtu.be\\\/HFA6IMMJjQM&quot;,&quot;video_type&quot;:&quot;youtube&quot;,&quot;controls&quot;:&quot;yes&quot;,&quot;ep_sticky_video&quot;:&quot;off&quot;}\" data-widget_type=\"video.default\">\n\t\t\t\t<div class=\"elementor-widget-container\">\n\t\t\t\t\t<div class=\"elementor-wrapper elementor-open-inline\">\n\t\t\t<div class=\"elementor-video\"><\/div>\t\t<\/div>\n\t\t\t\t<\/div>\n\t\t\t\t<\/div>\n\t\t\t\t\t<\/div>\n\t\t<\/div>\n\t\t\t\t<div class=\"elementor-column elementor-col-50 elementor-top-column elementor-element elementor-element-4f276e8\" data-id=\"4f276e8\" data-element_type=\"column\">\n\t\t\t<div class=\"elementor-widget-wrap\">\n\t\t\t\t\t\t\t<\/div>\n\t\t<\/div>\n\t\t\t\t\t<\/div>\n\t\t<\/section>\n\t\t\t\t<\/div>\n\t\t","protected":false},"excerpt":{"rendered":"<p>Vous trouverez rapidement des petites vid\u00e9os introductives sur nos produits pour la gestion institutionnelle et la&nbsp;gestion priv\u00e9e. Versions fran\u00e7aises https:\/\/youtu.be\/9oKeX6aSlrEhttps:\/\/youtu.be\/LbRf35NfzSUhttps:\/\/youtu.be\/Rlx_wZLd_FUhttps:\/\/www.youtube.com\/watch?v=ok8eZqhSJwI Versions Anglaises https:\/\/youtu.be\/3hdHq9-3jzohttps:\/\/youtu.be\/Dvt9FCyKZiUhttps:\/\/youtu.be\/HFA6IMMJjQM<\/p>\n","protected":false},"author":1,"featured_media":388,"parent":0,"menu_order":0,"comment_status":"closed","ping_status":"closed","template":"","meta":{"om_disable_all_campaigns":false,"_monsterinsights_skip_tracking":false,"_monsterinsights_sitenote_active":false,"_monsterinsights_sitenote_note":"","_monsterinsights_sitenote_category":0,"footnotes":""},"class_list":["post-170","page","type-page","status-publish","has-post-thumbnail","hentry"],"yoast_head":"<!-- This site is optimized with the Yoast SEO plugin v22.7 - https:\/\/yoast.com\/wordpress\/plugins\/seo\/ -->\n<title>Apollo Asset Management Software vid\u00e9os introductive<\/title>\n<meta name=\"description\" content=\"Vous trouverez rapidement des petites vid\u00e9os introductive sur nos produits pour la gestion institutionnelle et la gestion priv\u00e9e.\" \/>\n<meta name=\"robots\" content=\"index, follow, max-snippet:-1, max-image-preview:large, max-video-preview:-1\" \/>\n<link rel=\"canonical\" href=\"https:\/\/apollo-fo.com\/am\/fr\/videos\/\" \/>\n<meta property=\"og:locale\" content=\"fr_FR\" \/>\n<meta property=\"og:type\" content=\"article\" \/>\n<meta property=\"og:title\" content=\"Apollo Asset Management Software vid\u00e9os introductive\" \/>\n<meta property=\"og:description\" content=\"Vous trouverez rapidement des petites vid\u00e9os introductive sur nos produits pour la gestion institutionnelle et la gestion priv\u00e9e.\" \/>\n<meta property=\"og:url\" content=\"https:\/\/apollo-fo.com\/am\/fr\/videos\/\" \/>\n<meta property=\"og:site_name\" content=\"Apollo Asset Management Software\" \/>\n<meta property=\"article:publisher\" content=\"https:\/\/www.facebook.com\/ApolloAssetManagement\" \/>\n<meta property=\"article:modified_time\" content=\"2021-10-18T10:01:49+00:00\" \/>\n<meta property=\"og:image\" content=\"https:\/\/i0.wp.com\/apollo-fo.com\/am\/wp-content\/uploads\/2020\/07\/ASSET-MANAGEMENT-VIDEOS-1.jpg?fit=1200%2C675&ssl=1\" \/>\n\t<meta property=\"og:image:width\" content=\"1200\" \/>\n\t<meta property=\"og:image:height\" content=\"675\" \/>\n\t<meta property=\"og:image:type\" content=\"image\/jpeg\" \/>\n<meta name=\"twitter:card\" content=\"summary_large_image\" \/>\n<script type=\"application\/ld+json\" class=\"yoast-schema-graph\">{\"@context\":\"https:\/\/schema.org\",\"@graph\":[{\"@type\":\"WebPage\",\"@id\":\"https:\/\/apollo-fo.com\/am\/en\/videos\/\",\"url\":\"https:\/\/apollo-fo.com\/am\/en\/videos\/\",\"name\":\"Apollo Asset Management Software vid\u00e9os introductive\",\"isPartOf\":{\"@id\":\"https:\/\/apollo-fo.com\/am\/fr\/#website\"},\"primaryImageOfPage\":{\"@id\":\"https:\/\/apollo-fo.com\/am\/en\/videos\/#primaryimage\"},\"image\":{\"@id\":\"https:\/\/apollo-fo.com\/am\/en\/videos\/#primaryimage\"},\"thumbnailUrl\":\"https:\/\/i0.wp.com\/apollo-fo.com\/am\/wp-content\/uploads\/2020\/07\/ASSET-MANAGEMENT-VIDEOS-1.jpg?fit=1200%2C675&ssl=1\",\"datePublished\":\"2020-07-17T12:17:34+00:00\",\"dateModified\":\"2021-10-18T10:01:49+00:00\",\"description\":\"Vous trouverez rapidement des petites vid\u00e9os introductive sur nos produits pour la gestion institutionnelle et la gestion priv\u00e9e.\",\"breadcrumb\":{\"@id\":\"https:\/\/apollo-fo.com\/am\/en\/videos\/#breadcrumb\"},\"inLanguage\":\"fr-FR\",\"potentialAction\":[{\"@type\":\"ReadAction\",\"target\":[\"https:\/\/apollo-fo.com\/am\/en\/videos\/\"]}]},{\"@type\":\"ImageObject\",\"inLanguage\":\"fr-FR\",\"@id\":\"https:\/\/apollo-fo.com\/am\/en\/videos\/#primaryimage\",\"url\":\"https:\/\/i0.wp.com\/apollo-fo.com\/am\/wp-content\/uploads\/2020\/07\/ASSET-MANAGEMENT-VIDEOS-1.jpg?fit=1200%2C675&ssl=1\",\"contentUrl\":\"https:\/\/i0.wp.com\/apollo-fo.com\/am\/wp-content\/uploads\/2020\/07\/ASSET-MANAGEMENT-VIDEOS-1.jpg?fit=1200%2C675&ssl=1\",\"width\":1200,\"height\":675},{\"@type\":\"BreadcrumbList\",\"@id\":\"https:\/\/apollo-fo.com\/am\/en\/videos\/#breadcrumb\",\"itemListElement\":[{\"@type\":\"ListItem\",\"position\":1,\"name\":\"Home\",\"item\":\"https:\/\/apollo-fo.com\/am\/\"},{\"@type\":\"ListItem\",\"position\":2,\"name\":\"Vid\u00e9os\"}]},{\"@type\":\"WebSite\",\"@id\":\"https:\/\/apollo-fo.com\/am\/fr\/#website\",\"url\":\"https:\/\/apollo-fo.com\/am\/fr\/\",\"name\":\"Apollo Asset Management Software\",\"description\":\"\",\"publisher\":{\"@id\":\"https:\/\/apollo-fo.com\/am\/fr\/#organization\"},\"potentialAction\":[{\"@type\":\"SearchAction\",\"target\":{\"@type\":\"EntryPoint\",\"urlTemplate\":\"https:\/\/apollo-fo.com\/am\/fr\/?s={search_term_string}\"},\"query-input\":\"required name=search_term_string\"}],\"inLanguage\":\"fr-FR\"},{\"@type\":\"Organization\",\"@id\":\"https:\/\/apollo-fo.com\/am\/fr\/#organization\",\"name\":\"Apollo Asset Management\",\"url\":\"https:\/\/apollo-fo.com\/am\/fr\/\",\"logo\":{\"@type\":\"ImageObject\",\"inLanguage\":\"fr-FR\",\"@id\":\"https:\/\/apollo-fo.com\/am\/fr\/#\/schema\/logo\/image\/\",\"url\":\"https:\/\/i0.wp.com\/apollo-fo.com\/am\/wp-content\/uploads\/2020\/09\/APOLLO-ASSET-MANAGEMENT-LOGO.png?fit=500%2C500&ssl=1\",\"contentUrl\":\"https:\/\/i0.wp.com\/apollo-fo.com\/am\/wp-content\/uploads\/2020\/09\/APOLLO-ASSET-MANAGEMENT-LOGO.png?fit=500%2C500&ssl=1\",\"width\":500,\"height\":500,\"caption\":\"Apollo Asset Management\"},\"image\":{\"@id\":\"https:\/\/apollo-fo.com\/am\/fr\/#\/schema\/logo\/image\/\"},\"sameAs\":[\"https:\/\/www.facebook.com\/ApolloAssetManagement\",\"https:\/\/www.instagram.com\/apolloassetmanagement\/?hl=fr\",\"https:\/\/fr.linkedin.com\/company\/apollo-asset-management\",\"https:\/\/www.youtube.com\/channel\/UCQme_lUvDNcpPcJ3VhSPojA\"]}]}<\/script>\n<!-- \/ Yoast SEO plugin. -->","yoast_head_json":{"title":"Apollo Asset Management Software vid\u00e9os introductive","description":"Vous trouverez rapidement des petites vid\u00e9os introductive sur nos produits pour la gestion institutionnelle et la gestion priv\u00e9e.","robots":{"index":"index","follow":"follow","max-snippet":"max-snippet:-1","max-image-preview":"max-image-preview:large","max-video-preview":"max-video-preview:-1"},"canonical":"https:\/\/apollo-fo.com\/am\/fr\/videos\/","og_locale":"fr_FR","og_type":"article","og_title":"Apollo Asset Management Software vid\u00e9os introductive","og_description":"Vous trouverez rapidement des petites vid\u00e9os introductive sur nos produits pour la gestion institutionnelle et la gestion priv\u00e9e.","og_url":"https:\/\/apollo-fo.com\/am\/fr\/videos\/","og_site_name":"Apollo Asset Management Software","article_publisher":"https:\/\/www.facebook.com\/ApolloAssetManagement","article_modified_time":"2021-10-18T10:01:49+00:00","og_image":[{"width":1200,"height":675,"url":"https:\/\/i0.wp.com\/apollo-fo.com\/am\/wp-content\/uploads\/2020\/07\/ASSET-MANAGEMENT-VIDEOS-1.jpg?fit=1200%2C675&ssl=1","type":"image\/jpeg"}],"twitter_card":"summary_large_image","schema":{"@context":"https:\/\/schema.org","@graph":[{"@type":"WebPage","@id":"https:\/\/apollo-fo.com\/am\/en\/videos\/","url":"https:\/\/apollo-fo.com\/am\/en\/videos\/","name":"Apollo Asset Management Software vid\u00e9os introductive","isPartOf":{"@id":"https:\/\/apollo-fo.com\/am\/fr\/#website"},"primaryImageOfPage":{"@id":"https:\/\/apollo-fo.com\/am\/en\/videos\/#primaryimage"},"image":{"@id":"https:\/\/apollo-fo.com\/am\/en\/videos\/#primaryimage"},"thumbnailUrl":"https:\/\/i0.wp.com\/apollo-fo.com\/am\/wp-content\/uploads\/2020\/07\/ASSET-MANAGEMENT-VIDEOS-1.jpg?fit=1200%2C675&ssl=1","datePublished":"2020-07-17T12:17:34+00:00","dateModified":"2021-10-18T10:01:49+00:00","description":"Vous trouverez rapidement des petites vid\u00e9os introductive sur nos produits pour la gestion institutionnelle et la gestion priv\u00e9e.","breadcrumb":{"@id":"https:\/\/apollo-fo.com\/am\/en\/videos\/#breadcrumb"},"inLanguage":"fr-FR","potentialAction":[{"@type":"ReadAction","target":["https:\/\/apollo-fo.com\/am\/en\/videos\/"]}]},{"@type":"ImageObject","inLanguage":"fr-FR","@id":"https:\/\/apollo-fo.com\/am\/en\/videos\/#primaryimage","url":"https:\/\/i0.wp.com\/apollo-fo.com\/am\/wp-content\/uploads\/2020\/07\/ASSET-MANAGEMENT-VIDEOS-1.jpg?fit=1200%2C675&ssl=1","contentUrl":"https:\/\/i0.wp.com\/apollo-fo.com\/am\/wp-content\/uploads\/2020\/07\/ASSET-MANAGEMENT-VIDEOS-1.jpg?fit=1200%2C675&ssl=1","width":1200,"height":675},{"@type":"BreadcrumbList","@id":"https:\/\/apollo-fo.com\/am\/en\/videos\/#breadcrumb","itemListElement":[{"@type":"ListItem","position":1,"name":"Home","item":"https:\/\/apollo-fo.com\/am\/"},{"@type":"ListItem","position":2,"name":"Vid\u00e9os"}]},{"@type":"WebSite","@id":"https:\/\/apollo-fo.com\/am\/fr\/#website","url":"https:\/\/apollo-fo.com\/am\/fr\/","name":"Apollo Asset Management Software","description":"","publisher":{"@id":"https:\/\/apollo-fo.com\/am\/fr\/#organization"},"potentialAction":[{"@type":"SearchAction","target":{"@type":"EntryPoint","urlTemplate":"https:\/\/apollo-fo.com\/am\/fr\/?s={search_term_string}"},"query-input":"required name=search_term_string"}],"inLanguage":"fr-FR"},{"@type":"Organization","@id":"https:\/\/apollo-fo.com\/am\/fr\/#organization","name":"Apollo Asset Management","url":"https:\/\/apollo-fo.com\/am\/fr\/","logo":{"@type":"ImageObject","inLanguage":"fr-FR","@id":"https:\/\/apollo-fo.com\/am\/fr\/#\/schema\/logo\/image\/","url":"https:\/\/i0.wp.com\/apollo-fo.com\/am\/wp-content\/uploads\/2020\/09\/APOLLO-ASSET-MANAGEMENT-LOGO.png?fit=500%2C500&ssl=1","contentUrl":"https:\/\/i0.wp.com\/apollo-fo.com\/am\/wp-content\/uploads\/2020\/09\/APOLLO-ASSET-MANAGEMENT-LOGO.png?fit=500%2C500&ssl=1","width":500,"height":500,"caption":"Apollo Asset Management"},"image":{"@id":"https:\/\/apollo-fo.com\/am\/fr\/#\/schema\/logo\/image\/"},"sameAs":["https:\/\/www.facebook.com\/ApolloAssetManagement","https:\/\/www.instagram.com\/apolloassetmanagement\/?hl=fr","https:\/\/fr.linkedin.com\/company\/apollo-asset-management","https:\/\/www.youtube.com\/channel\/UCQme_lUvDNcpPcJ3VhSPojA"]}]}},"jetpack_sharing_enabled":true,"_links":{"self":[{"href":"https:\/\/apollo-fo.com\/am\/fr\/wp-json\/wp\/v2\/pages\/170","targetHints":{"allow":["GET"]}}],"collection":[{"href":"https:\/\/apollo-fo.com\/am\/fr\/wp-json\/wp\/v2\/pages"}],"about":[{"href":"https:\/\/apollo-fo.com\/am\/fr\/wp-json\/wp\/v2\/types\/page"}],"author":[{"embeddable":true,"href":"https:\/\/apollo-fo.com\/am\/fr\/wp-json\/wp\/v2\/users\/1"}],"replies":[{"embeddable":true,"href":"https:\/\/apollo-fo.com\/am\/fr\/wp-json\/wp\/v2\/comments?post=170"}],"version-history":[{"count":5,"href":"https:\/\/apollo-fo.com\/am\/fr\/wp-json\/wp\/v2\/pages\/170\/revisions"}],"predecessor-version":[{"id":1501,"href":"https:\/\/apollo-fo.com\/am\/fr\/wp-json\/wp\/v2\/pages\/170\/revisions\/1501"}],"wp:featuredmedia":[{"embeddable":true,"href":"https:\/\/apollo-fo.com\/am\/fr\/wp-json\/wp\/v2\/media\/388"}],"wp:attachment":[{"href":"https:\/\/apollo-fo.com\/am\/fr\/wp-json\/wp\/v2\/media?parent=170"}],"curies":[{"name":"wp","href":"https:\/\/api.w.org\/{rel}","templated":true}]}}