{"id":1465,"date":"2021-06-21T14:34:17","date_gmt":"2021-06-21T14:34:17","guid":{"rendered":"https:\/\/apollo-fo.com\/am\/?page_id=1465"},"modified":"2022-03-15T14:54:50","modified_gmt":"2022-03-15T14:54:50","slug":"les-enjeux-des-investissements-durables","status":"publish","type":"page","link":"https:\/\/apollo-fo.com\/am\/fr\/les-enjeux-des-investissements-durables\/","title":{"rendered":"Les enjeux des investissements durables"},"content":{"rendered":"\n<p>Les investissements durables et responsables connaissent un fort accroissement depuis quelques ann\u00e9es. <br>Conjointement \u00e0 l&rsquo;int\u00e9r\u00eat grandissant des \u00e9pargnants pour ce type d&rsquo;investissement, le march\u00e9 des fonds labellis\u00e9s et l&rsquo;int\u00e9gration de crit\u00e8res ESG se multiplient.  <br>L&rsquo;\u00e9quipe Apollo se concentre depuis plusieurs mois sur cette th\u00e9matique afin d&rsquo;offrir aux g\u00e9rants <a href=\"https:\/\/apollo-fo.com\/am\/apollo-au-service-dune-strategie-dinvestissement-durable-et-responsable\/\">une offre leur permettant de piloter ses strat\u00e9gies responsables. <\/a><\/p>\n\n\n\n<p><strong>Pour inaugurer le premier Webinar Apollo, nous revenons vers vous sur les concepts et enjeux autour de ces investissements.<\/strong><\/p>\n\n\n\n<div class=\"wp-block-image\"><figure class=\"aligncenter size-large\"><img fetchpriority=\"high\" decoding=\"async\" width=\"731\" height=\"1024\" src=\"https:\/\/i0.wp.com\/apollo-fo.com\/am\/wp-content\/uploads\/2021\/06\/1623944363876.jpg?resize=731%2C1024&#038;ssl=1\" alt=\"Pr\u00e9sentation du th\u00e8me du webinar Apollo sur les investissements durables et responsables \" class=\"wp-image-1467\" srcset=\"https:\/\/i0.wp.com\/apollo-fo.com\/am\/wp-content\/uploads\/2021\/06\/1623944363876.jpg?resize=731%2C1024&amp;ssl=1 731w, https:\/\/i0.wp.com\/apollo-fo.com\/am\/wp-content\/uploads\/2021\/06\/1623944363876.jpg?resize=214%2C300&amp;ssl=1 214w, https:\/\/i0.wp.com\/apollo-fo.com\/am\/wp-content\/uploads\/2021\/06\/1623944363876.jpg?resize=768%2C1075&amp;ssl=1 768w, https:\/\/i0.wp.com\/apollo-fo.com\/am\/wp-content\/uploads\/2021\/06\/1623944363876.jpg?resize=1097%2C1536&amp;ssl=1 1097w, https:\/\/i0.wp.com\/apollo-fo.com\/am\/wp-content\/uploads\/2021\/06\/1623944363876.jpg?resize=9%2C12&amp;ssl=1 9w, https:\/\/i0.wp.com\/apollo-fo.com\/am\/wp-content\/uploads\/2021\/06\/1623944363876.jpg?resize=700%2C980&amp;ssl=1 700w, https:\/\/i0.wp.com\/apollo-fo.com\/am\/wp-content\/uploads\/2021\/06\/1623944363876.jpg?resize=286%2C400&amp;ssl=1 286w, https:\/\/i0.wp.com\/apollo-fo.com\/am\/wp-content\/uploads\/2021\/06\/1623944363876.jpg?resize=17%2C24&amp;ssl=1 17w, https:\/\/i0.wp.com\/apollo-fo.com\/am\/wp-content\/uploads\/2021\/06\/1623944363876.jpg?resize=26%2C36&amp;ssl=1 26w, https:\/\/i0.wp.com\/apollo-fo.com\/am\/wp-content\/uploads\/2021\/06\/1623944363876.jpg?resize=34%2C48&amp;ssl=1 34w, https:\/\/i0.wp.com\/apollo-fo.com\/am\/wp-content\/uploads\/2021\/06\/1623944363876.jpg?w=1280&amp;ssl=1 1280w\" sizes=\"(max-width: 731px) 100vw, 731px\" data-recalc-dims=\"1\" \/><figcaption><em>A l&rsquo;heure o\u00f9 ce type d&rsquo;investissement ne fait que s&rsquo;intensifier, des obstacles se pr\u00e9sentent \u00e9galement : vari\u00e9t\u00e9 des agences de notations, les diff\u00e9rentes m\u00e9thodologies de scoring, des d\u00e9finitions du terme \u00ab\u00a0activit\u00e9 verte\u00a0\u00bb divergentes, l&rsquo;assurance d&rsquo;une orientation strat\u00e9gique 100% durable<strong>..<\/strong><\/em><strong>.<br>Notre \u00e9quipe revient vers vous sur ces sujets lors de ce webinar.<\/strong><\/figcaption><\/figure><\/div>\n\n\n\n<p><strong>On vous donne donc rendez-vous Jeudi 1er Juillet \u00e0 18h sur<a href=\"https:\/\/www.youtube.com\/channel\/UCQme_lUvDNcpPcJ3VhSPojA\"> la cha\u00eene youtube Apollo Asset Management.<\/a><br>Au programme, les interventions de :<\/strong><\/p>\n\n\n\n<ul class=\"wp-block-list\"><li><strong>Corinne Murzeau, Business Analyst<\/strong><\/li><li><strong>Philippe Bessis, Responsable p\u00f4le qualit\u00e9 Apollo<\/strong><\/li><li><strong>Fr\u00e9d\u00e9ric Doueb, Responsable d\u00e9veloppement Apollo<\/strong><\/li><li><strong>et Sylvie Sanchez, Chef de projet Asset Management<\/strong><\/li><\/ul>\n\n\n\n<p><em><strong>Vous pourrez interagir avec nos \u00e9quipes tout au long de la diffusion via la fonction chat de Youtube.  A la fin du webinar, notre \u00e9quipe r\u00e9pondra \u00e0 vos questions sur le chat. <\/strong><\/em><\/p>\n\n\n\n<p><\/p>\n\n\n\n<p class=\"has-large-font-size\"><strong><a href=\"https:\/\/youtu.be\/4ndJ2JcRIs8\" target=\"_blank\" rel=\"noreferrer noopener\">Lien vers notre conf\u00e9rence<\/a><\/strong><br><strong>Restez connect\u00e9s !<\/strong><\/p>\n\n\n\n<figure class=\"wp-block-image size-large\"><img decoding=\"async\" width=\"500\" height=\"318\" src=\"https:\/\/i0.wp.com\/apollo-fo.com\/am\/wp-content\/uploads\/2020\/07\/cropped-P\u00eache-Coup-de-Pinceau-Photographie-Logo-3.gif?resize=500%2C318&#038;ssl=1\" alt=\"Logo du groupe\" class=\"wp-image-15\" data-recalc-dims=\"1\"\/><\/figure>\n","protected":false},"excerpt":{"rendered":"<p>Les investissements durables et responsables connaissent un fort accroissement depuis quelques ann\u00e9es. Conjointement \u00e0 l&rsquo;int\u00e9r\u00eat grandissant des \u00e9pargnants pour ce type d&rsquo;investissement, le march\u00e9 des fonds labellis\u00e9s et l&rsquo;int\u00e9gration de crit\u00e8res ESG se multiplient. L&rsquo;\u00e9quipe Apollo se concentre depuis plusieurs mois sur cette th\u00e9matique afin d&rsquo;offrir aux g\u00e9rants une offre leur permettant de piloter ses [&hellip;]<\/p>\n","protected":false},"author":7,"featured_media":1473,"parent":0,"menu_order":0,"comment_status":"open","ping_status":"closed","template":"","meta":{"om_disable_all_campaigns":false,"_monsterinsights_skip_tracking":false,"_monsterinsights_sitenote_active":false,"_monsterinsights_sitenote_note":"","_monsterinsights_sitenote_category":0,"footnotes":""},"class_list":["post-1465","page","type-page","status-publish","has-post-thumbnail","hentry"],"yoast_head":"<!-- This site is optimized with the Yoast SEO plugin v22.7 - https:\/\/yoast.com\/wordpress\/plugins\/seo\/ -->\n<title>Les enjeux des investissements durables - Apollo Asset Management Software<\/title>\n<meta name=\"description\" content=\"Apollo Asset Management Software vous propose son nouveau concept Les enjeux des investissements durables pour \u00e9changer avec vous sur les th\u00e9matiques actuelles.\" \/>\n<meta name=\"robots\" content=\"index, follow, max-snippet:-1, max-image-preview:large, max-video-preview:-1\" \/>\n<link rel=\"canonical\" href=\"https:\/\/apollo-fo.com\/am\/fr\/les-enjeux-des-investissements-durables\/\" \/>\n<meta property=\"og:locale\" content=\"fr_FR\" \/>\n<meta property=\"og:type\" content=\"article\" \/>\n<meta property=\"og:title\" content=\"Les enjeux des investissements durables - Apollo Asset Management Software\" \/>\n<meta property=\"og:description\" content=\"Apollo Asset Management Software vous propose son nouveau concept Les enjeux des investissements durables pour \u00e9changer avec vous sur les th\u00e9matiques actuelles.\" \/>\n<meta property=\"og:url\" content=\"https:\/\/apollo-fo.com\/am\/fr\/les-enjeux-des-investissements-durables\/\" \/>\n<meta property=\"og:site_name\" content=\"Apollo Asset Management Software\" \/>\n<meta property=\"article:publisher\" content=\"https:\/\/www.facebook.com\/ApolloAssetManagement\" \/>\n<meta property=\"article:modified_time\" content=\"2022-03-15T14:54:50+00:00\" \/>\n<meta property=\"og:image\" content=\"https:\/\/i0.wp.com\/apollo-fo.com\/am\/wp-content\/uploads\/2021\/06\/etet.png?fit=600%2C200&ssl=1\" \/>\n\t<meta property=\"og:image:width\" content=\"600\" \/>\n\t<meta property=\"og:image:height\" content=\"200\" \/>\n\t<meta property=\"og:image:type\" content=\"image\/png\" \/>\n<meta name=\"twitter:card\" content=\"summary_large_image\" \/>\n<meta name=\"twitter:label1\" content=\"Dur\u00e9e de lecture estim\u00e9e\" \/>\n\t<meta name=\"twitter:data1\" content=\"1 minute\" \/>\n<script type=\"application\/ld+json\" class=\"yoast-schema-graph\">{\"@context\":\"https:\/\/schema.org\",\"@graph\":[{\"@type\":\"WebPage\",\"@id\":\"https:\/\/apollo-fo.com\/am\/en\/les-enjeux-des-investissements-durables\/\",\"url\":\"https:\/\/apollo-fo.com\/am\/en\/les-enjeux-des-investissements-durables\/\",\"name\":\"Les enjeux des investissements durables - Apollo Asset Management Software\",\"isPartOf\":{\"@id\":\"https:\/\/apollo-fo.com\/am\/fr\/#website\"},\"primaryImageOfPage\":{\"@id\":\"https:\/\/apollo-fo.com\/am\/en\/les-enjeux-des-investissements-durables\/#primaryimage\"},\"image\":{\"@id\":\"https:\/\/apollo-fo.com\/am\/en\/les-enjeux-des-investissements-durables\/#primaryimage\"},\"thumbnailUrl\":\"https:\/\/i0.wp.com\/apollo-fo.com\/am\/wp-content\/uploads\/2021\/06\/etet.png?fit=600%2C200&ssl=1\",\"datePublished\":\"2021-06-21T14:34:17+00:00\",\"dateModified\":\"2022-03-15T14:54:50+00:00\",\"description\":\"Apollo Asset Management Software vous propose son nouveau concept Les enjeux des investissements durables pour \u00e9changer avec vous sur les th\u00e9matiques actuelles.\",\"breadcrumb\":{\"@id\":\"https:\/\/apollo-fo.com\/am\/en\/les-enjeux-des-investissements-durables\/#breadcrumb\"},\"inLanguage\":\"fr-FR\",\"potentialAction\":[{\"@type\":\"ReadAction\",\"target\":[\"https:\/\/apollo-fo.com\/am\/en\/les-enjeux-des-investissements-durables\/\"]}]},{\"@type\":\"ImageObject\",\"inLanguage\":\"fr-FR\",\"@id\":\"https:\/\/apollo-fo.com\/am\/en\/les-enjeux-des-investissements-durables\/#primaryimage\",\"url\":\"https:\/\/i0.wp.com\/apollo-fo.com\/am\/wp-content\/uploads\/2021\/06\/etet.png?fit=600%2C200&ssl=1\",\"contentUrl\":\"https:\/\/i0.wp.com\/apollo-fo.com\/am\/wp-content\/uploads\/2021\/06\/etet.png?fit=600%2C200&ssl=1\",\"width\":600,\"height\":200},{\"@type\":\"BreadcrumbList\",\"@id\":\"https:\/\/apollo-fo.com\/am\/en\/les-enjeux-des-investissements-durables\/#breadcrumb\",\"itemListElement\":[{\"@type\":\"ListItem\",\"position\":1,\"name\":\"Home\",\"item\":\"https:\/\/apollo-fo.com\/am\/\"},{\"@type\":\"ListItem\",\"position\":2,\"name\":\"Les enjeux des investissements durables\"}]},{\"@type\":\"WebSite\",\"@id\":\"https:\/\/apollo-fo.com\/am\/fr\/#website\",\"url\":\"https:\/\/apollo-fo.com\/am\/fr\/\",\"name\":\"Apollo Asset Management Software\",\"description\":\"\",\"publisher\":{\"@id\":\"https:\/\/apollo-fo.com\/am\/fr\/#organization\"},\"potentialAction\":[{\"@type\":\"SearchAction\",\"target\":{\"@type\":\"EntryPoint\",\"urlTemplate\":\"https:\/\/apollo-fo.com\/am\/fr\/?s={search_term_string}\"},\"query-input\":\"required name=search_term_string\"}],\"inLanguage\":\"fr-FR\"},{\"@type\":\"Organization\",\"@id\":\"https:\/\/apollo-fo.com\/am\/fr\/#organization\",\"name\":\"Apollo Asset Management\",\"url\":\"https:\/\/apollo-fo.com\/am\/fr\/\",\"logo\":{\"@type\":\"ImageObject\",\"inLanguage\":\"fr-FR\",\"@id\":\"https:\/\/apollo-fo.com\/am\/fr\/#\/schema\/logo\/image\/\",\"url\":\"https:\/\/i0.wp.com\/apollo-fo.com\/am\/wp-content\/uploads\/2020\/09\/APOLLO-ASSET-MANAGEMENT-LOGO.png?fit=500%2C500&ssl=1\",\"contentUrl\":\"https:\/\/i0.wp.com\/apollo-fo.com\/am\/wp-content\/uploads\/2020\/09\/APOLLO-ASSET-MANAGEMENT-LOGO.png?fit=500%2C500&ssl=1\",\"width\":500,\"height\":500,\"caption\":\"Apollo Asset Management\"},\"image\":{\"@id\":\"https:\/\/apollo-fo.com\/am\/fr\/#\/schema\/logo\/image\/\"},\"sameAs\":[\"https:\/\/www.facebook.com\/ApolloAssetManagement\",\"https:\/\/www.instagram.com\/apolloassetmanagement\/?hl=fr\",\"https:\/\/fr.linkedin.com\/company\/apollo-asset-management\",\"https:\/\/www.youtube.com\/channel\/UCQme_lUvDNcpPcJ3VhSPojA\"]}]}<\/script>\n<!-- \/ Yoast SEO plugin. -->","yoast_head_json":{"title":"Les enjeux des investissements durables - Apollo Asset Management Software","description":"Apollo Asset Management Software vous propose son nouveau concept Les enjeux des investissements durables pour \u00e9changer avec vous sur les th\u00e9matiques actuelles.","robots":{"index":"index","follow":"follow","max-snippet":"max-snippet:-1","max-image-preview":"max-image-preview:large","max-video-preview":"max-video-preview:-1"},"canonical":"https:\/\/apollo-fo.com\/am\/fr\/les-enjeux-des-investissements-durables\/","og_locale":"fr_FR","og_type":"article","og_title":"Les enjeux des investissements durables - Apollo Asset Management Software","og_description":"Apollo Asset Management Software vous propose son nouveau concept Les enjeux des investissements durables pour \u00e9changer avec vous sur les th\u00e9matiques actuelles.","og_url":"https:\/\/apollo-fo.com\/am\/fr\/les-enjeux-des-investissements-durables\/","og_site_name":"Apollo Asset Management Software","article_publisher":"https:\/\/www.facebook.com\/ApolloAssetManagement","article_modified_time":"2022-03-15T14:54:50+00:00","og_image":[{"width":600,"height":200,"url":"https:\/\/i0.wp.com\/apollo-fo.com\/am\/wp-content\/uploads\/2021\/06\/etet.png?fit=600%2C200&ssl=1","type":"image\/png"}],"twitter_card":"summary_large_image","twitter_misc":{"Dur\u00e9e de lecture estim\u00e9e":"1 minute"},"schema":{"@context":"https:\/\/schema.org","@graph":[{"@type":"WebPage","@id":"https:\/\/apollo-fo.com\/am\/en\/les-enjeux-des-investissements-durables\/","url":"https:\/\/apollo-fo.com\/am\/en\/les-enjeux-des-investissements-durables\/","name":"Les enjeux des investissements durables - Apollo Asset Management Software","isPartOf":{"@id":"https:\/\/apollo-fo.com\/am\/fr\/#website"},"primaryImageOfPage":{"@id":"https:\/\/apollo-fo.com\/am\/en\/les-enjeux-des-investissements-durables\/#primaryimage"},"image":{"@id":"https:\/\/apollo-fo.com\/am\/en\/les-enjeux-des-investissements-durables\/#primaryimage"},"thumbnailUrl":"https:\/\/i0.wp.com\/apollo-fo.com\/am\/wp-content\/uploads\/2021\/06\/etet.png?fit=600%2C200&ssl=1","datePublished":"2021-06-21T14:34:17+00:00","dateModified":"2022-03-15T14:54:50+00:00","description":"Apollo Asset Management Software vous propose son nouveau concept Les enjeux des investissements durables pour \u00e9changer avec vous sur les th\u00e9matiques actuelles.","breadcrumb":{"@id":"https:\/\/apollo-fo.com\/am\/en\/les-enjeux-des-investissements-durables\/#breadcrumb"},"inLanguage":"fr-FR","potentialAction":[{"@type":"ReadAction","target":["https:\/\/apollo-fo.com\/am\/en\/les-enjeux-des-investissements-durables\/"]}]},{"@type":"ImageObject","inLanguage":"fr-FR","@id":"https:\/\/apollo-fo.com\/am\/en\/les-enjeux-des-investissements-durables\/#primaryimage","url":"https:\/\/i0.wp.com\/apollo-fo.com\/am\/wp-content\/uploads\/2021\/06\/etet.png?fit=600%2C200&ssl=1","contentUrl":"https:\/\/i0.wp.com\/apollo-fo.com\/am\/wp-content\/uploads\/2021\/06\/etet.png?fit=600%2C200&ssl=1","width":600,"height":200},{"@type":"BreadcrumbList","@id":"https:\/\/apollo-fo.com\/am\/en\/les-enjeux-des-investissements-durables\/#breadcrumb","itemListElement":[{"@type":"ListItem","position":1,"name":"Home","item":"https:\/\/apollo-fo.com\/am\/"},{"@type":"ListItem","position":2,"name":"Les enjeux des investissements durables"}]},{"@type":"WebSite","@id":"https:\/\/apollo-fo.com\/am\/fr\/#website","url":"https:\/\/apollo-fo.com\/am\/fr\/","name":"Apollo Asset Management Software","description":"","publisher":{"@id":"https:\/\/apollo-fo.com\/am\/fr\/#organization"},"potentialAction":[{"@type":"SearchAction","target":{"@type":"EntryPoint","urlTemplate":"https:\/\/apollo-fo.com\/am\/fr\/?s={search_term_string}"},"query-input":"required name=search_term_string"}],"inLanguage":"fr-FR"},{"@type":"Organization","@id":"https:\/\/apollo-fo.com\/am\/fr\/#organization","name":"Apollo Asset Management","url":"https:\/\/apollo-fo.com\/am\/fr\/","logo":{"@type":"ImageObject","inLanguage":"fr-FR","@id":"https:\/\/apollo-fo.com\/am\/fr\/#\/schema\/logo\/image\/","url":"https:\/\/i0.wp.com\/apollo-fo.com\/am\/wp-content\/uploads\/2020\/09\/APOLLO-ASSET-MANAGEMENT-LOGO.png?fit=500%2C500&ssl=1","contentUrl":"https:\/\/i0.wp.com\/apollo-fo.com\/am\/wp-content\/uploads\/2020\/09\/APOLLO-ASSET-MANAGEMENT-LOGO.png?fit=500%2C500&ssl=1","width":500,"height":500,"caption":"Apollo Asset Management"},"image":{"@id":"https:\/\/apollo-fo.com\/am\/fr\/#\/schema\/logo\/image\/"},"sameAs":["https:\/\/www.facebook.com\/ApolloAssetManagement","https:\/\/www.instagram.com\/apolloassetmanagement\/?hl=fr","https:\/\/fr.linkedin.com\/company\/apollo-asset-management","https:\/\/www.youtube.com\/channel\/UCQme_lUvDNcpPcJ3VhSPojA"]}]}},"jetpack_sharing_enabled":true,"_links":{"self":[{"href":"https:\/\/apollo-fo.com\/am\/fr\/wp-json\/wp\/v2\/pages\/1465","targetHints":{"allow":["GET"]}}],"collection":[{"href":"https:\/\/apollo-fo.com\/am\/fr\/wp-json\/wp\/v2\/pages"}],"about":[{"href":"https:\/\/apollo-fo.com\/am\/fr\/wp-json\/wp\/v2\/types\/page"}],"author":[{"embeddable":true,"href":"https:\/\/apollo-fo.com\/am\/fr\/wp-json\/wp\/v2\/users\/7"}],"replies":[{"embeddable":true,"href":"https:\/\/apollo-fo.com\/am\/fr\/wp-json\/wp\/v2\/comments?post=1465"}],"version-history":[{"count":4,"href":"https:\/\/apollo-fo.com\/am\/fr\/wp-json\/wp\/v2\/pages\/1465\/revisions"}],"predecessor-version":[{"id":1520,"href":"https:\/\/apollo-fo.com\/am\/fr\/wp-json\/wp\/v2\/pages\/1465\/revisions\/1520"}],"wp:featuredmedia":[{"embeddable":true,"href":"https:\/\/apollo-fo.com\/am\/fr\/wp-json\/wp\/v2\/media\/1473"}],"wp:attachment":[{"href":"https:\/\/apollo-fo.com\/am\/fr\/wp-json\/wp\/v2\/media?parent=1465"}],"curies":[{"name":"wp","href":"https:\/\/api.w.org\/{rel}","templated":true}]}}