{"id":609,"date":"2020-07-29T09:43:40","date_gmt":"2020-07-29T09:43:40","guid":{"rendered":"https:\/\/apollo-fo.com\/am\/?page_id=609"},"modified":"2020-08-04T12:48:33","modified_gmt":"2020-08-04T12:48:33","slug":"glossaire","status":"publish","type":"page","link":"https:\/\/apollo-fo.com\/am\/en\/glossaire\/","title":{"rendered":"GLOSSAIRE"},"content":{"rendered":"<h2 class=\"wp-block-heading\"><strong>Termes&nbsp;fonctionnels&nbsp;principaux<\/strong><\/h2>\n\n\n\n<p>\u25b6<strong>Assets :&nbsp;<\/strong>Also called financial instrument or security or security, negotiable on a financial market, likely to produce income for its holder (shares, bonds, UCIs, etc.).<\/p>\n\n\n\n<p>\u25b6<strong>Blotters<\/strong>: The blotters are the screens where it is possible to validate or cancel assets in bulk, by selecting tick boxes. They can be blotters of orders, transactions, management acts, etc.<\/p>\n\n\n\n<p>\u25b6<strong>Portfolio Account&nbsp;<\/strong>: The account has a well-defined nature, it can be an ordinary securities account, a life insurance contract, etc. An account is directly linked to one or several customers (depending on the bank's information system). An account only belongs to one mandate.<\/p>\n\n\n\n<p>\u25b6<strong>Intervention Domain<\/strong>: The scope of management of a manager is not necessarily limited to his own portfolios: Apollo allows a given user to extend his scope of management to the accounts of other users through the area of intervention.<\/p>\n\n\n\n<p>\u25b6<strong>Filters on perimeter :&nbsp;<\/strong>: Set of portfolios, or assets, corresponding to a criterion. Let\u2019s you build the scope of analysis from a combination of filters.&nbsp;<\/p>\n\n\n\n<p>\u25b6<strong>EDM (Electronic Document Management)&nbsp;<\/strong>: It is possible to associate a documentation management service (EDM) with certain entities. This service allows you to view, add, and log documents related to the entity.<\/p>\n\n\n\n<p>\u25b6<strong>Order Intent&nbsp;<\/strong>: Order Intent is the step just before the order is generated. We can call it a simulation.&nbsp;<\/p>\n\n\n\n<p>\u25b6<strong>Mandate<\/strong>: In Apollo, the mandate carries management information often managed locally such as the management profile, the allocation grid and the model portfolio. The mandate \/ client link is made implicitly through the linking of accounts to mandates (clients holding accounts attached to a mandate are themselves clients of this mandate).<\/p>\n\n\n\n<p>\u25b6<strong>Bulk order&nbsp;<\/strong>: In Apollo, a block order is an order made on an asset but for a set of portfolios.<\/p>\n\n\n\n<p>\u25b6<strong>Single order&nbsp;<\/strong>: In Apollo, a simple order is an order placed on an asset but for a single portfolio.<\/p>\n\n\n\n<p>\u25b6<strong>Performance :<\/strong>&nbsp;Portfolio yield, several formulas are available (CWR, TWR, IRR). The term Performance is generally used instead of yield.&nbsp;<\/p>\n\n\n\n<p>\u25b6<strong>Management profile&nbsp;<\/strong>: The management profile (sometimes called Objective or Management Orientation) corresponds to an allocation of assets according to the degree of risk accepted, the investment horizon, the expertise and the ethical choices of the client.&nbsp;<\/p>\n\n\n\n<p>\u25b6<strong>Workflow :&nbsp;<\/strong>Representation of a set of processes (entry, validation, ...) carried out for a type of entity (mandate, client, portfolio, order, ...) and registered in a process (steps, sequences, ...). \u2013In Apollo, we mainly talk about the workflow of mandates, orders and management acts.<\/p>","protected":false},"excerpt":{"rendered":"<p>Termes&nbsp;fonctionnels&nbsp;principaux \u25b6Actif&nbsp;&nbsp;:&nbsp;Appel\u00e9 \u00e9galement instrument financier ou valeur ou titre, n\u00e9gociable sur un march\u00e9 financier, susceptible de produire \u00e0 son d\u00e9tenteur des revenus (Action, obligation, OPC, \u2026). \u25b6Blotters: Les&nbsp;blotters&nbsp;sont des \u00e9crans sur lesquels il est possible de faire des actions de validation ou d\u2019annulation en masse par s\u00e9lection de cases \u00e0 cocher. Il peut s\u2019agir de&nbsp;blotter&nbsp;d\u2019ordres, [&hellip;]<\/p>","protected":false},"author":3,"featured_media":620,"parent":0,"menu_order":0,"comment_status":"closed","ping_status":"closed","template":"","meta":{"om_disable_all_campaigns":false,"_monsterinsights_skip_tracking":false,"_monsterinsights_sitenote_active":false,"_monsterinsights_sitenote_note":"","_monsterinsights_sitenote_category":0,"footnotes":""},"class_list":["post-609","page","type-page","status-publish","has-post-thumbnail","hentry"],"yoast_head":"<!-- This site is optimized with the Yoast SEO plugin v22.7 - https:\/\/yoast.com\/wordpress\/plugins\/seo\/ -->\n<title>GLOSSAIRE - Apollo Asset Management Software<\/title>\n<meta name=\"description\" content=\"Veuillez trouver notre glossaire sur cette page. Le but est rassembler plusieurs d\u00e9finitions de termes afin de faciliter la lecture de notre site.\" \/>\n<meta name=\"robots\" content=\"index, follow, max-snippet:-1, max-image-preview:large, max-video-preview:-1\" \/>\n<link rel=\"canonical\" href=\"https:\/\/apollo-fo.com\/am\/en\/glossaire\/\" \/>\n<meta property=\"og:locale\" content=\"en_GB\" \/>\n<meta property=\"og:type\" content=\"article\" \/>\n<meta property=\"og:title\" content=\"GLOSSAIRE - Apollo Asset Management Software\" \/>\n<meta property=\"og:description\" content=\"Veuillez trouver notre glossaire sur cette page. Le but est rassembler plusieurs d\u00e9finitions de termes afin de faciliter la lecture de notre site.\" \/>\n<meta property=\"og:url\" content=\"https:\/\/apollo-fo.com\/am\/en\/glossaire\/\" \/>\n<meta property=\"og:site_name\" content=\"Apollo Asset Management Software\" \/>\n<meta property=\"article:publisher\" content=\"https:\/\/www.facebook.com\/ApolloAssetManagement\" \/>\n<meta property=\"article:modified_time\" content=\"2020-08-04T12:48:33+00:00\" \/>\n<meta property=\"og:image\" content=\"https:\/\/apollo-fo.com\/am\/wp-content\/uploads\/2020\/07\/1.png\" \/>\n\t<meta property=\"og:image:width\" content=\"1400\" \/>\n\t<meta property=\"og:image:height\" content=\"425\" \/>\n\t<meta property=\"og:image:type\" content=\"image\/png\" \/>\n<meta name=\"twitter:card\" content=\"summary_large_image\" \/>\n<meta name=\"twitter:label1\" content=\"Estimated reading time\" \/>\n\t<meta name=\"twitter:data1\" content=\"3 minutes\" \/>\n<script type=\"application\/ld+json\" class=\"yoast-schema-graph\">{\"@context\":\"https:\/\/schema.org\",\"@graph\":[{\"@type\":\"WebPage\",\"@id\":\"https:\/\/apollo-fo.com\/am\/glossaire\/\",\"url\":\"https:\/\/apollo-fo.com\/am\/glossaire\/\",\"name\":\"GLOSSAIRE - Apollo Asset Management Software\",\"isPartOf\":{\"@id\":\"https:\/\/apollo-fo.com\/am\/fr\/#website\"},\"primaryImageOfPage\":{\"@id\":\"https:\/\/apollo-fo.com\/am\/glossaire\/#primaryimage\"},\"image\":{\"@id\":\"https:\/\/apollo-fo.com\/am\/glossaire\/#primaryimage\"},\"thumbnailUrl\":\"https:\/\/i0.wp.com\/apollo-fo.com\/am\/wp-content\/uploads\/2020\/07\/1.png?fit=1400%2C425&ssl=1\",\"datePublished\":\"2020-07-29T09:43:40+00:00\",\"dateModified\":\"2020-08-04T12:48:33+00:00\",\"description\":\"Veuillez trouver notre glossaire sur cette page. Le but est rassembler plusieurs d\u00e9finitions de termes afin de faciliter la lecture de notre site.\",\"breadcrumb\":{\"@id\":\"https:\/\/apollo-fo.com\/am\/glossaire\/#breadcrumb\"},\"inLanguage\":\"en-GB\",\"potentialAction\":[{\"@type\":\"ReadAction\",\"target\":[\"https:\/\/apollo-fo.com\/am\/glossaire\/\"]}]},{\"@type\":\"ImageObject\",\"inLanguage\":\"en-GB\",\"@id\":\"https:\/\/apollo-fo.com\/am\/glossaire\/#primaryimage\",\"url\":\"https:\/\/i0.wp.com\/apollo-fo.com\/am\/wp-content\/uploads\/2020\/07\/1.png?fit=1400%2C425&ssl=1\",\"contentUrl\":\"https:\/\/i0.wp.com\/apollo-fo.com\/am\/wp-content\/uploads\/2020\/07\/1.png?fit=1400%2C425&ssl=1\",\"width\":1400,\"height\":425},{\"@type\":\"BreadcrumbList\",\"@id\":\"https:\/\/apollo-fo.com\/am\/glossaire\/#breadcrumb\",\"itemListElement\":[{\"@type\":\"ListItem\",\"position\":1,\"name\":\"Home\",\"item\":\"https:\/\/apollo-fo.com\/am\/\"},{\"@type\":\"ListItem\",\"position\":2,\"name\":\"GLOSSAIRE\"}]},{\"@type\":\"WebSite\",\"@id\":\"https:\/\/apollo-fo.com\/am\/fr\/#website\",\"url\":\"https:\/\/apollo-fo.com\/am\/fr\/\",\"name\":\"Apollo Asset Management Software\",\"description\":\"\",\"publisher\":{\"@id\":\"https:\/\/apollo-fo.com\/am\/fr\/#organization\"},\"potentialAction\":[{\"@type\":\"SearchAction\",\"target\":{\"@type\":\"EntryPoint\",\"urlTemplate\":\"https:\/\/apollo-fo.com\/am\/fr\/?s={search_term_string}\"},\"query-input\":\"required name=search_term_string\"}],\"inLanguage\":\"en-GB\"},{\"@type\":\"Organization\",\"@id\":\"https:\/\/apollo-fo.com\/am\/fr\/#organization\",\"name\":\"Apollo Asset Management\",\"url\":\"https:\/\/apollo-fo.com\/am\/fr\/\",\"logo\":{\"@type\":\"ImageObject\",\"inLanguage\":\"en-GB\",\"@id\":\"https:\/\/apollo-fo.com\/am\/fr\/#\/schema\/logo\/image\/\",\"url\":\"https:\/\/i0.wp.com\/apollo-fo.com\/am\/wp-content\/uploads\/2020\/09\/APOLLO-ASSET-MANAGEMENT-LOGO.png?fit=500%2C500&ssl=1\",\"contentUrl\":\"https:\/\/i0.wp.com\/apollo-fo.com\/am\/wp-content\/uploads\/2020\/09\/APOLLO-ASSET-MANAGEMENT-LOGO.png?fit=500%2C500&ssl=1\",\"width\":500,\"height\":500,\"caption\":\"Apollo Asset Management\"},\"image\":{\"@id\":\"https:\/\/apollo-fo.com\/am\/fr\/#\/schema\/logo\/image\/\"},\"sameAs\":[\"https:\/\/www.facebook.com\/ApolloAssetManagement\",\"https:\/\/www.instagram.com\/apolloassetmanagement\/?hl=fr\",\"https:\/\/fr.linkedin.com\/company\/apollo-asset-management\",\"https:\/\/www.youtube.com\/channel\/UCQme_lUvDNcpPcJ3VhSPojA\"]}]}<\/script>\n<!-- \/ Yoast SEO plugin. -->","yoast_head_json":{"title":"GLOSSAIRE - Apollo Asset Management Software","description":"Veuillez trouver notre glossaire sur cette page. Le but est rassembler plusieurs d\u00e9finitions de termes afin de faciliter la lecture de notre site.","robots":{"index":"index","follow":"follow","max-snippet":"max-snippet:-1","max-image-preview":"max-image-preview:large","max-video-preview":"max-video-preview:-1"},"canonical":"https:\/\/apollo-fo.com\/am\/en\/glossaire\/","og_locale":"en_GB","og_type":"article","og_title":"GLOSSAIRE - Apollo Asset Management Software","og_description":"Veuillez trouver notre glossaire sur cette page. Le but est rassembler plusieurs d\u00e9finitions de termes afin de faciliter la lecture de notre site.","og_url":"https:\/\/apollo-fo.com\/am\/en\/glossaire\/","og_site_name":"Apollo Asset Management Software","article_publisher":"https:\/\/www.facebook.com\/ApolloAssetManagement","article_modified_time":"2020-08-04T12:48:33+00:00","og_image":[{"width":1400,"height":425,"url":"https:\/\/apollo-fo.com\/am\/wp-content\/uploads\/2020\/07\/1.png","type":"image\/png"}],"twitter_card":"summary_large_image","twitter_misc":{"Estimated reading time":"3 minutes"},"schema":{"@context":"https:\/\/schema.org","@graph":[{"@type":"WebPage","@id":"https:\/\/apollo-fo.com\/am\/glossaire\/","url":"https:\/\/apollo-fo.com\/am\/glossaire\/","name":"GLOSSAIRE - Apollo Asset Management Software","isPartOf":{"@id":"https:\/\/apollo-fo.com\/am\/fr\/#website"},"primaryImageOfPage":{"@id":"https:\/\/apollo-fo.com\/am\/glossaire\/#primaryimage"},"image":{"@id":"https:\/\/apollo-fo.com\/am\/glossaire\/#primaryimage"},"thumbnailUrl":"https:\/\/i0.wp.com\/apollo-fo.com\/am\/wp-content\/uploads\/2020\/07\/1.png?fit=1400%2C425&ssl=1","datePublished":"2020-07-29T09:43:40+00:00","dateModified":"2020-08-04T12:48:33+00:00","description":"Veuillez trouver notre glossaire sur cette page. Le but est rassembler plusieurs d\u00e9finitions de termes afin de faciliter la lecture de notre site.","breadcrumb":{"@id":"https:\/\/apollo-fo.com\/am\/glossaire\/#breadcrumb"},"inLanguage":"en-GB","potentialAction":[{"@type":"ReadAction","target":["https:\/\/apollo-fo.com\/am\/glossaire\/"]}]},{"@type":"ImageObject","inLanguage":"en-GB","@id":"https:\/\/apollo-fo.com\/am\/glossaire\/#primaryimage","url":"https:\/\/i0.wp.com\/apollo-fo.com\/am\/wp-content\/uploads\/2020\/07\/1.png?fit=1400%2C425&ssl=1","contentUrl":"https:\/\/i0.wp.com\/apollo-fo.com\/am\/wp-content\/uploads\/2020\/07\/1.png?fit=1400%2C425&ssl=1","width":1400,"height":425},{"@type":"BreadcrumbList","@id":"https:\/\/apollo-fo.com\/am\/glossaire\/#breadcrumb","itemListElement":[{"@type":"ListItem","position":1,"name":"Home","item":"https:\/\/apollo-fo.com\/am\/"},{"@type":"ListItem","position":2,"name":"GLOSSAIRE"}]},{"@type":"WebSite","@id":"https:\/\/apollo-fo.com\/am\/fr\/#website","url":"https:\/\/apollo-fo.com\/am\/fr\/","name":"Apollo Asset Management Software","description":"","publisher":{"@id":"https:\/\/apollo-fo.com\/am\/fr\/#organization"},"potentialAction":[{"@type":"SearchAction","target":{"@type":"EntryPoint","urlTemplate":"https:\/\/apollo-fo.com\/am\/fr\/?s={search_term_string}"},"query-input":"required name=search_term_string"}],"inLanguage":"en-GB"},{"@type":"Organization","@id":"https:\/\/apollo-fo.com\/am\/fr\/#organization","name":"Apollo Asset Management","url":"https:\/\/apollo-fo.com\/am\/fr\/","logo":{"@type":"ImageObject","inLanguage":"en-GB","@id":"https:\/\/apollo-fo.com\/am\/fr\/#\/schema\/logo\/image\/","url":"https:\/\/i0.wp.com\/apollo-fo.com\/am\/wp-content\/uploads\/2020\/09\/APOLLO-ASSET-MANAGEMENT-LOGO.png?fit=500%2C500&ssl=1","contentUrl":"https:\/\/i0.wp.com\/apollo-fo.com\/am\/wp-content\/uploads\/2020\/09\/APOLLO-ASSET-MANAGEMENT-LOGO.png?fit=500%2C500&ssl=1","width":500,"height":500,"caption":"Apollo Asset Management"},"image":{"@id":"https:\/\/apollo-fo.com\/am\/fr\/#\/schema\/logo\/image\/"},"sameAs":["https:\/\/www.facebook.com\/ApolloAssetManagement","https:\/\/www.instagram.com\/apolloassetmanagement\/?hl=fr","https:\/\/fr.linkedin.com\/company\/apollo-asset-management","https:\/\/www.youtube.com\/channel\/UCQme_lUvDNcpPcJ3VhSPojA"]}]}},"jetpack_sharing_enabled":true,"_links":{"self":[{"href":"https:\/\/apollo-fo.com\/am\/en\/wp-json\/wp\/v2\/pages\/609","targetHints":{"allow":["GET"]}}],"collection":[{"href":"https:\/\/apollo-fo.com\/am\/en\/wp-json\/wp\/v2\/pages"}],"about":[{"href":"https:\/\/apollo-fo.com\/am\/en\/wp-json\/wp\/v2\/types\/page"}],"author":[{"embeddable":true,"href":"https:\/\/apollo-fo.com\/am\/en\/wp-json\/wp\/v2\/users\/3"}],"replies":[{"embeddable":true,"href":"https:\/\/apollo-fo.com\/am\/en\/wp-json\/wp\/v2\/comments?post=609"}],"version-history":[{"count":4,"href":"https:\/\/apollo-fo.com\/am\/en\/wp-json\/wp\/v2\/pages\/609\/revisions"}],"predecessor-version":[{"id":720,"href":"https:\/\/apollo-fo.com\/am\/en\/wp-json\/wp\/v2\/pages\/609\/revisions\/720"}],"wp:featuredmedia":[{"embeddable":true,"href":"https:\/\/apollo-fo.com\/am\/en\/wp-json\/wp\/v2\/media\/620"}],"wp:attachment":[{"href":"https:\/\/apollo-fo.com\/am\/en\/wp-json\/wp\/v2\/media?parent=609"}],"curies":[{"name":"wp","href":"https:\/\/api.w.org\/{rel}","templated":true}]}}