{"id":459,"date":"2020-07-22T13:13:02","date_gmt":"2020-07-22T13:13:02","guid":{"rendered":"https:\/\/apollo-fo.com\/assetmanagement\/?page_id=459"},"modified":"2023-06-13T15:11:00","modified_gmt":"2023-06-13T15:11:00","slug":"demo-request-form","status":"publish","type":"page","link":"https:\/\/apollo-fo.com\/am\/en\/demo-request-form\/","title":{"rendered":"Demandez une d\u00e9mo"},"content":{"rendered":"<div class=\"wpforms-container wpforms-container-full\" id=\"wpforms-458\"><form id=\"wpforms-form-458\" class=\"wpforms-validate wpforms-form\" data-formid=\"458\" method=\"post\" enctype=\"multipart\/form-data\" action=\"\/am\/en\/wp-json\/wp\/v2\/pages\/459\" data-token=\"52a449df7d4bf3530be3689f18dc536d\" data-token-time=\"1777044485\" data-trp-original-action=\"\/am\/en\/wp-json\/wp\/v2\/pages\/459\"><noscript class=\"wpforms-error-noscript\">Please enable JavaScript in your browser to complete this form.<\/noscript><div class=\"wpforms-field-container\"><div id=\"wpforms-458-field_0-container\" class=\"wpforms-field wpforms-field-name\" data-field-id=\"0\"><label class=\"wpforms-field-label\" for=\"wpforms-458-field_0\">Full Name <span class=\"wpforms-required-label\">*<\/span><\/label><input type=\"text\" id=\"wpforms-458-field_0\" class=\"wpforms-field-medium wpforms-field-required\" name=\"wpforms[fields][0]\" required><\/div><div id=\"wpforms-458-field_1-container\" class=\"wpforms-field wpforms-field-email\" data-field-id=\"1\"><label class=\"wpforms-field-label\" for=\"wpforms-458-field_1\">Email ID <span class=\"wpforms-required-label\">*<\/span><\/label><input type=\"email\" id=\"wpforms-458-field_1\" class=\"wpforms-field-medium wpforms-field-required\" name=\"wpforms[fields][1]\" spellcheck=\"false\" required><div class=\"wpforms-field-description\">Business Email<\/div><\/div><div id=\"wpforms-458-field_3-container\" class=\"wpforms-field wpforms-field-number\" data-field-id=\"3\"><label class=\"wpforms-field-label\" for=\"wpforms-458-field_3\">Phone Number <span class=\"wpforms-required-label\">*<\/span><\/label><input type=\"number\" id=\"wpforms-458-field_3\" class=\"wpforms-field-medium wpforms-field-required\" name=\"wpforms[fields][3]\" required><\/div><div id=\"wpforms-458-field_2-container\" class=\"wpforms-field wpforms-field-textarea\" data-field-id=\"2\"><label class=\"wpforms-field-label\" for=\"wpforms-458-field_2\">Details of your request<\/label><textarea id=\"wpforms-458-field_2\" class=\"wpforms-field-medium\" name=\"wpforms[fields][2]\" ><\/textarea><\/div><\/div><!-- .wpforms-field-container --><div class=\"wpforms-field wpforms-field-hp\"><label for=\"wpforms-458-field-hp\" class=\"wpforms-field-label\">Phone<\/label><input type=\"text\" name=\"wpforms[hp]\" id=\"wpforms-458-field-hp\" class=\"wpforms-field-medium\"><\/div><div class=\"wpforms-recaptcha-container wpforms-is-recaptcha wpforms-is-recaptcha-type-invisible\" ><div class=\"g-recaptcha\" data-sitekey=\"6Ldt1swZAAAAAGWMFt_zgQzdq37v_zQL4WQox41h\" data-size=\"invisible\"><\/div><\/div><div class=\"wpforms-submit-container\" ><input type=\"hidden\" name=\"wpforms[id]\" value=\"458\"><input type=\"hidden\" name=\"page_title\" value=\"\"><input type=\"hidden\" name=\"page_url\" value=\"https:\/\/apollo-fo.com\/am\/en\/wp-json\/wp\/v2\/pages\/459\"><button type=\"submit\" name=\"wpforms[submit]\" id=\"wpforms-submit-458\" class=\"wpforms-submit\" data-alt-text=\"Envoi en cours\u2026\" data-submit-text=\"Envoyer\" aria-live=\"assertive\" value=\"wpforms-submit\">Send<\/button><\/div><input type=\"hidden\" name=\"trp-form-language\" value=\"en\"\/><\/form><\/div>  <!-- .wpforms-container -->\n\n\n\n<div style=\"height:100px\" aria-hidden=\"true\" class=\"wp-block-spacer\"><\/div>\n\n\n\n<h3 class=\"wp-block-heading has-text-align-center\">Here are some features presented in the demo:<\/h3>\n\n\n\n<div class=\"wp-block-jetpack-slideshow\" data-autoplay=\"true\" data-delay=\"3\" data-effect=\"fade\"><div class=\"wp-block-jetpack-slideshow_container swiper-container\"><ul class=\"wp-block-jetpack-slideshow_swiper-wrapper swiper-wrapper\"><li class=\"wp-block-jetpack-slideshow_slide swiper-slide\"><figure><img fetchpriority=\"high\" decoding=\"async\" width=\"1024\" height=\"767\" alt=\"\" class=\"wp-block-jetpack-slideshow_image wp-image-782\" data-id=\"782\" src=\"https:\/\/i0.wp.com\/apollo-fo.com\/am\/wp-content\/uploads\/2020\/08\/Capture-d\u2019\u00e9cran-2020-08-07-\u00e0-15.14.21.png?resize=1024%2C767&#038;ssl=1\" srcset=\"https:\/\/i0.wp.com\/apollo-fo.com\/am\/wp-content\/uploads\/2020\/08\/Capture-d\u2019\u00e9cran-2020-08-07-\u00e0-15.14.21.png?resize=1024%2C767&amp;ssl=1 1024w, https:\/\/i0.wp.com\/apollo-fo.com\/am\/wp-content\/uploads\/2020\/08\/Capture-d\u2019\u00e9cran-2020-08-07-\u00e0-15.14.21.png?resize=300%2C225&amp;ssl=1 300w, https:\/\/i0.wp.com\/apollo-fo.com\/am\/wp-content\/uploads\/2020\/08\/Capture-d\u2019\u00e9cran-2020-08-07-\u00e0-15.14.21.png?resize=768%2C575&amp;ssl=1 768w, https:\/\/i0.wp.com\/apollo-fo.com\/am\/wp-content\/uploads\/2020\/08\/Capture-d\u2019\u00e9cran-2020-08-07-\u00e0-15.14.21.png?resize=1536%2C1151&amp;ssl=1 1536w, https:\/\/i0.wp.com\/apollo-fo.com\/am\/wp-content\/uploads\/2020\/08\/Capture-d\u2019\u00e9cran-2020-08-07-\u00e0-15.14.21.png?w=2340&amp;ssl=1 2340w\" sizes=\"(max-width: 1024px) 100vw, 1024px\" data-recalc-dims=\"1\" \/><\/figure><\/li><li class=\"wp-block-jetpack-slideshow_slide swiper-slide\"><figure><img decoding=\"async\" width=\"1024\" height=\"767\" alt=\"\" class=\"wp-block-jetpack-slideshow_image wp-image-785\" data-id=\"785\" src=\"https:\/\/i0.wp.com\/apollo-fo.com\/am\/wp-content\/uploads\/2020\/08\/Capture-d\u2019\u00e9cran-2020-08-07-\u00e0-15.14.53.png?resize=1024%2C767&#038;ssl=1\" srcset=\"https:\/\/i0.wp.com\/apollo-fo.com\/am\/wp-content\/uploads\/2020\/08\/Capture-d\u2019\u00e9cran-2020-08-07-\u00e0-15.14.53.png?resize=1024%2C767&amp;ssl=1 1024w, https:\/\/i0.wp.com\/apollo-fo.com\/am\/wp-content\/uploads\/2020\/08\/Capture-d\u2019\u00e9cran-2020-08-07-\u00e0-15.14.53.png?resize=300%2C225&amp;ssl=1 300w, https:\/\/i0.wp.com\/apollo-fo.com\/am\/wp-content\/uploads\/2020\/08\/Capture-d\u2019\u00e9cran-2020-08-07-\u00e0-15.14.53.png?resize=768%2C575&amp;ssl=1 768w, https:\/\/i0.wp.com\/apollo-fo.com\/am\/wp-content\/uploads\/2020\/08\/Capture-d\u2019\u00e9cran-2020-08-07-\u00e0-15.14.53.png?resize=1536%2C1151&amp;ssl=1 1536w, https:\/\/i0.wp.com\/apollo-fo.com\/am\/wp-content\/uploads\/2020\/08\/Capture-d\u2019\u00e9cran-2020-08-07-\u00e0-15.14.53.png?w=2340&amp;ssl=1 2340w\" sizes=\"(max-width: 1024px) 100vw, 1024px\" data-recalc-dims=\"1\" \/><\/figure><\/li><li class=\"wp-block-jetpack-slideshow_slide swiper-slide\"><figure><img decoding=\"async\" width=\"1024\" height=\"767\" alt=\"\" class=\"wp-block-jetpack-slideshow_image wp-image-786\" data-id=\"786\" src=\"https:\/\/i0.wp.com\/apollo-fo.com\/am\/wp-content\/uploads\/2020\/08\/Capture-d\u2019\u00e9cran-2020-08-07-\u00e0-15.15.05.png?resize=1024%2C767&#038;ssl=1\" srcset=\"https:\/\/i0.wp.com\/apollo-fo.com\/am\/wp-content\/uploads\/2020\/08\/Capture-d\u2019\u00e9cran-2020-08-07-\u00e0-15.15.05.png?resize=1024%2C767&amp;ssl=1 1024w, https:\/\/i0.wp.com\/apollo-fo.com\/am\/wp-content\/uploads\/2020\/08\/Capture-d\u2019\u00e9cran-2020-08-07-\u00e0-15.15.05.png?resize=300%2C225&amp;ssl=1 300w, https:\/\/i0.wp.com\/apollo-fo.com\/am\/wp-content\/uploads\/2020\/08\/Capture-d\u2019\u00e9cran-2020-08-07-\u00e0-15.15.05.png?resize=768%2C575&amp;ssl=1 768w, https:\/\/i0.wp.com\/apollo-fo.com\/am\/wp-content\/uploads\/2020\/08\/Capture-d\u2019\u00e9cran-2020-08-07-\u00e0-15.15.05.png?resize=1536%2C1151&amp;ssl=1 1536w, https:\/\/i0.wp.com\/apollo-fo.com\/am\/wp-content\/uploads\/2020\/08\/Capture-d\u2019\u00e9cran-2020-08-07-\u00e0-15.15.05.png?w=2340&amp;ssl=1 2340w\" sizes=\"(max-width: 1024px) 100vw, 1024px\" data-recalc-dims=\"1\" \/><\/figure><\/li><li class=\"wp-block-jetpack-slideshow_slide swiper-slide\"><figure><img loading=\"lazy\" decoding=\"async\" width=\"1024\" height=\"767\" alt=\"\" class=\"wp-block-jetpack-slideshow_image wp-image-787\" data-id=\"787\" src=\"https:\/\/i0.wp.com\/apollo-fo.com\/am\/wp-content\/uploads\/2020\/08\/Capture-d\u2019\u00e9cran-2020-08-07-\u00e0-15.15.16.png?resize=1024%2C767&#038;ssl=1\" srcset=\"https:\/\/i0.wp.com\/apollo-fo.com\/am\/wp-content\/uploads\/2020\/08\/Capture-d\u2019\u00e9cran-2020-08-07-\u00e0-15.15.16.png?resize=1024%2C767&amp;ssl=1 1024w, https:\/\/i0.wp.com\/apollo-fo.com\/am\/wp-content\/uploads\/2020\/08\/Capture-d\u2019\u00e9cran-2020-08-07-\u00e0-15.15.16.png?resize=300%2C225&amp;ssl=1 300w, https:\/\/i0.wp.com\/apollo-fo.com\/am\/wp-content\/uploads\/2020\/08\/Capture-d\u2019\u00e9cran-2020-08-07-\u00e0-15.15.16.png?resize=768%2C575&amp;ssl=1 768w, https:\/\/i0.wp.com\/apollo-fo.com\/am\/wp-content\/uploads\/2020\/08\/Capture-d\u2019\u00e9cran-2020-08-07-\u00e0-15.15.16.png?resize=1536%2C1151&amp;ssl=1 1536w, https:\/\/i0.wp.com\/apollo-fo.com\/am\/wp-content\/uploads\/2020\/08\/Capture-d\u2019\u00e9cran-2020-08-07-\u00e0-15.15.16.png?w=2340&amp;ssl=1 2340w\" sizes=\"(max-width: 1024px) 100vw, 1024px\" data-recalc-dims=\"1\" \/><\/figure><\/li><li class=\"wp-block-jetpack-slideshow_slide swiper-slide\"><figure><img loading=\"lazy\" decoding=\"async\" width=\"1024\" height=\"767\" alt=\"\" class=\"wp-block-jetpack-slideshow_image wp-image-788\" data-id=\"788\" src=\"https:\/\/i0.wp.com\/apollo-fo.com\/am\/wp-content\/uploads\/2020\/08\/Capture-d\u2019\u00e9cran-2020-08-07-\u00e0-15.15.26.png?resize=1024%2C767&#038;ssl=1\" srcset=\"https:\/\/i0.wp.com\/apollo-fo.com\/am\/wp-content\/uploads\/2020\/08\/Capture-d\u2019\u00e9cran-2020-08-07-\u00e0-15.15.26.png?resize=1024%2C767&amp;ssl=1 1024w, https:\/\/i0.wp.com\/apollo-fo.com\/am\/wp-content\/uploads\/2020\/08\/Capture-d\u2019\u00e9cran-2020-08-07-\u00e0-15.15.26.png?resize=300%2C225&amp;ssl=1 300w, https:\/\/i0.wp.com\/apollo-fo.com\/am\/wp-content\/uploads\/2020\/08\/Capture-d\u2019\u00e9cran-2020-08-07-\u00e0-15.15.26.png?resize=768%2C575&amp;ssl=1 768w, https:\/\/i0.wp.com\/apollo-fo.com\/am\/wp-content\/uploads\/2020\/08\/Capture-d\u2019\u00e9cran-2020-08-07-\u00e0-15.15.26.png?resize=1536%2C1151&amp;ssl=1 1536w, https:\/\/i0.wp.com\/apollo-fo.com\/am\/wp-content\/uploads\/2020\/08\/Capture-d\u2019\u00e9cran-2020-08-07-\u00e0-15.15.26.png?w=2340&amp;ssl=1 2340w\" sizes=\"(max-width: 1024px) 100vw, 1024px\" data-recalc-dims=\"1\" \/><\/figure><\/li><li class=\"wp-block-jetpack-slideshow_slide swiper-slide\"><figure><img loading=\"lazy\" decoding=\"async\" width=\"1024\" height=\"767\" alt=\"\" class=\"wp-block-jetpack-slideshow_image wp-image-789\" data-id=\"789\" src=\"https:\/\/i0.wp.com\/apollo-fo.com\/am\/wp-content\/uploads\/2020\/08\/Capture-d\u2019\u00e9cran-2020-08-07-\u00e0-15.15.39.png?resize=1024%2C767&#038;ssl=1\" srcset=\"https:\/\/i0.wp.com\/apollo-fo.com\/am\/wp-content\/uploads\/2020\/08\/Capture-d\u2019\u00e9cran-2020-08-07-\u00e0-15.15.39.png?resize=1024%2C767&amp;ssl=1 1024w, https:\/\/i0.wp.com\/apollo-fo.com\/am\/wp-content\/uploads\/2020\/08\/Capture-d\u2019\u00e9cran-2020-08-07-\u00e0-15.15.39.png?resize=300%2C225&amp;ssl=1 300w, https:\/\/i0.wp.com\/apollo-fo.com\/am\/wp-content\/uploads\/2020\/08\/Capture-d\u2019\u00e9cran-2020-08-07-\u00e0-15.15.39.png?resize=768%2C575&amp;ssl=1 768w, https:\/\/i0.wp.com\/apollo-fo.com\/am\/wp-content\/uploads\/2020\/08\/Capture-d\u2019\u00e9cran-2020-08-07-\u00e0-15.15.39.png?resize=1536%2C1151&amp;ssl=1 1536w, https:\/\/i0.wp.com\/apollo-fo.com\/am\/wp-content\/uploads\/2020\/08\/Capture-d\u2019\u00e9cran-2020-08-07-\u00e0-15.15.39.png?w=2340&amp;ssl=1 2340w\" sizes=\"(max-width: 1024px) 100vw, 1024px\" data-recalc-dims=\"1\" \/><\/figure><\/li><li class=\"wp-block-jetpack-slideshow_slide swiper-slide\"><figure><img loading=\"lazy\" decoding=\"async\" width=\"1024\" height=\"767\" alt=\"\" class=\"wp-block-jetpack-slideshow_image wp-image-790\" data-id=\"790\" src=\"https:\/\/i0.wp.com\/apollo-fo.com\/am\/wp-content\/uploads\/2020\/08\/Capture-d\u2019\u00e9cran-2020-08-07-\u00e0-15.15.49.png?resize=1024%2C767&#038;ssl=1\" srcset=\"https:\/\/i0.wp.com\/apollo-fo.com\/am\/wp-content\/uploads\/2020\/08\/Capture-d\u2019\u00e9cran-2020-08-07-\u00e0-15.15.49.png?resize=1024%2C767&amp;ssl=1 1024w, https:\/\/i0.wp.com\/apollo-fo.com\/am\/wp-content\/uploads\/2020\/08\/Capture-d\u2019\u00e9cran-2020-08-07-\u00e0-15.15.49.png?resize=300%2C225&amp;ssl=1 300w, https:\/\/i0.wp.com\/apollo-fo.com\/am\/wp-content\/uploads\/2020\/08\/Capture-d\u2019\u00e9cran-2020-08-07-\u00e0-15.15.49.png?resize=768%2C575&amp;ssl=1 768w, https:\/\/i0.wp.com\/apollo-fo.com\/am\/wp-content\/uploads\/2020\/08\/Capture-d\u2019\u00e9cran-2020-08-07-\u00e0-15.15.49.png?resize=1536%2C1151&amp;ssl=1 1536w, https:\/\/i0.wp.com\/apollo-fo.com\/am\/wp-content\/uploads\/2020\/08\/Capture-d\u2019\u00e9cran-2020-08-07-\u00e0-15.15.49.png?w=2340&amp;ssl=1 2340w\" sizes=\"(max-width: 1024px) 100vw, 1024px\" data-recalc-dims=\"1\" \/><\/figure><\/li><li class=\"wp-block-jetpack-slideshow_slide swiper-slide\"><figure><img loading=\"lazy\" decoding=\"async\" width=\"1024\" height=\"767\" alt=\"\" class=\"wp-block-jetpack-slideshow_image wp-image-791\" data-id=\"791\" src=\"https:\/\/i0.wp.com\/apollo-fo.com\/am\/wp-content\/uploads\/2020\/08\/Capture-d\u2019\u00e9cran-2020-08-07-\u00e0-15.16.01.png?resize=1024%2C767&#038;ssl=1\" srcset=\"https:\/\/i0.wp.com\/apollo-fo.com\/am\/wp-content\/uploads\/2020\/08\/Capture-d\u2019\u00e9cran-2020-08-07-\u00e0-15.16.01.png?resize=1024%2C767&amp;ssl=1 1024w, https:\/\/i0.wp.com\/apollo-fo.com\/am\/wp-content\/uploads\/2020\/08\/Capture-d\u2019\u00e9cran-2020-08-07-\u00e0-15.16.01.png?resize=300%2C225&amp;ssl=1 300w, https:\/\/i0.wp.com\/apollo-fo.com\/am\/wp-content\/uploads\/2020\/08\/Capture-d\u2019\u00e9cran-2020-08-07-\u00e0-15.16.01.png?resize=768%2C575&amp;ssl=1 768w, https:\/\/i0.wp.com\/apollo-fo.com\/am\/wp-content\/uploads\/2020\/08\/Capture-d\u2019\u00e9cran-2020-08-07-\u00e0-15.16.01.png?resize=1536%2C1151&amp;ssl=1 1536w, https:\/\/i0.wp.com\/apollo-fo.com\/am\/wp-content\/uploads\/2020\/08\/Capture-d\u2019\u00e9cran-2020-08-07-\u00e0-15.16.01.png?w=2340&amp;ssl=1 2340w\" sizes=\"(max-width: 1024px) 100vw, 1024px\" data-recalc-dims=\"1\" \/><\/figure><\/li><li class=\"wp-block-jetpack-slideshow_slide swiper-slide\"><figure><img loading=\"lazy\" decoding=\"async\" width=\"1024\" height=\"767\" alt=\"\" class=\"wp-block-jetpack-slideshow_image wp-image-792\" data-id=\"792\" src=\"https:\/\/i0.wp.com\/apollo-fo.com\/am\/wp-content\/uploads\/2020\/08\/Capture-d\u2019\u00e9cran-2020-08-07-\u00e0-15.16.12.png?resize=1024%2C767&#038;ssl=1\" srcset=\"https:\/\/i0.wp.com\/apollo-fo.com\/am\/wp-content\/uploads\/2020\/08\/Capture-d\u2019\u00e9cran-2020-08-07-\u00e0-15.16.12.png?resize=1024%2C767&amp;ssl=1 1024w, https:\/\/i0.wp.com\/apollo-fo.com\/am\/wp-content\/uploads\/2020\/08\/Capture-d\u2019\u00e9cran-2020-08-07-\u00e0-15.16.12.png?resize=300%2C225&amp;ssl=1 300w, https:\/\/i0.wp.com\/apollo-fo.com\/am\/wp-content\/uploads\/2020\/08\/Capture-d\u2019\u00e9cran-2020-08-07-\u00e0-15.16.12.png?resize=768%2C575&amp;ssl=1 768w, https:\/\/i0.wp.com\/apollo-fo.com\/am\/wp-content\/uploads\/2020\/08\/Capture-d\u2019\u00e9cran-2020-08-07-\u00e0-15.16.12.png?resize=1536%2C1151&amp;ssl=1 1536w, https:\/\/i0.wp.com\/apollo-fo.com\/am\/wp-content\/uploads\/2020\/08\/Capture-d\u2019\u00e9cran-2020-08-07-\u00e0-15.16.12.png?w=2340&amp;ssl=1 2340w\" sizes=\"(max-width: 1024px) 100vw, 1024px\" data-recalc-dims=\"1\" \/><\/figure><\/li><li class=\"wp-block-jetpack-slideshow_slide swiper-slide\"><figure><img loading=\"lazy\" decoding=\"async\" width=\"1024\" height=\"767\" alt=\"\" class=\"wp-block-jetpack-slideshow_image wp-image-793\" data-id=\"793\" src=\"https:\/\/i0.wp.com\/apollo-fo.com\/am\/wp-content\/uploads\/2020\/08\/Capture-d\u2019\u00e9cran-2020-08-07-\u00e0-15.16.21.png?resize=1024%2C767&#038;ssl=1\" srcset=\"https:\/\/i0.wp.com\/apollo-fo.com\/am\/wp-content\/uploads\/2020\/08\/Capture-d\u2019\u00e9cran-2020-08-07-\u00e0-15.16.21.png?resize=1024%2C767&amp;ssl=1 1024w, https:\/\/i0.wp.com\/apollo-fo.com\/am\/wp-content\/uploads\/2020\/08\/Capture-d\u2019\u00e9cran-2020-08-07-\u00e0-15.16.21.png?resize=300%2C225&amp;ssl=1 300w, https:\/\/i0.wp.com\/apollo-fo.com\/am\/wp-content\/uploads\/2020\/08\/Capture-d\u2019\u00e9cran-2020-08-07-\u00e0-15.16.21.png?resize=768%2C575&amp;ssl=1 768w, https:\/\/i0.wp.com\/apollo-fo.com\/am\/wp-content\/uploads\/2020\/08\/Capture-d\u2019\u00e9cran-2020-08-07-\u00e0-15.16.21.png?resize=1536%2C1151&amp;ssl=1 1536w, https:\/\/i0.wp.com\/apollo-fo.com\/am\/wp-content\/uploads\/2020\/08\/Capture-d\u2019\u00e9cran-2020-08-07-\u00e0-15.16.21.png?w=2340&amp;ssl=1 2340w\" sizes=\"(max-width: 1024px) 100vw, 1024px\" data-recalc-dims=\"1\" \/><\/figure><\/li><\/ul><a class=\"wp-block-jetpack-slideshow_button-prev swiper-button-prev swiper-button-white\" role=\"button\"><\/a><a class=\"wp-block-jetpack-slideshow_button-next swiper-button-next swiper-button-white\" role=\"button\"><\/a><a aria-label=\"Pause Slideshow\" class=\"wp-block-jetpack-slideshow_button-pause\" role=\"button\"><\/a><div class=\"wp-block-jetpack-slideshow_pagination swiper-pagination swiper-pagination-white\"><\/div><\/div><\/div>","protected":false},"excerpt":{"rendered":"<p>Here are some features presented in the demo:<\/p>","protected":false},"author":1,"featured_media":0,"parent":0,"menu_order":0,"comment_status":"closed","ping_status":"closed","template":"","meta":{"om_disable_all_campaigns":false,"_monsterinsights_skip_tracking":false,"_monsterinsights_sitenote_active":false,"_monsterinsights_sitenote_note":"","_monsterinsights_sitenote_category":0,"footnotes":""},"class_list":["post-459","page","type-page","status-publish","hentry"],"yoast_head":"<!-- This site is optimized with the Yoast SEO plugin v22.7 - https:\/\/yoast.com\/wordpress\/plugins\/seo\/ -->\n<title>Demande de D\u00e9monstration | Apollo Asset Management<\/title>\n<meta name=\"description\" content=\"L&#039;\u00e9quipe d&#039;Apollo vous offre une d\u00e9monstration gratuite et personalis\u00e9e en fonction de vos besoins. Contactez-nous via notre site internet.\" \/>\n<meta name=\"robots\" content=\"index, follow, max-snippet:-1, max-image-preview:large, max-video-preview:-1\" \/>\n<link rel=\"canonical\" href=\"https:\/\/apollo-fo.com\/am\/en\/demo-request-form\/\" \/>\n<meta property=\"og:locale\" content=\"en_GB\" \/>\n<meta property=\"og:type\" content=\"article\" \/>\n<meta property=\"og:title\" content=\"Demande de D\u00e9monstration | Apollo Asset Management\" \/>\n<meta property=\"og:description\" content=\"L&#039;\u00e9quipe d&#039;Apollo vous offre une d\u00e9monstration gratuite et personalis\u00e9e en fonction de vos besoins. Contactez-nous via notre site internet.\" \/>\n<meta property=\"og:url\" content=\"https:\/\/apollo-fo.com\/am\/en\/demo-request-form\/\" \/>\n<meta property=\"og:site_name\" content=\"Apollo Asset Management Software\" \/>\n<meta property=\"article:publisher\" content=\"https:\/\/www.facebook.com\/ApolloAssetManagement\" \/>\n<meta property=\"article:modified_time\" content=\"2023-06-13T15:11:00+00:00\" \/>\n<meta name=\"twitter:card\" content=\"summary_large_image\" \/>\n<meta name=\"twitter:label1\" content=\"Estimated reading time\" \/>\n\t<meta name=\"twitter:data1\" content=\"3 minutes\" \/>\n<script type=\"application\/ld+json\" class=\"yoast-schema-graph\">{\"@context\":\"https:\/\/schema.org\",\"@graph\":[{\"@type\":\"WebPage\",\"@id\":\"https:\/\/apollo-fo.com\/am\/demo-request-form\/\",\"url\":\"https:\/\/apollo-fo.com\/am\/demo-request-form\/\",\"name\":\"Demande de D\u00e9monstration | Apollo Asset Management\",\"isPartOf\":{\"@id\":\"https:\/\/apollo-fo.com\/am\/fr\/#website\"},\"datePublished\":\"2020-07-22T13:13:02+00:00\",\"dateModified\":\"2023-06-13T15:11:00+00:00\",\"description\":\"L'\u00e9quipe d'Apollo vous offre une d\u00e9monstration gratuite et personalis\u00e9e en fonction de vos besoins. Contactez-nous via notre site internet.\",\"breadcrumb\":{\"@id\":\"https:\/\/apollo-fo.com\/am\/demo-request-form\/#breadcrumb\"},\"inLanguage\":\"en-GB\",\"potentialAction\":[{\"@type\":\"ReadAction\",\"target\":[\"https:\/\/apollo-fo.com\/am\/demo-request-form\/\"]}]},{\"@type\":\"BreadcrumbList\",\"@id\":\"https:\/\/apollo-fo.com\/am\/demo-request-form\/#breadcrumb\",\"itemListElement\":[{\"@type\":\"ListItem\",\"position\":1,\"name\":\"Home\",\"item\":\"https:\/\/apollo-fo.com\/am\/\"},{\"@type\":\"ListItem\",\"position\":2,\"name\":\"Demandez une d\u00e9mo\"}]},{\"@type\":\"WebSite\",\"@id\":\"https:\/\/apollo-fo.com\/am\/fr\/#website\",\"url\":\"https:\/\/apollo-fo.com\/am\/fr\/\",\"name\":\"Apollo Asset Management Software\",\"description\":\"\",\"publisher\":{\"@id\":\"https:\/\/apollo-fo.com\/am\/fr\/#organization\"},\"potentialAction\":[{\"@type\":\"SearchAction\",\"target\":{\"@type\":\"EntryPoint\",\"urlTemplate\":\"https:\/\/apollo-fo.com\/am\/fr\/?s={search_term_string}\"},\"query-input\":\"required name=search_term_string\"}],\"inLanguage\":\"en-GB\"},{\"@type\":\"Organization\",\"@id\":\"https:\/\/apollo-fo.com\/am\/fr\/#organization\",\"name\":\"Apollo Asset Management\",\"url\":\"https:\/\/apollo-fo.com\/am\/fr\/\",\"logo\":{\"@type\":\"ImageObject\",\"inLanguage\":\"en-GB\",\"@id\":\"https:\/\/apollo-fo.com\/am\/fr\/#\/schema\/logo\/image\/\",\"url\":\"https:\/\/i0.wp.com\/apollo-fo.com\/am\/wp-content\/uploads\/2020\/09\/APOLLO-ASSET-MANAGEMENT-LOGO.png?fit=500%2C500&ssl=1\",\"contentUrl\":\"https:\/\/i0.wp.com\/apollo-fo.com\/am\/wp-content\/uploads\/2020\/09\/APOLLO-ASSET-MANAGEMENT-LOGO.png?fit=500%2C500&ssl=1\",\"width\":500,\"height\":500,\"caption\":\"Apollo Asset Management\"},\"image\":{\"@id\":\"https:\/\/apollo-fo.com\/am\/fr\/#\/schema\/logo\/image\/\"},\"sameAs\":[\"https:\/\/www.facebook.com\/ApolloAssetManagement\",\"https:\/\/www.instagram.com\/apolloassetmanagement\/?hl=fr\",\"https:\/\/fr.linkedin.com\/company\/apollo-asset-management\",\"https:\/\/www.youtube.com\/channel\/UCQme_lUvDNcpPcJ3VhSPojA\"]}]}<\/script>\n<!-- \/ Yoast SEO plugin. -->","yoast_head_json":{"title":"Demande de D\u00e9monstration | Apollo Asset Management","description":"L'\u00e9quipe d'Apollo vous offre une d\u00e9monstration gratuite et personalis\u00e9e en fonction de vos besoins. Contactez-nous via notre site internet.","robots":{"index":"index","follow":"follow","max-snippet":"max-snippet:-1","max-image-preview":"max-image-preview:large","max-video-preview":"max-video-preview:-1"},"canonical":"https:\/\/apollo-fo.com\/am\/en\/demo-request-form\/","og_locale":"en_GB","og_type":"article","og_title":"Demande de D\u00e9monstration | Apollo Asset Management","og_description":"L'\u00e9quipe d'Apollo vous offre une d\u00e9monstration gratuite et personalis\u00e9e en fonction de vos besoins. Contactez-nous via notre site internet.","og_url":"https:\/\/apollo-fo.com\/am\/en\/demo-request-form\/","og_site_name":"Apollo Asset Management Software","article_publisher":"https:\/\/www.facebook.com\/ApolloAssetManagement","article_modified_time":"2023-06-13T15:11:00+00:00","twitter_card":"summary_large_image","twitter_misc":{"Estimated reading time":"3 minutes"},"schema":{"@context":"https:\/\/schema.org","@graph":[{"@type":"WebPage","@id":"https:\/\/apollo-fo.com\/am\/demo-request-form\/","url":"https:\/\/apollo-fo.com\/am\/demo-request-form\/","name":"Demande de D\u00e9monstration | Apollo Asset Management","isPartOf":{"@id":"https:\/\/apollo-fo.com\/am\/fr\/#website"},"datePublished":"2020-07-22T13:13:02+00:00","dateModified":"2023-06-13T15:11:00+00:00","description":"L'\u00e9quipe d'Apollo vous offre une d\u00e9monstration gratuite et personalis\u00e9e en fonction de vos besoins. Contactez-nous via notre site internet.","breadcrumb":{"@id":"https:\/\/apollo-fo.com\/am\/demo-request-form\/#breadcrumb"},"inLanguage":"en-GB","potentialAction":[{"@type":"ReadAction","target":["https:\/\/apollo-fo.com\/am\/demo-request-form\/"]}]},{"@type":"BreadcrumbList","@id":"https:\/\/apollo-fo.com\/am\/demo-request-form\/#breadcrumb","itemListElement":[{"@type":"ListItem","position":1,"name":"Home","item":"https:\/\/apollo-fo.com\/am\/"},{"@type":"ListItem","position":2,"name":"Demandez une d\u00e9mo"}]},{"@type":"WebSite","@id":"https:\/\/apollo-fo.com\/am\/fr\/#website","url":"https:\/\/apollo-fo.com\/am\/fr\/","name":"Apollo Asset Management Software","description":"","publisher":{"@id":"https:\/\/apollo-fo.com\/am\/fr\/#organization"},"potentialAction":[{"@type":"SearchAction","target":{"@type":"EntryPoint","urlTemplate":"https:\/\/apollo-fo.com\/am\/fr\/?s={search_term_string}"},"query-input":"required name=search_term_string"}],"inLanguage":"en-GB"},{"@type":"Organization","@id":"https:\/\/apollo-fo.com\/am\/fr\/#organization","name":"Apollo Asset Management","url":"https:\/\/apollo-fo.com\/am\/fr\/","logo":{"@type":"ImageObject","inLanguage":"en-GB","@id":"https:\/\/apollo-fo.com\/am\/fr\/#\/schema\/logo\/image\/","url":"https:\/\/i0.wp.com\/apollo-fo.com\/am\/wp-content\/uploads\/2020\/09\/APOLLO-ASSET-MANAGEMENT-LOGO.png?fit=500%2C500&ssl=1","contentUrl":"https:\/\/i0.wp.com\/apollo-fo.com\/am\/wp-content\/uploads\/2020\/09\/APOLLO-ASSET-MANAGEMENT-LOGO.png?fit=500%2C500&ssl=1","width":500,"height":500,"caption":"Apollo Asset Management"},"image":{"@id":"https:\/\/apollo-fo.com\/am\/fr\/#\/schema\/logo\/image\/"},"sameAs":["https:\/\/www.facebook.com\/ApolloAssetManagement","https:\/\/www.instagram.com\/apolloassetmanagement\/?hl=fr","https:\/\/fr.linkedin.com\/company\/apollo-asset-management","https:\/\/www.youtube.com\/channel\/UCQme_lUvDNcpPcJ3VhSPojA"]}]}},"jetpack_sharing_enabled":true,"_links":{"self":[{"href":"https:\/\/apollo-fo.com\/am\/en\/wp-json\/wp\/v2\/pages\/459","targetHints":{"allow":["GET"]}}],"collection":[{"href":"https:\/\/apollo-fo.com\/am\/en\/wp-json\/wp\/v2\/pages"}],"about":[{"href":"https:\/\/apollo-fo.com\/am\/en\/wp-json\/wp\/v2\/types\/page"}],"author":[{"embeddable":true,"href":"https:\/\/apollo-fo.com\/am\/en\/wp-json\/wp\/v2\/users\/1"}],"replies":[{"embeddable":true,"href":"https:\/\/apollo-fo.com\/am\/en\/wp-json\/wp\/v2\/comments?post=459"}],"version-history":[{"count":5,"href":"https:\/\/apollo-fo.com\/am\/en\/wp-json\/wp\/v2\/pages\/459\/revisions"}],"predecessor-version":[{"id":3464,"href":"https:\/\/apollo-fo.com\/am\/en\/wp-json\/wp\/v2\/pages\/459\/revisions\/3464"}],"wp:attachment":[{"href":"https:\/\/apollo-fo.com\/am\/en\/wp-json\/wp\/v2\/media?parent=459"}],"curies":[{"name":"wp","href":"https:\/\/api.w.org\/{rel}","templated":true}]}}