{"id":3390,"date":"2023-06-13T07:58:41","date_gmt":"2023-06-13T07:58:41","guid":{"rendered":"https:\/\/apollo-fo.com\/am\/?page_id=3390"},"modified":"2023-06-13T10:00:13","modified_gmt":"2023-06-13T10:00:13","slug":"apollo-saas","status":"publish","type":"page","link":"https:\/\/apollo-fo.com\/am\/en\/apollo-saas\/","title":{"rendered":"Apollo SaaS"},"content":{"rendered":"<p class=\"has-text-align-center has-luminous-vivid-orange-color has-text-color has-medium-font-size\"><strong>Apollo as a Service l&rsquo;aboutissement de 25 ans d&rsquo;expertise en solutions pour la gestion d&rsquo;actifs. <\/strong><\/p>\n\n\n\n<p class=\"has-luminous-vivid-orange-color has-text-color has-medium-font-size\"><i class=\"fas fa-network-wired\"><\/i> Plateforme multi-tiers<\/p>\n\n\n\n<p class=\"has-medium-font-size\">Notre plateforme est interfac\u00e9e avec les principaux d\u00e9positaires, brokers et assureurs.<\/p>\n\n\n\n<p class=\"has-luminous-vivid-orange-color has-text-color has-medium-font-size\"><i class=\"fas fa-users-rectangle\"><\/i> Ecrans web <\/p>\n\n\n\n<p class=\"has-medium-font-size\">Vous b\u00e9n\u00e9ficiez d&rsquo;\u00e9crans standardis\u00e9s. La plateforme est ouverte au travers d&rsquo;acc\u00e8s internet s\u00e9curis\u00e9s. Nous garantissons la confidentialit\u00e9 de toutes vos donn\u00e9es.  <\/p>\n\n\n\n<p class=\"has-luminous-vivid-orange-color has-text-color has-medium-font-size\"><i class=\"fas fa-globe\"><\/i> Multi-langues <\/p>\n\n\n\n<p class=\"has-medium-font-size\">L&rsquo;application Apollo est disponible en Anglais et en Fran\u00e7ais en fonction des profils utilisateurs.  <\/p>\n\n\n\n<p class=\"has-luminous-vivid-orange-color has-text-color has-medium-font-size\"><i class=\"fas fa-sitemap\"><\/i> Vue consolid\u00e9e <\/p>\n\n\n\n<p class=\"has-medium-font-size\">Nous proposons des remont\u00e9es d\u00e9positaires et une consolidation des donn\u00e9es des assureurs.<\/p>\n\n\n\n<p class=\"has-text-align-center has-luminous-vivid-orange-color has-text-color has-medium-font-size\"><strong>Avec Apollo SaaS, s\u00e9curisez et fluidifiez vos op\u00e9rations et concentrez vous sur votre c\u0153ur de m\u00e9tier.<\/strong><\/p>\n\n\n\n<p class=\"has-luminous-vivid-orange-color has-text-color has-medium-font-size\">Excellence m\u00e9tier<\/p>\n\n\n\n<p class=\"has-medium-font-size\">Optimisez votre excellence m\u00e9tier avec des modules pertinents : <\/p>\n\n\n\n<ul class=\"wp-block-list\">\n<li class=\"has-medium-font-size\">Gestion sous mandat<\/li>\n\n\n\n<li class=\"has-medium-font-size\">Gestion conseill\u00e9e<\/li>\n\n\n\n<li class=\"has-medium-font-size\">Gestion collective<\/li>\n\n\n\n<li class=\"has-medium-font-size\">Conformit\u00e9 (MIF II, UCITS)<\/li>\n\n\n\n<li class=\"has-medium-font-size\">Gestion d\u2019actifs num\u00e9riques (Interfa\u00e7age avec des plateformes d\u2019\u00e9changes)<\/li>\n<\/ul>\n\n\n\n<p class=\"has-luminous-vivid-orange-color has-text-color has-medium-font-size\">Efficacit\u00e9 op\u00e9rationnelle<\/p>\n\n\n\n<p class=\"has-medium-font-size\">Maximisez votre efficacit\u00e9 op\u00e9rationnelle en utilisant nos solutions : <\/p>\n\n\n\n<ul class=\"wp-block-list\">\n<li class=\"has-medium-font-size\">Automatisation des processus<\/li>\n\n\n\n<li class=\"has-medium-font-size\">G\u00e9n\u00e9ration automatique d&rsquo;ordres &#8211; Full STP<\/li>\n\n\n\n<li class=\"has-medium-font-size\">Contr\u00f4les des processus<\/li>\n\n\n\n<li class=\"has-medium-font-size\">Une tarification attractive bas\u00e9e sur des KPIs clairs<\/li>\n\n\n\n<li class=\"has-medium-font-size\">Evolutivit\u00e9<\/li>\n\n\n\n<li class=\"has-medium-font-size\">Acc\u00e8s simplifi\u00e9 \u00e0 un syst\u00e8me de gestion avanc\u00e9<\/li>\n\n\n\n<li class=\"has-medium-font-size\">S\u00e9curit\u00e9 des acc\u00e8s et des donn\u00e9es<\/li>\n<\/ul>\n\n\n\n<p class=\"has-luminous-vivid-orange-color has-text-color has-medium-font-size\">Exp\u00e9rience utilisateur <\/p>\n\n\n\n<p class=\"has-medium-font-size\">Valorisez l&rsquo;exp\u00e9rience des vos utilisateurs avec nos solutions :   <\/p>\n\n\n\n<ul class=\"wp-block-list\">\n<li class=\"has-medium-font-size\">Client Web<\/li>\n\n\n\n<li class=\"has-medium-font-size\">Reporting &amp; BI (en option)<\/li>\n<\/ul>","protected":false},"excerpt":{"rendered":"<p>Apollo as a Service l&rsquo;aboutissement de 25 ans d&rsquo;expertise en solutions pour la gestion d&rsquo;actifs. Plateforme multi-tiers Notre plateforme est interfac\u00e9e avec les principaux d\u00e9positaires, brokers et assureurs. Ecrans web Vous b\u00e9n\u00e9ficiez d&rsquo;\u00e9crans standardis\u00e9s. La plateforme est ouverte au travers d&rsquo;acc\u00e8s internet s\u00e9curis\u00e9s. Nous garantissons la confidentialit\u00e9 de toutes vos donn\u00e9es. Multi-langues L&rsquo;application Apollo est [&hellip;]<\/p>","protected":false},"author":1,"featured_media":0,"parent":0,"menu_order":0,"comment_status":"closed","ping_status":"closed","template":"","meta":{"om_disable_all_campaigns":false,"_monsterinsights_skip_tracking":false,"_monsterinsights_sitenote_active":false,"_monsterinsights_sitenote_note":"","_monsterinsights_sitenote_category":0,"footnotes":""},"class_list":["post-3390","page","type-page","status-publish","hentry"],"yoast_head":"<!-- This site is optimized with the Yoast SEO plugin v22.7 - https:\/\/yoast.com\/wordpress\/plugins\/seo\/ -->\n<title>Apollo SaaS - Apollo Asset Management Software<\/title>\n<meta name=\"robots\" content=\"index, follow, max-snippet:-1, max-image-preview:large, max-video-preview:-1\" \/>\n<link rel=\"canonical\" href=\"https:\/\/apollo-fo.com\/am\/en\/apollo-saas\/\" \/>\n<meta property=\"og:locale\" content=\"en_GB\" \/>\n<meta property=\"og:type\" content=\"article\" \/>\n<meta property=\"og:title\" content=\"Apollo SaaS - Apollo Asset Management Software\" \/>\n<meta property=\"og:description\" content=\"Apollo as a Service l&rsquo;aboutissement de 25 ans d&rsquo;expertise en solutions pour la gestion d&rsquo;actifs. Plateforme multi-tiers Notre plateforme est interfac\u00e9e avec les principaux d\u00e9positaires, brokers et assureurs. Ecrans web Vous b\u00e9n\u00e9ficiez d&rsquo;\u00e9crans standardis\u00e9s. La plateforme est ouverte au travers d&rsquo;acc\u00e8s internet s\u00e9curis\u00e9s. Nous garantissons la confidentialit\u00e9 de toutes vos donn\u00e9es. Multi-langues L&rsquo;application Apollo est [&hellip;]\" \/>\n<meta property=\"og:url\" content=\"https:\/\/apollo-fo.com\/am\/en\/apollo-saas\/\" \/>\n<meta property=\"og:site_name\" content=\"Apollo Asset Management Software\" \/>\n<meta property=\"article:publisher\" content=\"https:\/\/www.facebook.com\/ApolloAssetManagement\" \/>\n<meta property=\"article:modified_time\" content=\"2023-06-13T10:00:13+00:00\" \/>\n<meta name=\"twitter:card\" content=\"summary_large_image\" \/>\n<meta name=\"twitter:label1\" content=\"Estimated reading time\" \/>\n\t<meta name=\"twitter:data1\" content=\"1 minute\" \/>\n<script type=\"application\/ld+json\" class=\"yoast-schema-graph\">{\"@context\":\"https:\/\/schema.org\",\"@graph\":[{\"@type\":\"WebPage\",\"@id\":\"https:\/\/apollo-fo.com\/am\/apollo-saas\/\",\"url\":\"https:\/\/apollo-fo.com\/am\/apollo-saas\/\",\"name\":\"Apollo SaaS - Apollo Asset Management Software\",\"isPartOf\":{\"@id\":\"https:\/\/apollo-fo.com\/am\/fr\/#website\"},\"datePublished\":\"2023-06-13T07:58:41+00:00\",\"dateModified\":\"2023-06-13T10:00:13+00:00\",\"breadcrumb\":{\"@id\":\"https:\/\/apollo-fo.com\/am\/apollo-saas\/#breadcrumb\"},\"inLanguage\":\"en-GB\",\"potentialAction\":[{\"@type\":\"ReadAction\",\"target\":[\"https:\/\/apollo-fo.com\/am\/apollo-saas\/\"]}]},{\"@type\":\"BreadcrumbList\",\"@id\":\"https:\/\/apollo-fo.com\/am\/apollo-saas\/#breadcrumb\",\"itemListElement\":[{\"@type\":\"ListItem\",\"position\":1,\"name\":\"Home\",\"item\":\"https:\/\/apollo-fo.com\/am\/\"},{\"@type\":\"ListItem\",\"position\":2,\"name\":\"Apollo SaaS\"}]},{\"@type\":\"WebSite\",\"@id\":\"https:\/\/apollo-fo.com\/am\/fr\/#website\",\"url\":\"https:\/\/apollo-fo.com\/am\/fr\/\",\"name\":\"Apollo Asset Management Software\",\"description\":\"\",\"publisher\":{\"@id\":\"https:\/\/apollo-fo.com\/am\/fr\/#organization\"},\"potentialAction\":[{\"@type\":\"SearchAction\",\"target\":{\"@type\":\"EntryPoint\",\"urlTemplate\":\"https:\/\/apollo-fo.com\/am\/fr\/?s={search_term_string}\"},\"query-input\":\"required name=search_term_string\"}],\"inLanguage\":\"en-GB\"},{\"@type\":\"Organization\",\"@id\":\"https:\/\/apollo-fo.com\/am\/fr\/#organization\",\"name\":\"Apollo Asset Management\",\"url\":\"https:\/\/apollo-fo.com\/am\/fr\/\",\"logo\":{\"@type\":\"ImageObject\",\"inLanguage\":\"en-GB\",\"@id\":\"https:\/\/apollo-fo.com\/am\/fr\/#\/schema\/logo\/image\/\",\"url\":\"https:\/\/i0.wp.com\/apollo-fo.com\/am\/wp-content\/uploads\/2020\/09\/APOLLO-ASSET-MANAGEMENT-LOGO.png?fit=500%2C500&ssl=1\",\"contentUrl\":\"https:\/\/i0.wp.com\/apollo-fo.com\/am\/wp-content\/uploads\/2020\/09\/APOLLO-ASSET-MANAGEMENT-LOGO.png?fit=500%2C500&ssl=1\",\"width\":500,\"height\":500,\"caption\":\"Apollo Asset Management\"},\"image\":{\"@id\":\"https:\/\/apollo-fo.com\/am\/fr\/#\/schema\/logo\/image\/\"},\"sameAs\":[\"https:\/\/www.facebook.com\/ApolloAssetManagement\",\"https:\/\/www.instagram.com\/apolloassetmanagement\/?hl=fr\",\"https:\/\/fr.linkedin.com\/company\/apollo-asset-management\",\"https:\/\/www.youtube.com\/channel\/UCQme_lUvDNcpPcJ3VhSPojA\"]}]}<\/script>\n<!-- \/ Yoast SEO plugin. -->","yoast_head_json":{"title":"Apollo SaaS - Apollo Asset Management Software","robots":{"index":"index","follow":"follow","max-snippet":"max-snippet:-1","max-image-preview":"max-image-preview:large","max-video-preview":"max-video-preview:-1"},"canonical":"https:\/\/apollo-fo.com\/am\/en\/apollo-saas\/","og_locale":"en_GB","og_type":"article","og_title":"Apollo SaaS - Apollo Asset Management Software","og_description":"Apollo as a Service l&rsquo;aboutissement de 25 ans d&rsquo;expertise en solutions pour la gestion d&rsquo;actifs. Plateforme multi-tiers Notre plateforme est interfac\u00e9e avec les principaux d\u00e9positaires, brokers et assureurs. Ecrans web Vous b\u00e9n\u00e9ficiez d&rsquo;\u00e9crans standardis\u00e9s. La plateforme est ouverte au travers d&rsquo;acc\u00e8s internet s\u00e9curis\u00e9s. Nous garantissons la confidentialit\u00e9 de toutes vos donn\u00e9es. Multi-langues L&rsquo;application Apollo est [&hellip;]","og_url":"https:\/\/apollo-fo.com\/am\/en\/apollo-saas\/","og_site_name":"Apollo Asset Management Software","article_publisher":"https:\/\/www.facebook.com\/ApolloAssetManagement","article_modified_time":"2023-06-13T10:00:13+00:00","twitter_card":"summary_large_image","twitter_misc":{"Estimated reading time":"1 minute"},"schema":{"@context":"https:\/\/schema.org","@graph":[{"@type":"WebPage","@id":"https:\/\/apollo-fo.com\/am\/apollo-saas\/","url":"https:\/\/apollo-fo.com\/am\/apollo-saas\/","name":"Apollo SaaS - Apollo Asset Management Software","isPartOf":{"@id":"https:\/\/apollo-fo.com\/am\/fr\/#website"},"datePublished":"2023-06-13T07:58:41+00:00","dateModified":"2023-06-13T10:00:13+00:00","breadcrumb":{"@id":"https:\/\/apollo-fo.com\/am\/apollo-saas\/#breadcrumb"},"inLanguage":"en-GB","potentialAction":[{"@type":"ReadAction","target":["https:\/\/apollo-fo.com\/am\/apollo-saas\/"]}]},{"@type":"BreadcrumbList","@id":"https:\/\/apollo-fo.com\/am\/apollo-saas\/#breadcrumb","itemListElement":[{"@type":"ListItem","position":1,"name":"Home","item":"https:\/\/apollo-fo.com\/am\/"},{"@type":"ListItem","position":2,"name":"Apollo SaaS"}]},{"@type":"WebSite","@id":"https:\/\/apollo-fo.com\/am\/fr\/#website","url":"https:\/\/apollo-fo.com\/am\/fr\/","name":"Apollo Asset Management Software","description":"","publisher":{"@id":"https:\/\/apollo-fo.com\/am\/fr\/#organization"},"potentialAction":[{"@type":"SearchAction","target":{"@type":"EntryPoint","urlTemplate":"https:\/\/apollo-fo.com\/am\/fr\/?s={search_term_string}"},"query-input":"required name=search_term_string"}],"inLanguage":"en-GB"},{"@type":"Organization","@id":"https:\/\/apollo-fo.com\/am\/fr\/#organization","name":"Apollo Asset Management","url":"https:\/\/apollo-fo.com\/am\/fr\/","logo":{"@type":"ImageObject","inLanguage":"en-GB","@id":"https:\/\/apollo-fo.com\/am\/fr\/#\/schema\/logo\/image\/","url":"https:\/\/i0.wp.com\/apollo-fo.com\/am\/wp-content\/uploads\/2020\/09\/APOLLO-ASSET-MANAGEMENT-LOGO.png?fit=500%2C500&ssl=1","contentUrl":"https:\/\/i0.wp.com\/apollo-fo.com\/am\/wp-content\/uploads\/2020\/09\/APOLLO-ASSET-MANAGEMENT-LOGO.png?fit=500%2C500&ssl=1","width":500,"height":500,"caption":"Apollo Asset Management"},"image":{"@id":"https:\/\/apollo-fo.com\/am\/fr\/#\/schema\/logo\/image\/"},"sameAs":["https:\/\/www.facebook.com\/ApolloAssetManagement","https:\/\/www.instagram.com\/apolloassetmanagement\/?hl=fr","https:\/\/fr.linkedin.com\/company\/apollo-asset-management","https:\/\/www.youtube.com\/channel\/UCQme_lUvDNcpPcJ3VhSPojA"]}]}},"jetpack_sharing_enabled":true,"_links":{"self":[{"href":"https:\/\/apollo-fo.com\/am\/en\/wp-json\/wp\/v2\/pages\/3390","targetHints":{"allow":["GET"]}}],"collection":[{"href":"https:\/\/apollo-fo.com\/am\/en\/wp-json\/wp\/v2\/pages"}],"about":[{"href":"https:\/\/apollo-fo.com\/am\/en\/wp-json\/wp\/v2\/types\/page"}],"author":[{"embeddable":true,"href":"https:\/\/apollo-fo.com\/am\/en\/wp-json\/wp\/v2\/users\/1"}],"replies":[{"embeddable":true,"href":"https:\/\/apollo-fo.com\/am\/en\/wp-json\/wp\/v2\/comments?post=3390"}],"version-history":[{"count":4,"href":"https:\/\/apollo-fo.com\/am\/en\/wp-json\/wp\/v2\/pages\/3390\/revisions"}],"predecessor-version":[{"id":3448,"href":"https:\/\/apollo-fo.com\/am\/en\/wp-json\/wp\/v2\/pages\/3390\/revisions\/3448"}],"wp:attachment":[{"href":"https:\/\/apollo-fo.com\/am\/en\/wp-json\/wp\/v2\/media?parent=3390"}],"curies":[{"name":"wp","href":"https:\/\/api.w.org\/{rel}","templated":true}]}}