{"id":2,"date":"2020-07-10T07:58:18","date_gmt":"2020-07-10T07:58:18","guid":{"rendered":"https:\/\/box2326\/cgi\/addon_GT.cgi?s=GT::WP::Install::EIG+%28apollof8%29+-+10.0.87.30+%5BWordPress%3b+\/var\/hp\/common\/lib\/WordPress.pm%3b+295%3b+Hosting::gap_call%5D\/?page_id=2"},"modified":"2023-06-13T12:06:40","modified_gmt":"2023-06-13T12:06:40","slug":"accueil-gestion-de-portefeuilles","status":"publish","type":"page","link":"https:\/\/apollo-fo.com\/am\/en\/","title":{"rendered":"Apollo solution innovante pour la gestion d&rsquo;actifs"},"content":{"rendered":"<p class=\"has-text-align-center has-luminous-vivid-orange-color has-text-color has-large-font-size\"><strong>Ce qu&rsquo;il faut savoir sur Apollo : <\/strong><\/p>\n\n\n\n<p class=\"has-medium-font-size\">Apollo est une solution digitale internationale pour la gestion de portefeuilles. Cette plateforme est propos\u00e9e par la soci\u00e9t\u00e9 EVIDEN. Des dizaines d\u2019\u00e9tablissements financiers globaux &nbsp;b\u00e9n\u00e9ficient d\u00e9j\u00e0 de la richesse fonctionnelle d\u2019Apollo.<\/p>\n\n\n\n<p class=\"has-medium-font-size\">Une offre Saas est d\u00e9sormais disponible et permet d\u2019accueillir les petites et moyennes soci\u00e9t\u00e9s de gestion dans un cloud s\u00e9curis\u00e9 en toute simplicit\u00e9. Cette offre int\u00e8gre \u00e0 la fois les fonctions de gestion priv\u00e9e et institutionnelle. <\/p>\n\n\n\n<p class=\"has-text-align-center has-luminous-vivid-orange-color has-text-color has-large-font-size\"><strong>Comment b\u00e9n\u00e9ficier de la puissance d\u2019Apollo ?<\/strong><\/p>\n\n\n\n<p class=\"has-medium-font-size\"><strong>Mode classique : <\/strong>Mod\u00e8le traditionnel avec achat de licences, redevance de maintenance et acquisition du mat\u00e9riel ou infog\u00e9rance. <\/p>\n\n\n\n<p class=\"has-medium-font-size\"><strong>Mode Saas :<\/strong> Mod\u00e8le cloud innovant avec facturation \u00e0 l&rsquo;usage en fonction de KPIs  (Utilisateurs, portefeuille, en-cours).  <\/p>\n\n\n\n<p class=\"has-text-align-center has-luminous-vivid-orange-color has-text-color has-large-font-size\"><strong>Pour vous accompagner : <\/strong><\/p>\n\n\n\n<p class=\"has-text-align-left has-medium-font-size\">Behind our solution, Apollo, our efficient team specializing in Asset Management is always at your disposal to continuously develop the software and keep meeting customer requirements perfectly.\nSo when you start using Apollo, it is important to us that we make sure that functional support is available at all times. This expert team in asset management is fully dedicated to assisting you in using the Apollo Asset Management and solving your problems. Apart from the support, we provide you with a support engineer to guarantee your follow-up. We provide a truly reliable and determined point of contact, we surround ourselves with consultants and experts for a good understanding of your needs and the proper implementation of your projects with Apollo. \nThanks to our fully available human contact, we support you on a daily basis and create a relationship of trust for the success of your objectives.&nbsp;<\/p>\n\n\n\n<p class=\"has-text-align-center has-luminous-vivid-orange-color has-text-color has-large-font-size\"><strong>A propos d&rsquo;Eviden : <\/strong><\/p>\n\n\n<div class=\"wp-block-image\">\n<figure class=\"alignleft size-full\"><img fetchpriority=\"high\" decoding=\"async\" width=\"419\" height=\"120\" src=\"https:\/\/i0.wp.com\/apollo-fo.com\/am\/wp-content\/uploads\/2023\/05\/download.png?resize=419%2C120&#038;ssl=1\" alt=\"\" class=\"wp-image-2968\" srcset=\"https:\/\/i0.wp.com\/apollo-fo.com\/am\/wp-content\/uploads\/2023\/05\/download.png?w=419&amp;ssl=1 419w, https:\/\/i0.wp.com\/apollo-fo.com\/am\/wp-content\/uploads\/2023\/05\/download.png?resize=300%2C86&amp;ssl=1 300w, https:\/\/i0.wp.com\/apollo-fo.com\/am\/wp-content\/uploads\/2023\/05\/download.png?resize=16%2C5&amp;ssl=1 16w, https:\/\/i0.wp.com\/apollo-fo.com\/am\/wp-content\/uploads\/2023\/05\/download.png?resize=24%2C7&amp;ssl=1 24w, https:\/\/i0.wp.com\/apollo-fo.com\/am\/wp-content\/uploads\/2023\/05\/download.png?resize=36%2C10&amp;ssl=1 36w, https:\/\/i0.wp.com\/apollo-fo.com\/am\/wp-content\/uploads\/2023\/05\/download.png?resize=48%2C14&amp;ssl=1 48w\" sizes=\"(max-width: 419px) 100vw, 419px\" data-recalc-dims=\"1\" \/><\/figure>\n<\/div>\n\n\n<p class=\"has-medium-font-size\">Eviden int\u00e8gre les lignes m\u00e9tiers pr\u00e9c\u00e9demment g\u00e9r\u00e9es au sein d\u2019Atos: le digital, le cloud, le big data et ce qui est relatif \u00e0 la s\u00e9curit\u00e9. Eviden sera un leader mondial dans la transformation num\u00e9rique ax\u00e9e sur les donn\u00e9es, la confiance et la durabilit\u00e9. En tant qu&rsquo;entreprise num\u00e9rique de nouvelle g\u00e9n\u00e9ration avec des positions de leader mondial dans les domaines num\u00e9riques, du cloud, des donn\u00e9es, du calcul avanc\u00e9 et de la s\u00e9curit\u00e9, elle apporte une expertise approfondie pour tous les secteurs dans plus de 53 pays.<\/p>\n\n\n\n<p><\/p>\n\n\n\n<div style=\"height:100px\" aria-hidden=\"true\" class=\"wp-block-spacer\"><\/div>\n\n\n<div class=\"wp-block-image\">\n<figure class=\"aligncenter size-large is-resized\"><img decoding=\"async\" src=\"https:\/\/i0.wp.com\/apollo-fo.com\/am\/wp-content\/uploads\/2023\/06\/Affiche-2.1.png?resize=543%2C768&#038;ssl=1\" alt=\"\" class=\"wp-image-3414\" width=\"543\" height=\"768\" srcset=\"https:\/\/i0.wp.com\/apollo-fo.com\/am\/wp-content\/uploads\/2023\/06\/Affiche-2.1.png?resize=724%2C1024&amp;ssl=1 724w, https:\/\/i0.wp.com\/apollo-fo.com\/am\/wp-content\/uploads\/2023\/06\/Affiche-2.1.png?resize=212%2C300&amp;ssl=1 212w, https:\/\/i0.wp.com\/apollo-fo.com\/am\/wp-content\/uploads\/2023\/06\/Affiche-2.1.png?resize=768%2C1086&amp;ssl=1 768w, https:\/\/i0.wp.com\/apollo-fo.com\/am\/wp-content\/uploads\/2023\/06\/Affiche-2.1.png?resize=1086%2C1536&amp;ssl=1 1086w, https:\/\/i0.wp.com\/apollo-fo.com\/am\/wp-content\/uploads\/2023\/06\/Affiche-2.1.png?resize=1448%2C2048&amp;ssl=1 1448w, https:\/\/i0.wp.com\/apollo-fo.com\/am\/wp-content\/uploads\/2023\/06\/Affiche-2.1.png?resize=8%2C12&amp;ssl=1 8w, https:\/\/i0.wp.com\/apollo-fo.com\/am\/wp-content\/uploads\/2023\/06\/Affiche-2.1.png?resize=17%2C24&amp;ssl=1 17w, https:\/\/i0.wp.com\/apollo-fo.com\/am\/wp-content\/uploads\/2023\/06\/Affiche-2.1.png?resize=25%2C36&amp;ssl=1 25w, https:\/\/i0.wp.com\/apollo-fo.com\/am\/wp-content\/uploads\/2023\/06\/Affiche-2.1.png?resize=34%2C48&amp;ssl=1 34w, https:\/\/i0.wp.com\/apollo-fo.com\/am\/wp-content\/uploads\/2023\/06\/Affiche-2.1.png?w=1587&amp;ssl=1 1587w\" sizes=\"(max-width: 543px) 100vw, 543px\" data-recalc-dims=\"1\" \/><\/figure>\n<\/div>\n\n\n<p><\/p>\n\n\n\n<p><\/p>\n\n\n\n<p><\/p>\n\n\n\n<p><\/p>\n\n\n\n<p><\/p>\n\n\n\n<p><\/p>\n\n\n\n<p><\/p>","protected":false},"excerpt":{"rendered":"<p>Ce qu&rsquo;il faut savoir sur Apollo : Apollo est une solution digitale internationale pour la gestion de portefeuilles. Cette plateforme est propos\u00e9e par la soci\u00e9t\u00e9 EVIDEN. Des dizaines d\u2019\u00e9tablissements financiers globaux &nbsp;b\u00e9n\u00e9ficient d\u00e9j\u00e0 de la richesse fonctionnelle d\u2019Apollo. Une offre Saas est d\u00e9sormais disponible et permet d\u2019accueillir les petites et moyennes soci\u00e9t\u00e9s de gestion dans [&hellip;]<\/p>","protected":false},"author":2,"featured_media":1504,"parent":0,"menu_order":0,"comment_status":"closed","ping_status":"open","template":"","meta":{"om_disable_all_campaigns":false,"_monsterinsights_skip_tracking":false,"_monsterinsights_sitenote_active":false,"_monsterinsights_sitenote_note":"","_monsterinsights_sitenote_category":0,"footnotes":""},"class_list":["post-2","page","type-page","status-publish","has-post-thumbnail","hentry"],"yoast_head":"<!-- This site is optimized with the Yoast SEO plugin v22.7 - https:\/\/yoast.com\/wordpress\/plugins\/seo\/ -->\n<title>Apollo Asset Management Software | Gestion de portefeuilles<\/title>\n<meta name=\"description\" content=\"#1 Leader dans la gestion d&#039;actifs. Nous offrons une solution adapt\u00e9e \u00e0 chaque soci\u00e9t\u00e9 de gestion afin de fournir une gestion de portefeuilles de qualit\u00e9.\" \/>\n<meta name=\"robots\" content=\"index, follow, max-snippet:-1, max-image-preview:large, max-video-preview:-1\" \/>\n<link rel=\"canonical\" href=\"https:\/\/apollo-fo.com\/am\/en\/\" \/>\n<meta property=\"og:locale\" content=\"en_GB\" \/>\n<meta property=\"og:type\" content=\"article\" \/>\n<meta property=\"og:title\" content=\"Apollo Asset Management Software\" \/>\n<meta property=\"og:description\" content=\"Nous vous offrons une transformation numerique. #1 dans la gestion d&#039;actifs. Nous offrons une solution adapt\u00e9e \u00e0 chaque soci\u00e9t\u00e9 de gestion afin de fournir une gestion de portefeuilles de qualit\u00e9.\" \/>\n<meta property=\"og:url\" content=\"https:\/\/apollo-fo.com\/am\/en\/\" \/>\n<meta property=\"og:site_name\" content=\"Apollo Asset Management Software\" \/>\n<meta property=\"article:publisher\" content=\"https:\/\/www.facebook.com\/ApolloAssetManagement\" \/>\n<meta property=\"article:modified_time\" content=\"2023-06-13T12:06:40+00:00\" \/>\n<meta property=\"og:image\" content=\"https:\/\/apollo-fo.com\/am\/wp-content\/uploads\/2020\/07\/Apollo-asset-management-solutions.jpg\" \/>\n\t<meta property=\"og:image:width\" content=\"1400\" \/>\n\t<meta property=\"og:image:height\" content=\"425\" \/>\n\t<meta property=\"og:image:type\" content=\"image\/jpeg\" \/>\n<meta name=\"twitter:card\" content=\"summary_large_image\" \/>\n<meta name=\"twitter:label1\" content=\"Estimated reading time\" \/>\n\t<meta name=\"twitter:data1\" content=\"2 minutes\" \/>\n<script type=\"application\/ld+json\" class=\"yoast-schema-graph\">{\"@context\":\"https:\/\/schema.org\",\"@graph\":[{\"@type\":\"WebPage\",\"@id\":\"https:\/\/apollo-fo.com\/am\/\",\"url\":\"https:\/\/apollo-fo.com\/am\",\"name\":\"Apollo Asset Management Software | Gestion de portefeuilles\",\"isPartOf\":{\"@id\":\"https:\/\/apollo-fo.com\/am\/fr\/#website\"},\"primaryImageOfPage\":{\"@id\":\"https:\/\/apollo-fo.com\/am#primaryimage\"},\"image\":{\"@id\":\"https:\/\/apollo-fo.com\/am#primaryimage\"},\"thumbnailUrl\":\"https:\/\/i0.wp.com\/apollo-fo.com\/am\/wp-content\/uploads\/2021\/11\/videoplayback-16.00_00_49_29.Still010.png?fit=1920%2C1080&ssl=1\",\"datePublished\":\"2020-07-10T07:58:18+00:00\",\"dateModified\":\"2023-06-13T12:06:40+00:00\",\"description\":\"#1 Leader dans la gestion d'actifs. Nous offrons une solution adapt\u00e9e \u00e0 chaque soci\u00e9t\u00e9 de gestion afin de fournir une gestion de portefeuilles de qualit\u00e9.\",\"breadcrumb\":{\"@id\":\"https:\/\/apollo-fo.com\/am#breadcrumb\"},\"inLanguage\":\"en-GB\",\"potentialAction\":[{\"@type\":\"ReadAction\",\"target\":[\"https:\/\/apollo-fo.com\/am\"]}]},{\"@type\":\"ImageObject\",\"inLanguage\":\"en-GB\",\"@id\":\"https:\/\/apollo-fo.com\/am#primaryimage\",\"url\":\"https:\/\/i0.wp.com\/apollo-fo.com\/am\/wp-content\/uploads\/2021\/11\/videoplayback-16.00_00_49_29.Still010.png?fit=1920%2C1080&ssl=1\",\"contentUrl\":\"https:\/\/i0.wp.com\/apollo-fo.com\/am\/wp-content\/uploads\/2021\/11\/videoplayback-16.00_00_49_29.Still010.png?fit=1920%2C1080&ssl=1\",\"width\":1920,\"height\":1080},{\"@type\":\"BreadcrumbList\",\"@id\":\"https:\/\/apollo-fo.com\/am#breadcrumb\",\"itemListElement\":[{\"@type\":\"ListItem\",\"position\":1,\"name\":\"Home\",\"item\":\"https:\/\/apollo-fo.com\/am\/\"},{\"@type\":\"ListItem\",\"position\":2,\"name\":\"Apollo solution innovante pour la gestion d&#8217;actifs\"}]},{\"@type\":\"WebSite\",\"@id\":\"https:\/\/apollo-fo.com\/am\/fr\/#website\",\"url\":\"https:\/\/apollo-fo.com\/am\/fr\/\",\"name\":\"Apollo Asset Management Software\",\"description\":\"\",\"publisher\":{\"@id\":\"https:\/\/apollo-fo.com\/am\/fr\/#organization\"},\"potentialAction\":[{\"@type\":\"SearchAction\",\"target\":{\"@type\":\"EntryPoint\",\"urlTemplate\":\"https:\/\/apollo-fo.com\/am\/fr\/?s={search_term_string}\"},\"query-input\":\"required name=search_term_string\"}],\"inLanguage\":\"en-GB\"},{\"@type\":\"Organization\",\"@id\":\"https:\/\/apollo-fo.com\/am\/fr\/#organization\",\"name\":\"Apollo Asset Management\",\"url\":\"https:\/\/apollo-fo.com\/am\/fr\/\",\"logo\":{\"@type\":\"ImageObject\",\"inLanguage\":\"en-GB\",\"@id\":\"https:\/\/apollo-fo.com\/am\/fr\/#\/schema\/logo\/image\/\",\"url\":\"https:\/\/i0.wp.com\/apollo-fo.com\/am\/wp-content\/uploads\/2020\/09\/APOLLO-ASSET-MANAGEMENT-LOGO.png?fit=500%2C500&ssl=1\",\"contentUrl\":\"https:\/\/i0.wp.com\/apollo-fo.com\/am\/wp-content\/uploads\/2020\/09\/APOLLO-ASSET-MANAGEMENT-LOGO.png?fit=500%2C500&ssl=1\",\"width\":500,\"height\":500,\"caption\":\"Apollo Asset Management\"},\"image\":{\"@id\":\"https:\/\/apollo-fo.com\/am\/fr\/#\/schema\/logo\/image\/\"},\"sameAs\":[\"https:\/\/www.facebook.com\/ApolloAssetManagement\",\"https:\/\/www.instagram.com\/apolloassetmanagement\/?hl=fr\",\"https:\/\/fr.linkedin.com\/company\/apollo-asset-management\",\"https:\/\/www.youtube.com\/channel\/UCQme_lUvDNcpPcJ3VhSPojA\"]}]}<\/script>\n<!-- \/ Yoast SEO plugin. -->","yoast_head_json":{"title":"Apollo Asset Management Software | Gestion de portefeuilles","description":"#1 Leader dans la gestion d'actifs. Nous offrons une solution adapt\u00e9e \u00e0 chaque soci\u00e9t\u00e9 de gestion afin de fournir une gestion de portefeuilles de qualit\u00e9.","robots":{"index":"index","follow":"follow","max-snippet":"max-snippet:-1","max-image-preview":"max-image-preview:large","max-video-preview":"max-video-preview:-1"},"canonical":"https:\/\/apollo-fo.com\/am\/en\/","og_locale":"en_GB","og_type":"article","og_title":"Apollo Asset Management Software","og_description":"Nous vous offrons une transformation numerique. #1 dans la gestion d'actifs. Nous offrons une solution adapt\u00e9e \u00e0 chaque soci\u00e9t\u00e9 de gestion afin de fournir une gestion de portefeuilles de qualit\u00e9.","og_url":"https:\/\/apollo-fo.com\/am\/en\/","og_site_name":"Apollo Asset Management Software","article_publisher":"https:\/\/www.facebook.com\/ApolloAssetManagement","article_modified_time":"2023-06-13T12:06:40+00:00","og_image":[{"width":1400,"height":425,"url":"https:\/\/apollo-fo.com\/am\/wp-content\/uploads\/2020\/07\/Apollo-asset-management-solutions.jpg","type":"image\/jpeg"}],"twitter_card":"summary_large_image","twitter_misc":{"Estimated reading time":"2 minutes"},"schema":{"@context":"https:\/\/schema.org","@graph":[{"@type":"WebPage","@id":"https:\/\/apollo-fo.com\/am\/","url":"https:\/\/apollo-fo.com\/am","name":"Apollo Asset Management Software | Gestion de portefeuilles","isPartOf":{"@id":"https:\/\/apollo-fo.com\/am\/fr\/#website"},"primaryImageOfPage":{"@id":"https:\/\/apollo-fo.com\/am#primaryimage"},"image":{"@id":"https:\/\/apollo-fo.com\/am#primaryimage"},"thumbnailUrl":"https:\/\/i0.wp.com\/apollo-fo.com\/am\/wp-content\/uploads\/2021\/11\/videoplayback-16.00_00_49_29.Still010.png?fit=1920%2C1080&ssl=1","datePublished":"2020-07-10T07:58:18+00:00","dateModified":"2023-06-13T12:06:40+00:00","description":"#1 Leader dans la gestion d'actifs. Nous offrons une solution adapt\u00e9e \u00e0 chaque soci\u00e9t\u00e9 de gestion afin de fournir une gestion de portefeuilles de qualit\u00e9.","breadcrumb":{"@id":"https:\/\/apollo-fo.com\/am#breadcrumb"},"inLanguage":"en-GB","potentialAction":[{"@type":"ReadAction","target":["https:\/\/apollo-fo.com\/am"]}]},{"@type":"ImageObject","inLanguage":"en-GB","@id":"https:\/\/apollo-fo.com\/am#primaryimage","url":"https:\/\/i0.wp.com\/apollo-fo.com\/am\/wp-content\/uploads\/2021\/11\/videoplayback-16.00_00_49_29.Still010.png?fit=1920%2C1080&ssl=1","contentUrl":"https:\/\/i0.wp.com\/apollo-fo.com\/am\/wp-content\/uploads\/2021\/11\/videoplayback-16.00_00_49_29.Still010.png?fit=1920%2C1080&ssl=1","width":1920,"height":1080},{"@type":"BreadcrumbList","@id":"https:\/\/apollo-fo.com\/am#breadcrumb","itemListElement":[{"@type":"ListItem","position":1,"name":"Home","item":"https:\/\/apollo-fo.com\/am\/"},{"@type":"ListItem","position":2,"name":"Apollo solution innovante pour la gestion d&#8217;actifs"}]},{"@type":"WebSite","@id":"https:\/\/apollo-fo.com\/am\/fr\/#website","url":"https:\/\/apollo-fo.com\/am\/fr\/","name":"Apollo Asset Management Software","description":"","publisher":{"@id":"https:\/\/apollo-fo.com\/am\/fr\/#organization"},"potentialAction":[{"@type":"SearchAction","target":{"@type":"EntryPoint","urlTemplate":"https:\/\/apollo-fo.com\/am\/fr\/?s={search_term_string}"},"query-input":"required name=search_term_string"}],"inLanguage":"en-GB"},{"@type":"Organization","@id":"https:\/\/apollo-fo.com\/am\/fr\/#organization","name":"Apollo Asset Management","url":"https:\/\/apollo-fo.com\/am\/fr\/","logo":{"@type":"ImageObject","inLanguage":"en-GB","@id":"https:\/\/apollo-fo.com\/am\/fr\/#\/schema\/logo\/image\/","url":"https:\/\/i0.wp.com\/apollo-fo.com\/am\/wp-content\/uploads\/2020\/09\/APOLLO-ASSET-MANAGEMENT-LOGO.png?fit=500%2C500&ssl=1","contentUrl":"https:\/\/i0.wp.com\/apollo-fo.com\/am\/wp-content\/uploads\/2020\/09\/APOLLO-ASSET-MANAGEMENT-LOGO.png?fit=500%2C500&ssl=1","width":500,"height":500,"caption":"Apollo Asset Management"},"image":{"@id":"https:\/\/apollo-fo.com\/am\/fr\/#\/schema\/logo\/image\/"},"sameAs":["https:\/\/www.facebook.com\/ApolloAssetManagement","https:\/\/www.instagram.com\/apolloassetmanagement\/?hl=fr","https:\/\/fr.linkedin.com\/company\/apollo-asset-management","https:\/\/www.youtube.com\/channel\/UCQme_lUvDNcpPcJ3VhSPojA"]}]}},"jetpack_sharing_enabled":true,"_links":{"self":[{"href":"https:\/\/apollo-fo.com\/am\/en\/wp-json\/wp\/v2\/pages\/2","targetHints":{"allow":["GET"]}}],"collection":[{"href":"https:\/\/apollo-fo.com\/am\/en\/wp-json\/wp\/v2\/pages"}],"about":[{"href":"https:\/\/apollo-fo.com\/am\/en\/wp-json\/wp\/v2\/types\/page"}],"author":[{"embeddable":true,"href":"https:\/\/apollo-fo.com\/am\/en\/wp-json\/wp\/v2\/users\/2"}],"replies":[{"embeddable":true,"href":"https:\/\/apollo-fo.com\/am\/en\/wp-json\/wp\/v2\/comments?post=2"}],"version-history":[{"count":5,"href":"https:\/\/apollo-fo.com\/am\/en\/wp-json\/wp\/v2\/pages\/2\/revisions"}],"predecessor-version":[{"id":3462,"href":"https:\/\/apollo-fo.com\/am\/en\/wp-json\/wp\/v2\/pages\/2\/revisions\/3462"}],"wp:featuredmedia":[{"embeddable":true,"href":"https:\/\/apollo-fo.com\/am\/en\/wp-json\/wp\/v2\/media\/1504"}],"wp:attachment":[{"href":"https:\/\/apollo-fo.com\/am\/en\/wp-json\/wp\/v2\/media?parent=2"}],"curies":[{"name":"wp","href":"https:\/\/api.w.org\/{rel}","templated":true}]}}