{"id":1514,"date":"2021-12-29T14:14:48","date_gmt":"2021-12-29T14:14:48","guid":{"rendered":"https:\/\/apollo-fo.com\/am\/?page_id=1514"},"modified":"2022-03-15T15:04:54","modified_gmt":"2022-03-15T15:04:54","slug":"les-enjeux-des-cryptomonnaies","status":"publish","type":"page","link":"https:\/\/apollo-fo.com\/am\/en\/les-enjeux-des-cryptomonnaies\/","title":{"rendered":"Les enjeux des cryptomonnaies"},"content":{"rendered":"<div data-elementor-type=\"wp-page\" data-elementor-id=\"1514\" class=\"elementor elementor-1514\">\n\t\t\t\t\t\t<section class=\"elementor-section elementor-top-section elementor-element elementor-element-1ddb12a4 elementor-section-boxed elementor-section-height-default elementor-section-height-default\" data-id=\"1ddb12a4\" data-element_type=\"section\">\n\t\t\t\t\t\t<div class=\"elementor-container elementor-column-gap-default\">\n\t\t\t\t\t<div class=\"elementor-column elementor-col-100 elementor-top-column elementor-element elementor-element-201bb7c9\" data-id=\"201bb7c9\" data-element_type=\"column\">\n\t\t\t<div class=\"elementor-widget-wrap elementor-element-populated\">\n\t\t\t\t\t\t<div class=\"elementor-element elementor-element-98693ff elementor-widget elementor-widget-text-editor\" data-id=\"98693ff\" data-element_type=\"widget\" data-widget_type=\"text-editor.default\">\n\t\t\t\t<div class=\"elementor-widget-container\">\n\t\t\t\t\t\t\t<p>Au coeur des enjeux actuels, les cryptomonnaies et plus particuli\u00e8rement le Bitcoin questionnent. L&rsquo;\u00e9quipe Apollo souhaite ainsi vous \u00e9clairer sur cette probl\u00e9matique \u00e0 travers diff\u00e9rents visuels et un webinar qui aura lieu le mardi 22 mars \u00e0 14 heures.<\/p>\t\t\t\t\t\t<\/div>\n\t\t\t\t<\/div>\n\t\t\t\t<div class=\"elementor-element elementor-element-aa6958d elementor-widget elementor-widget-text-editor\" data-id=\"aa6958d\" data-element_type=\"widget\" data-widget_type=\"text-editor.default\">\n\t\t\t\t<div class=\"elementor-widget-container\">\n\t\t\t\t\t\t\t<!-- wp:image -->\n<figure class=\"wp-block-image\"><img\/><\/figure>\n<!-- \/wp:image -->\t\t\t\t\t\t<\/div>\n\t\t\t\t<\/div>\n\t\t\t\t\t<\/div>\n\t\t<\/div>\n\t\t\t\t\t<\/div>\n\t\t<\/section>\n\t\t\t\t<section class=\"elementor-section elementor-top-section elementor-element elementor-element-bf9d5a9 elementor-section-boxed elementor-section-height-default elementor-section-height-default\" data-id=\"bf9d5a9\" data-element_type=\"section\">\n\t\t\t\t\t\t<div class=\"elementor-container elementor-column-gap-default\">\n\t\t\t\t\t<div class=\"elementor-column elementor-col-100 elementor-top-column elementor-element elementor-element-47ec052\" data-id=\"47ec052\" data-element_type=\"column\">\n\t\t\t<div class=\"elementor-widget-wrap elementor-element-populated\">\n\t\t\t\t\t\t<div class=\"elementor-element elementor-element-0187b3f elementor-widget elementor-widget-image\" data-id=\"0187b3f\" data-element_type=\"widget\" data-widget_type=\"image.default\">\n\t\t\t\t<div class=\"elementor-widget-container\">\n\t\t\t\t\t\t\t\t\t\t\t\t\t<img fetchpriority=\"high\" decoding=\"async\" width=\"724\" height=\"1024\" src=\"https:\/\/i0.wp.com\/apollo-fo.com\/am\/wp-content\/uploads\/2022\/03\/flyer-webinar-3-2.png?fit=724%2C1024&amp;ssl=1\" class=\"attachment-large size-large wp-image-1549\" alt=\"\" srcset=\"https:\/\/i0.wp.com\/apollo-fo.com\/am\/wp-content\/uploads\/2022\/03\/flyer-webinar-3-2.png?w=2480&amp;ssl=1 2480w, https:\/\/i0.wp.com\/apollo-fo.com\/am\/wp-content\/uploads\/2022\/03\/flyer-webinar-3-2.png?resize=212%2C300&amp;ssl=1 212w, https:\/\/i0.wp.com\/apollo-fo.com\/am\/wp-content\/uploads\/2022\/03\/flyer-webinar-3-2.png?resize=724%2C1024&amp;ssl=1 724w, https:\/\/i0.wp.com\/apollo-fo.com\/am\/wp-content\/uploads\/2022\/03\/flyer-webinar-3-2.png?resize=768%2C1086&amp;ssl=1 768w, https:\/\/i0.wp.com\/apollo-fo.com\/am\/wp-content\/uploads\/2022\/03\/flyer-webinar-3-2.png?resize=1086%2C1536&amp;ssl=1 1086w, https:\/\/i0.wp.com\/apollo-fo.com\/am\/wp-content\/uploads\/2022\/03\/flyer-webinar-3-2.png?w=2340&amp;ssl=1 2340w\" sizes=\"(max-width: 724px) 100vw, 724px\" \/>\t\t\t\t\t\t\t\t\t\t\t\t\t<\/div>\n\t\t\t\t<\/div>\n\t\t\t\t\t<\/div>\n\t\t<\/div>\n\t\t\t\t\t<\/div>\n\t\t<\/section>\n\t\t\t\t<section class=\"elementor-section elementor-top-section elementor-element elementor-element-221c8ec elementor-section-boxed elementor-section-height-default elementor-section-height-default\" data-id=\"221c8ec\" data-element_type=\"section\">\n\t\t\t\t\t\t<div class=\"elementor-container elementor-column-gap-default\">\n\t\t\t\t\t<div class=\"elementor-column elementor-col-100 elementor-top-column elementor-element elementor-element-e49fd0a\" data-id=\"e49fd0a\" data-element_type=\"column\">\n\t\t\t<div class=\"elementor-widget-wrap elementor-element-populated\">\n\t\t\t\t\t\t<div class=\"elementor-element elementor-element-7c2ea77 elementor-align-center elementor-widget elementor-widget-button\" data-id=\"7c2ea77\" data-element_type=\"widget\" data-widget_type=\"button.default\">\n\t\t\t\t<div class=\"elementor-widget-container\">\n\t\t\t\t\t\t\t<div class=\"elementor-button-wrapper\">\n\t\t\t\t\t<a class=\"elementor-button elementor-button-link elementor-size-sm\" href=\"https:\/\/www.linkedin.com\/events\/webinarsurlesenjeuxdescryptomon6907635687248797696\/about\/\">\n\t\t\t\t\t\t<span class=\"elementor-button-content-wrapper\">\n\t\t\t\t\t\t\t\t\t<span class=\"elementor-button-text\">Inscrivez-vous<\/span>\n\t\t\t\t\t<\/span>\n\t\t\t\t\t<\/a>\n\t\t\t\t<\/div>\n\t\t\t\t\t\t<\/div>\n\t\t\t\t<\/div>\n\t\t\t\t\t<\/div>\n\t\t<\/div>\n\t\t\t\t\t<\/div>\n\t\t<\/section>\n\t\t\t\t<section class=\"elementor-section elementor-top-section elementor-element elementor-element-138f64a elementor-section-boxed elementor-section-height-default elementor-section-height-default\" data-id=\"138f64a\" data-element_type=\"section\">\n\t\t\t\t\t\t<div class=\"elementor-container elementor-column-gap-default\">\n\t\t\t\t\t<div class=\"elementor-column elementor-col-100 elementor-top-column elementor-element elementor-element-1d096ec\" data-id=\"1d096ec\" data-element_type=\"column\">\n\t\t\t<div class=\"elementor-widget-wrap elementor-element-populated\">\n\t\t\t\t\t\t<section class=\"elementor-section elementor-inner-section elementor-element elementor-element-34baa47 elementor-section-boxed elementor-section-height-default elementor-section-height-default\" data-id=\"34baa47\" data-element_type=\"section\">\n\t\t\t\t\t\t<div class=\"elementor-container elementor-column-gap-default\">\n\t\t\t\t\t<div class=\"elementor-column elementor-col-50 elementor-inner-column elementor-element elementor-element-db1a33e\" data-id=\"db1a33e\" data-element_type=\"column\">\n\t\t\t<div class=\"elementor-widget-wrap elementor-element-populated\">\n\t\t\t\t\t\t<div class=\"elementor-element elementor-element-6aa0e58 elementor-widget elementor-widget-image\" data-id=\"6aa0e58\" data-element_type=\"widget\" data-widget_type=\"image.default\">\n\t\t\t\t<div class=\"elementor-widget-container\">\n\t\t\t\t\t\t\t\t\t\t\t\t\t<img decoding=\"async\" width=\"722\" height=\"1024\" src=\"https:\/\/i0.wp.com\/apollo-fo.com\/am\/wp-content\/uploads\/2021\/12\/webinar-visuel-8.png?fit=722%2C1024&amp;ssl=1\" class=\"attachment-large size-large wp-image-1527\" alt=\"\" srcset=\"https:\/\/i0.wp.com\/apollo-fo.com\/am\/wp-content\/uploads\/2021\/12\/webinar-visuel-8.png?w=1748&amp;ssl=1 1748w, https:\/\/i0.wp.com\/apollo-fo.com\/am\/wp-content\/uploads\/2021\/12\/webinar-visuel-8.png?resize=211%2C300&amp;ssl=1 211w, https:\/\/i0.wp.com\/apollo-fo.com\/am\/wp-content\/uploads\/2021\/12\/webinar-visuel-8.png?resize=722%2C1024&amp;ssl=1 722w, https:\/\/i0.wp.com\/apollo-fo.com\/am\/wp-content\/uploads\/2021\/12\/webinar-visuel-8.png?resize=768%2C1090&amp;ssl=1 768w, https:\/\/i0.wp.com\/apollo-fo.com\/am\/wp-content\/uploads\/2021\/12\/webinar-visuel-8.png?resize=1083%2C1536&amp;ssl=1 1083w\" sizes=\"(max-width: 722px) 100vw, 722px\" \/>\t\t\t\t\t\t\t\t\t\t\t\t\t<\/div>\n\t\t\t\t<\/div>\n\t\t\t\t\t<\/div>\n\t\t<\/div>\n\t\t\t\t<div class=\"elementor-column elementor-col-50 elementor-inner-column elementor-element elementor-element-76da3f3\" data-id=\"76da3f3\" data-element_type=\"column\">\n\t\t\t<div class=\"elementor-widget-wrap elementor-element-populated\">\n\t\t\t\t\t\t<div class=\"elementor-element elementor-element-870db54 elementor-widget elementor-widget-text-editor\" data-id=\"870db54\" data-element_type=\"widget\" data-widget_type=\"text-editor.default\">\n\t\t\t\t<div class=\"elementor-widget-container\">\n\t\t\t\t\t\t\t<p>\u00a0<\/p>\n<p>\u00a0<\/p>\n<p>\u00a0<\/p>\n<p>\u00a0<\/p>\n<p>Focus sur le parall\u00e8le Bitcoin\/or.<\/p>\t\t\t\t\t\t<\/div>\n\t\t\t\t<\/div>\n\t\t\t\t\t<\/div>\n\t\t<\/div>\n\t\t\t\t\t<\/div>\n\t\t<\/section>\n\t\t\t\t\t<\/div>\n\t\t<\/div>\n\t\t\t\t\t<\/div>\n\t\t<\/section>\n\t\t\t\t<section class=\"elementor-section elementor-top-section elementor-element elementor-element-6102047 elementor-section-boxed elementor-section-height-default elementor-section-height-default\" data-id=\"6102047\" data-element_type=\"section\">\n\t\t\t\t\t\t<div class=\"elementor-container elementor-column-gap-default\">\n\t\t\t\t\t<div class=\"elementor-column elementor-col-100 elementor-top-column elementor-element elementor-element-70c1a46\" data-id=\"70c1a46\" data-element_type=\"column\">\n\t\t\t<div class=\"elementor-widget-wrap elementor-element-populated\">\n\t\t\t\t\t\t<div class=\"elementor-element elementor-element-1f7b8a1 elementor-widget elementor-widget-spacer\" data-id=\"1f7b8a1\" data-element_type=\"widget\" data-widget_type=\"spacer.default\">\n\t\t\t\t<div class=\"elementor-widget-container\">\n\t\t\t\t\t<div class=\"elementor-spacer\">\n\t\t\t<div class=\"elementor-spacer-inner\"><\/div>\n\t\t<\/div>\n\t\t\t\t<\/div>\n\t\t\t\t<\/div>\n\t\t\t\t\t<\/div>\n\t\t<\/div>\n\t\t\t\t\t<\/div>\n\t\t<\/section>\n\t\t\t\t<section class=\"elementor-section elementor-top-section elementor-element elementor-element-7241b45 elementor-section-boxed elementor-section-height-default elementor-section-height-default\" data-id=\"7241b45\" data-element_type=\"section\">\n\t\t\t\t\t\t<div class=\"elementor-container elementor-column-gap-default\">\n\t\t\t\t\t<div class=\"elementor-column elementor-col-50 elementor-top-column elementor-element elementor-element-f64ec00\" data-id=\"f64ec00\" data-element_type=\"column\">\n\t\t\t<div class=\"elementor-widget-wrap elementor-element-populated\">\n\t\t\t\t\t\t<div class=\"elementor-element elementor-element-2191d96 elementor-widget elementor-widget-text-editor\" data-id=\"2191d96\" data-element_type=\"widget\" data-widget_type=\"text-editor.default\">\n\t\t\t\t<div class=\"elementor-widget-container\">\n\t\t\t\t\t\t\t<p>\u00a0<\/p>\n<p>\u00a0<\/p>\n<p>\u00a0<\/p>\n<p>Le Bitcoin, un instrument risqu\u00e9?<\/p>\t\t\t\t\t\t<\/div>\n\t\t\t\t<\/div>\n\t\t\t\t\t<\/div>\n\t\t<\/div>\n\t\t\t\t<div class=\"elementor-column elementor-col-50 elementor-top-column elementor-element elementor-element-dae664b\" data-id=\"dae664b\" data-element_type=\"column\">\n\t\t\t<div class=\"elementor-widget-wrap elementor-element-populated\">\n\t\t\t\t\t\t<div class=\"elementor-element elementor-element-938c217 elementor-widget elementor-widget-image\" data-id=\"938c217\" data-element_type=\"widget\" data-widget_type=\"image.default\">\n\t\t\t\t<div class=\"elementor-widget-container\">\n\t\t\t\t\t\t\t\t\t\t\t\t\t<img decoding=\"async\" width=\"819\" height=\"1024\" src=\"https:\/\/i0.wp.com\/apollo-fo.com\/am\/wp-content\/uploads\/2021\/12\/visuel-volatibilite-5.png?fit=819%2C1024&amp;ssl=1\" class=\"attachment-large size-large wp-image-1532\" alt=\"\" srcset=\"https:\/\/i0.wp.com\/apollo-fo.com\/am\/wp-content\/uploads\/2021\/12\/visuel-volatibilite-5.png?w=1080&amp;ssl=1 1080w, https:\/\/i0.wp.com\/apollo-fo.com\/am\/wp-content\/uploads\/2021\/12\/visuel-volatibilite-5.png?resize=240%2C300&amp;ssl=1 240w, https:\/\/i0.wp.com\/apollo-fo.com\/am\/wp-content\/uploads\/2021\/12\/visuel-volatibilite-5.png?resize=819%2C1024&amp;ssl=1 819w, https:\/\/i0.wp.com\/apollo-fo.com\/am\/wp-content\/uploads\/2021\/12\/visuel-volatibilite-5.png?resize=768%2C960&amp;ssl=1 768w, https:\/\/i0.wp.com\/apollo-fo.com\/am\/wp-content\/uploads\/2021\/12\/visuel-volatibilite-5.png?resize=10%2C12&amp;ssl=1 10w, https:\/\/i0.wp.com\/apollo-fo.com\/am\/wp-content\/uploads\/2021\/12\/visuel-volatibilite-5.png?resize=700%2C875&amp;ssl=1 700w, https:\/\/i0.wp.com\/apollo-fo.com\/am\/wp-content\/uploads\/2021\/12\/visuel-volatibilite-5.png?resize=320%2C400&amp;ssl=1 320w, https:\/\/i0.wp.com\/apollo-fo.com\/am\/wp-content\/uploads\/2021\/12\/visuel-volatibilite-5.png?resize=19%2C24&amp;ssl=1 19w, https:\/\/i0.wp.com\/apollo-fo.com\/am\/wp-content\/uploads\/2021\/12\/visuel-volatibilite-5.png?resize=29%2C36&amp;ssl=1 29w, https:\/\/i0.wp.com\/apollo-fo.com\/am\/wp-content\/uploads\/2021\/12\/visuel-volatibilite-5.png?resize=38%2C48&amp;ssl=1 38w\" sizes=\"(max-width: 819px) 100vw, 819px\" \/>\t\t\t\t\t\t\t\t\t\t\t\t\t<\/div>\n\t\t\t\t<\/div>\n\t\t\t\t\t<\/div>\n\t\t<\/div>\n\t\t\t\t\t<\/div>\n\t\t<\/section>\n\t\t\t\t<section class=\"elementor-section elementor-top-section elementor-element elementor-element-b08f33f elementor-section-boxed elementor-section-height-default elementor-section-height-default\" data-id=\"b08f33f\" data-element_type=\"section\">\n\t\t\t\t\t\t<div class=\"elementor-container elementor-column-gap-default\">\n\t\t\t\t\t<div class=\"elementor-column elementor-col-100 elementor-top-column elementor-element elementor-element-94b7cf9\" data-id=\"94b7cf9\" data-element_type=\"column\">\n\t\t\t<div class=\"elementor-widget-wrap elementor-element-populated\">\n\t\t\t\t\t\t<div class=\"elementor-element elementor-element-5efc7cf elementor-widget elementor-widget-spacer\" data-id=\"5efc7cf\" data-element_type=\"widget\" data-widget_type=\"spacer.default\">\n\t\t\t\t<div class=\"elementor-widget-container\">\n\t\t\t\t\t<div class=\"elementor-spacer\">\n\t\t\t<div class=\"elementor-spacer-inner\"><\/div>\n\t\t<\/div>\n\t\t\t\t<\/div>\n\t\t\t\t<\/div>\n\t\t\t\t\t<\/div>\n\t\t<\/div>\n\t\t\t\t\t<\/div>\n\t\t<\/section>\n\t\t\t\t<section class=\"elementor-section elementor-top-section elementor-element elementor-element-144e3af elementor-section-boxed elementor-section-height-default elementor-section-height-default\" data-id=\"144e3af\" data-element_type=\"section\">\n\t\t\t\t\t\t<div class=\"elementor-container elementor-column-gap-default\">\n\t\t\t\t\t<div class=\"elementor-column elementor-col-100 elementor-top-column elementor-element elementor-element-614faed\" data-id=\"614faed\" data-element_type=\"column\">\n\t\t\t<div class=\"elementor-widget-wrap elementor-element-populated\">\n\t\t\t\t\t\t<div class=\"elementor-element elementor-element-ce3f8d7 elementor-align-center elementor-widget elementor-widget-button\" data-id=\"ce3f8d7\" data-element_type=\"widget\" data-widget_type=\"button.default\">\n\t\t\t\t<div class=\"elementor-widget-container\">\n\t\t\t\t\t\t\t<div class=\"elementor-button-wrapper\">\n\t\t\t\t\t<a class=\"elementor-button elementor-button-link elementor-size-sm\" href=\"https:\/\/www.youtube.com\/channel\/UCQme_lUvDNcpPcJ3VhSPojA\">\n\t\t\t\t\t\t<span class=\"elementor-button-content-wrapper\">\n\t\t\t\t\t\t\t\t\t<span class=\"elementor-button-text\">Retrouvez nous sur Youtube<\/span>\n\t\t\t\t\t<\/span>\n\t\t\t\t\t<\/a>\n\t\t\t\t<\/div>\n\t\t\t\t\t\t<\/div>\n\t\t\t\t<\/div>\n\t\t\t\t\t<\/div>\n\t\t<\/div>\n\t\t\t\t\t<\/div>\n\t\t<\/section>\n\t\t\t\t<\/div>","protected":false},"excerpt":{"rendered":"<p>Au coeur des enjeux actuels, les cryptomonnaies et plus particuli\u00e8rement le Bitcoin questionnent. L&rsquo;\u00e9quipe Apollo souhaite ainsi vous \u00e9clairer sur cette probl\u00e9matique \u00e0 travers diff\u00e9rents visuels et un webinar qui aura lieu le mardi 22 mars \u00e0 14 heures. Inscrivez-vous \u00a0 \u00a0 \u00a0 \u00a0 Focus sur le parall\u00e8le Bitcoin\/or. \u00a0 \u00a0 \u00a0 Le Bitcoin, un [&hellip;]<\/p>","protected":false},"author":1,"featured_media":0,"parent":0,"menu_order":0,"comment_status":"closed","ping_status":"closed","template":"","meta":{"om_disable_all_campaigns":false,"_monsterinsights_skip_tracking":false,"_monsterinsights_sitenote_active":false,"_monsterinsights_sitenote_note":"","_monsterinsights_sitenote_category":0,"footnotes":""},"class_list":["post-1514","page","type-page","status-publish","hentry"],"yoast_head":"<!-- This site is optimized with the Yoast SEO plugin v22.7 - https:\/\/yoast.com\/wordpress\/plugins\/seo\/ -->\n<title>Les enjeux des cryptomonnaies - Apollo Asset Management Software<\/title>\n<meta name=\"robots\" content=\"index, follow, max-snippet:-1, max-image-preview:large, max-video-preview:-1\" \/>\n<link rel=\"canonical\" href=\"https:\/\/apollo-fo.com\/am\/en\/les-enjeux-des-cryptomonnaies\/\" \/>\n<meta property=\"og:locale\" content=\"en_GB\" \/>\n<meta property=\"og:type\" content=\"article\" \/>\n<meta property=\"og:title\" content=\"Les enjeux des cryptomonnaies - Apollo Asset Management Software\" \/>\n<meta property=\"og:description\" content=\"Au coeur des enjeux actuels, les cryptomonnaies et plus particuli\u00e8rement le Bitcoin questionnent. L&rsquo;\u00e9quipe Apollo souhaite ainsi vous \u00e9clairer sur cette probl\u00e9matique \u00e0 travers diff\u00e9rents visuels et un webinar qui aura lieu le mardi 22 mars \u00e0 14 heures. Inscrivez-vous \u00a0 \u00a0 \u00a0 \u00a0 Focus sur le parall\u00e8le Bitcoin\/or. \u00a0 \u00a0 \u00a0 Le Bitcoin, un [&hellip;]\" \/>\n<meta property=\"og:url\" content=\"https:\/\/apollo-fo.com\/am\/en\/les-enjeux-des-cryptomonnaies\/\" \/>\n<meta property=\"og:site_name\" content=\"Apollo Asset Management Software\" \/>\n<meta property=\"article:publisher\" content=\"https:\/\/www.facebook.com\/ApolloAssetManagement\" \/>\n<meta property=\"article:modified_time\" content=\"2022-03-15T15:04:54+00:00\" \/>\n<meta property=\"og:image\" content=\"https:\/\/apollo-fo.com\/am\/wp-content\/uploads\/2022\/03\/flyer-webinar-3-2-724x1024.png\" \/>\n<meta name=\"twitter:card\" content=\"summary_large_image\" \/>\n<script type=\"application\/ld+json\" class=\"yoast-schema-graph\">{\"@context\":\"https:\/\/schema.org\",\"@graph\":[{\"@type\":\"WebPage\",\"@id\":\"https:\/\/apollo-fo.com\/am\/en\/les-enjeux-des-cryptomonnaies\/\",\"url\":\"https:\/\/apollo-fo.com\/am\/en\/les-enjeux-des-cryptomonnaies\/\",\"name\":\"Les enjeux des cryptomonnaies - Apollo Asset Management Software\",\"isPartOf\":{\"@id\":\"https:\/\/apollo-fo.com\/am\/fr\/#website\"},\"primaryImageOfPage\":{\"@id\":\"https:\/\/apollo-fo.com\/am\/en\/les-enjeux-des-cryptomonnaies\/#primaryimage\"},\"image\":{\"@id\":\"https:\/\/apollo-fo.com\/am\/en\/les-enjeux-des-cryptomonnaies\/#primaryimage\"},\"thumbnailUrl\":\"https:\/\/apollo-fo.com\/am\/wp-content\/uploads\/2022\/03\/flyer-webinar-3-2-724x1024.png\",\"datePublished\":\"2021-12-29T14:14:48+00:00\",\"dateModified\":\"2022-03-15T15:04:54+00:00\",\"breadcrumb\":{\"@id\":\"https:\/\/apollo-fo.com\/am\/en\/les-enjeux-des-cryptomonnaies\/#breadcrumb\"},\"inLanguage\":\"en-GB\",\"potentialAction\":[{\"@type\":\"ReadAction\",\"target\":[\"https:\/\/apollo-fo.com\/am\/en\/les-enjeux-des-cryptomonnaies\/\"]}]},{\"@type\":\"ImageObject\",\"inLanguage\":\"en-GB\",\"@id\":\"https:\/\/apollo-fo.com\/am\/en\/les-enjeux-des-cryptomonnaies\/#primaryimage\",\"url\":\"https:\/\/apollo-fo.com\/am\/wp-content\/uploads\/2022\/03\/flyer-webinar-3-2-724x1024.png\",\"contentUrl\":\"https:\/\/apollo-fo.com\/am\/wp-content\/uploads\/2022\/03\/flyer-webinar-3-2-724x1024.png\"},{\"@type\":\"BreadcrumbList\",\"@id\":\"https:\/\/apollo-fo.com\/am\/en\/les-enjeux-des-cryptomonnaies\/#breadcrumb\",\"itemListElement\":[{\"@type\":\"ListItem\",\"position\":1,\"name\":\"Home\",\"item\":\"https:\/\/apollo-fo.com\/am\/\"},{\"@type\":\"ListItem\",\"position\":2,\"name\":\"Les enjeux des cryptomonnaies\"}]},{\"@type\":\"WebSite\",\"@id\":\"https:\/\/apollo-fo.com\/am\/fr\/#website\",\"url\":\"https:\/\/apollo-fo.com\/am\/fr\/\",\"name\":\"Apollo Asset Management Software\",\"description\":\"\",\"publisher\":{\"@id\":\"https:\/\/apollo-fo.com\/am\/fr\/#organization\"},\"potentialAction\":[{\"@type\":\"SearchAction\",\"target\":{\"@type\":\"EntryPoint\",\"urlTemplate\":\"https:\/\/apollo-fo.com\/am\/fr\/?s={search_term_string}\"},\"query-input\":\"required name=search_term_string\"}],\"inLanguage\":\"en-GB\"},{\"@type\":\"Organization\",\"@id\":\"https:\/\/apollo-fo.com\/am\/fr\/#organization\",\"name\":\"Apollo Asset Management\",\"url\":\"https:\/\/apollo-fo.com\/am\/fr\/\",\"logo\":{\"@type\":\"ImageObject\",\"inLanguage\":\"en-GB\",\"@id\":\"https:\/\/apollo-fo.com\/am\/fr\/#\/schema\/logo\/image\/\",\"url\":\"https:\/\/i0.wp.com\/apollo-fo.com\/am\/wp-content\/uploads\/2020\/09\/APOLLO-ASSET-MANAGEMENT-LOGO.png?fit=500%2C500&ssl=1\",\"contentUrl\":\"https:\/\/i0.wp.com\/apollo-fo.com\/am\/wp-content\/uploads\/2020\/09\/APOLLO-ASSET-MANAGEMENT-LOGO.png?fit=500%2C500&ssl=1\",\"width\":500,\"height\":500,\"caption\":\"Apollo Asset Management\"},\"image\":{\"@id\":\"https:\/\/apollo-fo.com\/am\/fr\/#\/schema\/logo\/image\/\"},\"sameAs\":[\"https:\/\/www.facebook.com\/ApolloAssetManagement\",\"https:\/\/www.instagram.com\/apolloassetmanagement\/?hl=fr\",\"https:\/\/fr.linkedin.com\/company\/apollo-asset-management\",\"https:\/\/www.youtube.com\/channel\/UCQme_lUvDNcpPcJ3VhSPojA\"]}]}<\/script>\n<!-- \/ Yoast SEO plugin. -->","yoast_head_json":{"title":"Les enjeux des cryptomonnaies - Apollo Asset Management Software","robots":{"index":"index","follow":"follow","max-snippet":"max-snippet:-1","max-image-preview":"max-image-preview:large","max-video-preview":"max-video-preview:-1"},"canonical":"https:\/\/apollo-fo.com\/am\/en\/les-enjeux-des-cryptomonnaies\/","og_locale":"en_GB","og_type":"article","og_title":"Les enjeux des cryptomonnaies - Apollo Asset Management Software","og_description":"Au coeur des enjeux actuels, les cryptomonnaies et plus particuli\u00e8rement le Bitcoin questionnent. L&rsquo;\u00e9quipe Apollo souhaite ainsi vous \u00e9clairer sur cette probl\u00e9matique \u00e0 travers diff\u00e9rents visuels et un webinar qui aura lieu le mardi 22 mars \u00e0 14 heures. Inscrivez-vous \u00a0 \u00a0 \u00a0 \u00a0 Focus sur le parall\u00e8le Bitcoin\/or. \u00a0 \u00a0 \u00a0 Le Bitcoin, un [&hellip;]","og_url":"https:\/\/apollo-fo.com\/am\/en\/les-enjeux-des-cryptomonnaies\/","og_site_name":"Apollo Asset Management Software","article_publisher":"https:\/\/www.facebook.com\/ApolloAssetManagement","article_modified_time":"2022-03-15T15:04:54+00:00","og_image":[{"url":"https:\/\/apollo-fo.com\/am\/wp-content\/uploads\/2022\/03\/flyer-webinar-3-2-724x1024.png"}],"twitter_card":"summary_large_image","schema":{"@context":"https:\/\/schema.org","@graph":[{"@type":"WebPage","@id":"https:\/\/apollo-fo.com\/am\/en\/les-enjeux-des-cryptomonnaies\/","url":"https:\/\/apollo-fo.com\/am\/en\/les-enjeux-des-cryptomonnaies\/","name":"Les enjeux des cryptomonnaies - Apollo Asset Management Software","isPartOf":{"@id":"https:\/\/apollo-fo.com\/am\/fr\/#website"},"primaryImageOfPage":{"@id":"https:\/\/apollo-fo.com\/am\/en\/les-enjeux-des-cryptomonnaies\/#primaryimage"},"image":{"@id":"https:\/\/apollo-fo.com\/am\/en\/les-enjeux-des-cryptomonnaies\/#primaryimage"},"thumbnailUrl":"https:\/\/apollo-fo.com\/am\/wp-content\/uploads\/2022\/03\/flyer-webinar-3-2-724x1024.png","datePublished":"2021-12-29T14:14:48+00:00","dateModified":"2022-03-15T15:04:54+00:00","breadcrumb":{"@id":"https:\/\/apollo-fo.com\/am\/en\/les-enjeux-des-cryptomonnaies\/#breadcrumb"},"inLanguage":"en-GB","potentialAction":[{"@type":"ReadAction","target":["https:\/\/apollo-fo.com\/am\/en\/les-enjeux-des-cryptomonnaies\/"]}]},{"@type":"ImageObject","inLanguage":"en-GB","@id":"https:\/\/apollo-fo.com\/am\/en\/les-enjeux-des-cryptomonnaies\/#primaryimage","url":"https:\/\/apollo-fo.com\/am\/wp-content\/uploads\/2022\/03\/flyer-webinar-3-2-724x1024.png","contentUrl":"https:\/\/apollo-fo.com\/am\/wp-content\/uploads\/2022\/03\/flyer-webinar-3-2-724x1024.png"},{"@type":"BreadcrumbList","@id":"https:\/\/apollo-fo.com\/am\/en\/les-enjeux-des-cryptomonnaies\/#breadcrumb","itemListElement":[{"@type":"ListItem","position":1,"name":"Home","item":"https:\/\/apollo-fo.com\/am\/"},{"@type":"ListItem","position":2,"name":"Les enjeux des cryptomonnaies"}]},{"@type":"WebSite","@id":"https:\/\/apollo-fo.com\/am\/fr\/#website","url":"https:\/\/apollo-fo.com\/am\/fr\/","name":"Apollo Asset Management Software","description":"","publisher":{"@id":"https:\/\/apollo-fo.com\/am\/fr\/#organization"},"potentialAction":[{"@type":"SearchAction","target":{"@type":"EntryPoint","urlTemplate":"https:\/\/apollo-fo.com\/am\/fr\/?s={search_term_string}"},"query-input":"required name=search_term_string"}],"inLanguage":"en-GB"},{"@type":"Organization","@id":"https:\/\/apollo-fo.com\/am\/fr\/#organization","name":"Apollo Asset Management","url":"https:\/\/apollo-fo.com\/am\/fr\/","logo":{"@type":"ImageObject","inLanguage":"en-GB","@id":"https:\/\/apollo-fo.com\/am\/fr\/#\/schema\/logo\/image\/","url":"https:\/\/i0.wp.com\/apollo-fo.com\/am\/wp-content\/uploads\/2020\/09\/APOLLO-ASSET-MANAGEMENT-LOGO.png?fit=500%2C500&ssl=1","contentUrl":"https:\/\/i0.wp.com\/apollo-fo.com\/am\/wp-content\/uploads\/2020\/09\/APOLLO-ASSET-MANAGEMENT-LOGO.png?fit=500%2C500&ssl=1","width":500,"height":500,"caption":"Apollo Asset Management"},"image":{"@id":"https:\/\/apollo-fo.com\/am\/fr\/#\/schema\/logo\/image\/"},"sameAs":["https:\/\/www.facebook.com\/ApolloAssetManagement","https:\/\/www.instagram.com\/apolloassetmanagement\/?hl=fr","https:\/\/fr.linkedin.com\/company\/apollo-asset-management","https:\/\/www.youtube.com\/channel\/UCQme_lUvDNcpPcJ3VhSPojA"]}]}},"jetpack_sharing_enabled":true,"_links":{"self":[{"href":"https:\/\/apollo-fo.com\/am\/en\/wp-json\/wp\/v2\/pages\/1514","targetHints":{"allow":["GET"]}}],"collection":[{"href":"https:\/\/apollo-fo.com\/am\/en\/wp-json\/wp\/v2\/pages"}],"about":[{"href":"https:\/\/apollo-fo.com\/am\/en\/wp-json\/wp\/v2\/types\/page"}],"author":[{"embeddable":true,"href":"https:\/\/apollo-fo.com\/am\/en\/wp-json\/wp\/v2\/users\/1"}],"replies":[{"embeddable":true,"href":"https:\/\/apollo-fo.com\/am\/en\/wp-json\/wp\/v2\/comments?post=1514"}],"version-history":[{"count":5,"href":"https:\/\/apollo-fo.com\/am\/en\/wp-json\/wp\/v2\/pages\/1514\/revisions"}],"predecessor-version":[{"id":1560,"href":"https:\/\/apollo-fo.com\/am\/en\/wp-json\/wp\/v2\/pages\/1514\/revisions\/1560"}],"wp:attachment":[{"href":"https:\/\/apollo-fo.com\/am\/en\/wp-json\/wp\/v2\/media?parent=1514"}],"curies":[{"name":"wp","href":"https:\/\/api.w.org\/{rel}","templated":true}]}}