{"id":130,"date":"2020-07-17T10:51:50","date_gmt":"2020-07-17T10:51:50","guid":{"rendered":"https:\/\/apollo-fo.com\/assetmanagement\/?page_id=130"},"modified":"2020-08-11T10:53:33","modified_gmt":"2020-08-11T10:53:33","slug":"produits-fim","status":"publish","type":"page","link":"https:\/\/apollo-fo.com\/am\/en\/produits-fim\/","title":{"rendered":"Apollo FIM"},"content":{"rendered":"<div style=\"height:81px\" aria-hidden=\"true\" class=\"wp-block-spacer\"><\/div>\n\n\n\n<h3 class=\"has-text-align-center wp-block-heading\"><strong>WHAT IS THE Apollo FIM SOLUTION?&nbsp;<\/strong><\/h3>\n\n\n\n<h4 class=\"wp-block-heading\">A CENTER CALLED \u201cIBOR\u201d.<\/h4>\n\n\n\n<p>The Apollo FIM solution is aimed at companies offering UCITS, mutual funds or alternative funds. Its main characteristic is that it is structure around \"IBOR\" center comprising many aspects as illustrated in the figure below.<\/p>\n\n\n\n<div class=\"wp-block-image\"><figure class=\"aligncenter size-large is-resized\"><img fetchpriority=\"high\" decoding=\"async\" src=\"https:\/\/apollo-fo.com\/am\/wp-content\/uploads\/2020\/11\/Blue-and-White-SWOT-Analysis-Chart-Presentation.png\" alt=\"\" class=\"wp-image-345\" width=\"512\" height=\"326\" srcset=\"https:\/\/i0.wp.com\/apollo-fo.com\/am\/wp-content\/uploads\/2020\/11\/Blue-and-White-SWOT-Analysis-Chart-Presentation.png?w=1920&ssl=1 1920w, https:\/\/i0.wp.com\/apollo-fo.com\/am\/wp-content\/uploads\/2020\/11\/Blue-and-White-SWOT-Analysis-Chart-Presentation.png?resize=300%2C169&ssl=1 300w, https:\/\/i0.wp.com\/apollo-fo.com\/am\/wp-content\/uploads\/2020\/11\/Blue-and-White-SWOT-Analysis-Chart-Presentation.png?resize=1024%2C576&ssl=1 1024w, https:\/\/i0.wp.com\/apollo-fo.com\/am\/wp-content\/uploads\/2020\/11\/Blue-and-White-SWOT-Analysis-Chart-Presentation.png?resize=768%2C432&ssl=1 768w, https:\/\/i0.wp.com\/apollo-fo.com\/am\/wp-content\/uploads\/2020\/11\/Blue-and-White-SWOT-Analysis-Chart-Presentation.png?resize=1536%2C864&ssl=1 1536w, https:\/\/i0.wp.com\/apollo-fo.com\/am\/wp-content\/uploads\/2020\/11\/Blue-and-White-SWOT-Analysis-Chart-Presentation.png?resize=16%2C9&ssl=1 16w, https:\/\/i0.wp.com\/apollo-fo.com\/am\/wp-content\/uploads\/2020\/11\/Blue-and-White-SWOT-Analysis-Chart-Presentation.png?resize=700%2C394&ssl=1 700w, https:\/\/i0.wp.com\/apollo-fo.com\/am\/wp-content\/uploads\/2020\/11\/Blue-and-White-SWOT-Analysis-Chart-Presentation.png?resize=711%2C400&ssl=1 711w, https:\/\/i0.wp.com\/apollo-fo.com\/am\/wp-content\/uploads\/2020\/11\/Blue-and-White-SWOT-Analysis-Chart-Presentation.png?resize=24%2C14&ssl=1 24w, https:\/\/i0.wp.com\/apollo-fo.com\/am\/wp-content\/uploads\/2020\/11\/Blue-and-White-SWOT-Analysis-Chart-Presentation.png?resize=36%2C20&ssl=1 36w, https:\/\/i0.wp.com\/apollo-fo.com\/am\/wp-content\/uploads\/2020\/11\/Blue-and-White-SWOT-Analysis-Chart-Presentation.png?resize=48%2C27&ssl=1 48w\" sizes=\"(max-width: 512px) 100vw, 512px\" data-recalc-dims=\"1\" \/><\/figure><\/div>\n\n\n\n<p>In addition, the Apollo IBOR supports the entire asset management circle, starting from the broker to the regulator, the custodian and the valuator in charge for accounting of funds. These operations then make it possible to build reference data over the process (Referential, Positions, Transactions).&nbsp;<\/p>\n\n\n\n<h4 class=\"wp-block-heading\">THE DIFFERENT MODULES.<\/h4>\n\n\n\n<p>Having seen the core of the platform, it should be noted that it also comes with four other modules, each equipped with its own features.&nbsp;<\/p>\n\n\n\n<div class=\"wp-block-image\"><figure class=\"aligncenter size-large is-resized\"><img decoding=\"async\" src=\"https:\/\/i0.wp.com\/apollo-fo.com\/assetmanagement\/wp-content\/uploads\/2020\/07\/Capture-d\u2019\u00e9cran-2020-07-21-\u00e0-14.32.50-1-1024x560.png?resize=512%2C280&#038;ssl=1\" alt=\"\" class=\"wp-image-346\" width=\"512\" height=\"280\" srcset=\"https:\/\/i0.wp.com\/apollo-fo.com\/am\/wp-content\/uploads\/2020\/07\/Capture-d\u2019\u00e9cran-2020-07-21-\u00e0-14.32.50-1.png?resize=1024%2C560&amp;ssl=1 1024w, https:\/\/i0.wp.com\/apollo-fo.com\/am\/wp-content\/uploads\/2020\/07\/Capture-d\u2019\u00e9cran-2020-07-21-\u00e0-14.32.50-1.png?resize=300%2C164&amp;ssl=1 300w, https:\/\/i0.wp.com\/apollo-fo.com\/am\/wp-content\/uploads\/2020\/07\/Capture-d\u2019\u00e9cran-2020-07-21-\u00e0-14.32.50-1.png?resize=768%2C420&amp;ssl=1 768w, https:\/\/i0.wp.com\/apollo-fo.com\/am\/wp-content\/uploads\/2020\/07\/Capture-d\u2019\u00e9cran-2020-07-21-\u00e0-14.32.50-1.png?resize=1536%2C839&amp;ssl=1 1536w, https:\/\/i0.wp.com\/apollo-fo.com\/am\/wp-content\/uploads\/2020\/07\/Capture-d\u2019\u00e9cran-2020-07-21-\u00e0-14.32.50-1.png?resize=2048%2C1119&amp;ssl=1 2048w, https:\/\/i0.wp.com\/apollo-fo.com\/am\/wp-content\/uploads\/2020\/07\/Capture-d\u2019\u00e9cran-2020-07-21-\u00e0-14.32.50-1.png?resize=700%2C383&amp;ssl=1 700w, https:\/\/i0.wp.com\/apollo-fo.com\/am\/wp-content\/uploads\/2020\/07\/Capture-d\u2019\u00e9cran-2020-07-21-\u00e0-14.32.50-1.png?resize=2000%2C1093&amp;ssl=1 2000w, https:\/\/i0.wp.com\/apollo-fo.com\/am\/wp-content\/uploads\/2020\/07\/Capture-d\u2019\u00e9cran-2020-07-21-\u00e0-14.32.50-1.png?resize=732%2C400&amp;ssl=1 732w, https:\/\/i0.wp.com\/apollo-fo.com\/am\/wp-content\/uploads\/2020\/07\/Capture-d\u2019\u00e9cran-2020-07-21-\u00e0-14.32.50-1.png?resize=24%2C13&amp;ssl=1 24w, https:\/\/i0.wp.com\/apollo-fo.com\/am\/wp-content\/uploads\/2020\/07\/Capture-d\u2019\u00e9cran-2020-07-21-\u00e0-14.32.50-1.png?resize=36%2C20&amp;ssl=1 36w, https:\/\/i0.wp.com\/apollo-fo.com\/am\/wp-content\/uploads\/2020\/07\/Capture-d\u2019\u00e9cran-2020-07-21-\u00e0-14.32.50-1.png?resize=48%2C26&amp;ssl=1 48w, https:\/\/i0.wp.com\/apollo-fo.com\/am\/wp-content\/uploads\/2020\/07\/Capture-d\u2019\u00e9cran-2020-07-21-\u00e0-14.32.50-1.png?w=2340&amp;ssl=1 2340w\" sizes=\"(max-width: 512px) 100vw, 512px\" data-recalc-dims=\"1\" \/><\/figure><\/div>\n\n\n\n<p>The first module is associated with the&nbsp;<strong>placing and generation of orders.<\/strong>In this module, many algorithms are created for order preparation such as: order composition and size objective, duration modeling, rebalancing functions via model portfolios, or the rolling of futures. All asset classes such as securities, forex, deposits, swaps, structured products and even hedge funds are considered and managed. All types of orders are managed: block or single orders. Finally, internal routing (by negotiation tables) or external routing (through standard protocols such as FIX) are supported when placing orders.&nbsp;<\/p>\n\n\n\n<p>The second module deals with&nbsp;<strong>compliance.<\/strong>In other words, it allows \u201cpre trade\u201d or \u201cpost trade\u201d control, workflow on constraints not respected, a full audit trail as well as regulatory kits for all European and international regulations (UCITS, OEIC, MMF, New Investment Law\u2026).&nbsp;<\/p>\n\n\n\n<p>The third module is based on&nbsp;<strong>performance and reporting.<\/strong>Thanks to external performance measurements (TWR, CWR, etc.), Apollo provides computing solutions to monitor fund performance. More precisely, we produce risk-adjusted performance indicators (Sharp, Tracking error,\u2026), and risk indicators (Volatility, VAR Cornish Fisher, Sortino,\u2026). With full access to the entire data dictionary, our solutions can calculate attribution and performance measurement and automate the generation of rich fund plates that highlight fund performances.&nbsp;<\/p>\n\n\n\n<p>Last but not least, the fourth module includes the&nbsp;<strong>Business Intelligence<\/strong>part. This functionality offers the possibility of producing reports for clients considering the segmentation of portfolios, the history of allocations, the referential completeness and finally the crossing of assets by portfolios. In addition, our Business Intelligence module offers an architecture centered around Microsoft \u201cPower BI\u201d, either hosted or not in ATOS data centers, as well as assistance for modeling, measurements, KPIs, visualizations and much more.<\/p>\n\n\n\n<div style=\"height:100px\" aria-hidden=\"true\" class=\"wp-block-spacer\"><\/div>\n\n\n\n<h2 class=\"wp-block-heading\">Our other blogs on Apollo FIM<\/h2>\n\n\n\n<div class=\"wp-block-media-text alignwide is-stacked-on-mobile\" style=\"grid-template-columns:57% auto\"><figure class=\"wp-block-media-text__media\"><a href=\"https:\/\/apollo-fo.com\/am\/en\/apollo-fim-achitecture\/\"><img decoding=\"async\" width=\"1024\" height=\"311\" src=\"https:\/\/i0.wp.com\/apollo-fo.com\/am\/wp-content\/uploads\/2020\/07\/Apollo-fim-Blog-pic-3.jpg?resize=1024%2C311&#038;ssl=1\" alt=\"Apollo FIM ARCHITECTURE\" class=\"wp-image-535\" srcset=\"https:\/\/i0.wp.com\/apollo-fo.com\/am\/wp-content\/uploads\/2020\/07\/Apollo-fim-Blog-pic-3.jpg?resize=1024%2C311&amp;ssl=1 1024w, https:\/\/i0.wp.com\/apollo-fo.com\/am\/wp-content\/uploads\/2020\/07\/Apollo-fim-Blog-pic-3.jpg?resize=300%2C91&amp;ssl=1 300w, https:\/\/i0.wp.com\/apollo-fo.com\/am\/wp-content\/uploads\/2020\/07\/Apollo-fim-Blog-pic-3.jpg?resize=768%2C233&amp;ssl=1 768w, https:\/\/i0.wp.com\/apollo-fo.com\/am\/wp-content\/uploads\/2020\/07\/Apollo-fim-Blog-pic-3.jpg?resize=700%2C213&amp;ssl=1 700w, https:\/\/i0.wp.com\/apollo-fo.com\/am\/wp-content\/uploads\/2020\/07\/Apollo-fim-Blog-pic-3.jpg?resize=1318%2C400&amp;ssl=1 1318w, https:\/\/i0.wp.com\/apollo-fo.com\/am\/wp-content\/uploads\/2020\/07\/Apollo-fim-Blog-pic-3.jpg?resize=24%2C7&amp;ssl=1 24w, https:\/\/i0.wp.com\/apollo-fo.com\/am\/wp-content\/uploads\/2020\/07\/Apollo-fim-Blog-pic-3.jpg?resize=36%2C11&amp;ssl=1 36w, https:\/\/i0.wp.com\/apollo-fo.com\/am\/wp-content\/uploads\/2020\/07\/Apollo-fim-Blog-pic-3.jpg?resize=48%2C15&amp;ssl=1 48w, https:\/\/i0.wp.com\/apollo-fo.com\/am\/wp-content\/uploads\/2020\/07\/Apollo-fim-Blog-pic-3.jpg?w=1400&amp;ssl=1 1400w\" sizes=\"(max-width: 1024px) 100vw, 1024px\" data-recalc-dims=\"1\" \/><\/a><\/figure><div class=\"wp-block-media-text__content\">\n<p style=\"font-size:26px\"><a href=\"https:\/\/apollo-fo.com\/am\/en\/apollo-fim-achitecture\/\">APOLLO FIM ARCHITECTURE<\/a><\/p>\n<\/div><\/div>\n\n\n\n<p><em>\"The Apollo FIM solution enables Asset Management Companies to manage funds. So, Apollo FIM is built on a...\"<\/em> <a href=\"https:\/\/apollo-fo.com\/am\/en\/apollo-fim-achitecture\/\">Continue reading<\/a><\/p>\n\n\n\n<ul class=\"wp-block-social-links aligncenter is-layout-flex wp-block-social-links-is-layout-flex\"><li class=\"wp-social-link wp-social-link-facebook  wp-block-social-link\"><a href=\"https:\/\/www.facebook.com\/Atos\" class=\"wp-block-social-link-anchor\"><svg width=\"24\" height=\"24\" viewbox=\"0 0 24 24\" version=\"1.1\" xmlns=\"http:\/\/www.w3.org\/2000\/svg\" aria-hidden=\"true\" focusable=\"false\"><path d=\"M12 2C6.5 2 2 6.5 2 12c0 5 3.7 9.1 8.4 9.9v-7H7.9V12h2.5V9.8c0-2.5 1.5-3.9 3.8-3.9 1.1 0 2.2.2 2.2.2v2.5h-1.3c-1.2 0-1.6.8-1.6 1.6V12h2.8l-.4 2.9h-2.3v7C18.3 21.1 22 17 22 12c0-5.5-4.5-10-10-10z\"><\/path><\/svg><span class=\"wp-block-social-link-label screen-reader-text\">Facebook<\/span><\/a><\/li>\n\n<li class=\"wp-social-link wp-social-link-instagram  wp-block-social-link\"><a href=\"https:\/\/www.instagram.com\/atosglobal\/\" class=\"wp-block-social-link-anchor\"><svg width=\"24\" height=\"24\" viewbox=\"0 0 24 24\" version=\"1.1\" xmlns=\"http:\/\/www.w3.org\/2000\/svg\" aria-hidden=\"true\" focusable=\"false\"><path d=\"M12,4.622c2.403,0,2.688,0.009,3.637,0.052c0.877,0.04,1.354,0.187,1.671,0.31c0.42,0.163,0.72,0.358,1.035,0.673 c0.315,0.315,0.51,0.615,0.673,1.035c0.123,0.317,0.27,0.794,0.31,1.671c0.043,0.949,0.052,1.234,0.052,3.637 s-0.009,2.688-0.052,3.637c-0.04,0.877-0.187,1.354-0.31,1.671c-0.163,0.42-0.358,0.72-0.673,1.035 c-0.315,0.315-0.615,0.51-1.035,0.673c-0.317,0.123-0.794,0.27-1.671,0.31c-0.949,0.043-1.233,0.052-3.637,0.052 s-2.688-0.009-3.637-0.052c-0.877-0.04-1.354-0.187-1.671-0.31c-0.42-0.163-0.72-0.358-1.035-0.673 c-0.315-0.315-0.51-0.615-0.673-1.035c-0.123-0.317-0.27-0.794-0.31-1.671C4.631,14.688,4.622,14.403,4.622,12 s0.009-2.688,0.052-3.637c0.04-0.877,0.187-1.354,0.31-1.671c0.163-0.42,0.358-0.72,0.673-1.035 c0.315-0.315,0.615-0.51,1.035-0.673c0.317-0.123,0.794-0.27,1.671-0.31C9.312,4.631,9.597,4.622,12,4.622 M12,3 C9.556,3,9.249,3.01,8.289,3.054C7.331,3.098,6.677,3.25,6.105,3.472C5.513,3.702,5.011,4.01,4.511,4.511 c-0.5,0.5-0.808,1.002-1.038,1.594C3.25,6.677,3.098,7.331,3.054,8.289C3.01,9.249,3,9.556,3,12c0,2.444,0.01,2.751,0.054,3.711 c0.044,0.958,0.196,1.612,0.418,2.185c0.23,0.592,0.538,1.094,1.038,1.594c0.5,0.5,1.002,0.808,1.594,1.038 c0.572,0.222,1.227,0.375,2.185,0.418C9.249,20.99,9.556,21,12,21s2.751-0.01,3.711-0.054c0.958-0.044,1.612-0.196,2.185-0.418 c0.592-0.23,1.094-0.538,1.594-1.038c0.5-0.5,0.808-1.002,1.038-1.594c0.222-0.572,0.375-1.227,0.418-2.185 C20.99,14.751,21,14.444,21,12s-0.01-2.751-0.054-3.711c-0.044-0.958-0.196-1.612-0.418-2.185c-0.23-0.592-0.538-1.094-1.038-1.594 c-0.5-0.5-1.002-0.808-1.594-1.038c-0.572-0.222-1.227-0.375-2.185-0.418C14.751,3.01,14.444,3,12,3L12,3z M12,7.378 c-2.552,0-4.622,2.069-4.622,4.622S9.448,16.622,12,16.622s4.622-2.069,4.622-4.622S14.552,7.378,12,7.378z M12,15 c-1.657,0-3-1.343-3-3s1.343-3,3-3s3,1.343,3,3S13.657,15,12,15z M16.804,6.116c-0.596,0-1.08,0.484-1.08,1.08 s0.484,1.08,1.08,1.08c0.596,0,1.08-0.484,1.08-1.08S17.401,6.116,16.804,6.116z\"><\/path><\/svg><span class=\"wp-block-social-link-label screen-reader-text\">Instagram<\/span><\/a><\/li>\n\n<li class=\"wp-social-link wp-social-link-linkedin  wp-block-social-link\"><a href=\"https:\/\/www.linkedin.com\/in\/apollo-une-solution-digitale-4a13701b2\/\" class=\"wp-block-social-link-anchor\"><svg width=\"24\" height=\"24\" viewbox=\"0 0 24 24\" version=\"1.1\" xmlns=\"http:\/\/www.w3.org\/2000\/svg\" aria-hidden=\"true\" focusable=\"false\"><path d=\"M19.7,3H4.3C3.582,3,3,3.582,3,4.3v15.4C3,20.418,3.582,21,4.3,21h15.4c0.718,0,1.3-0.582,1.3-1.3V4.3 C21,3.582,20.418,3,19.7,3z M8.339,18.338H5.667v-8.59h2.672V18.338z M7.004,8.574c-0.857,0-1.549-0.694-1.549-1.548 c0-0.855,0.691-1.548,1.549-1.548c0.854,0,1.547,0.694,1.547,1.548C8.551,7.881,7.858,8.574,7.004,8.574z M18.339,18.338h-2.669 v-4.177c0-0.996-0.017-2.278-1.387-2.278c-1.389,0-1.601,1.086-1.601,2.206v4.249h-2.667v-8.59h2.559v1.174h0.037 c0.356-0.675,1.227-1.387,2.526-1.387c2.703,0,3.203,1.779,3.203,4.092V18.338z\"><\/path><\/svg><span class=\"wp-block-social-link-label screen-reader-text\">LinkedIn<\/span><\/a><\/li>\n\n<li class=\"wp-social-link wp-social-link-youtube  wp-block-social-link\"><a href=\"https:\/\/www.youtube.com\/channel\/UCQme_lUvDNcpPcJ3VhSPojA\" class=\"wp-block-social-link-anchor\"><svg width=\"24\" height=\"24\" viewbox=\"0 0 24 24\" version=\"1.1\" xmlns=\"http:\/\/www.w3.org\/2000\/svg\" aria-hidden=\"true\" focusable=\"false\"><path d=\"M21.8,8.001c0,0-0.195-1.378-0.795-1.985c-0.76-0.797-1.613-0.801-2.004-0.847c-2.799-0.202-6.997-0.202-6.997-0.202 h-0.009c0,0-4.198,0-6.997,0.202C4.608,5.216,3.756,5.22,2.995,6.016C2.395,6.623,2.2,8.001,2.2,8.001S2,9.62,2,11.238v1.517 c0,1.618,0.2,3.237,0.2,3.237s0.195,1.378,0.795,1.985c0.761,0.797,1.76,0.771,2.205,0.855c1.6,0.153,6.8,0.201,6.8,0.201 s4.203-0.006,7.001-0.209c0.391-0.047,1.243-0.051,2.004-0.847c0.6-0.607,0.795-1.985,0.795-1.985s0.2-1.618,0.2-3.237v-1.517 C22,9.62,21.8,8.001,21.8,8.001z M9.935,14.594l-0.001-5.62l5.404,2.82L9.935,14.594z\"><\/path><\/svg><span class=\"wp-block-social-link-label screen-reader-text\">YouTube<\/span><\/a><\/li><\/ul>\n\n\n\n<div class=\"wp-block-buttons is-layout-flex wp-block-buttons-is-layout-flex\">\n<div class=\"wp-block-button\"><a class=\"wp-block-button__link\" href=\"https:\/\/apollo-fo.com\/am\/en\/\">Home Page<\/a><\/div>\n<\/div>\n\n\n\n<p><\/p>","protected":false},"excerpt":{"rendered":"<p>La solution FIM qu\u2019est-ce que c\u2019est ?\u202f&nbsp; Un centre dit \u201cIBOR\u201d. La solution Apollo FIM s\u2019adresse aux soci\u00e9t\u00e9s commercialisant des OPCVM, des fonds communs de placement ou des fonds alternatifs. Sa principale caract\u00e9ristique est sa structuration autour d\u2019un centre dit \u201cIBOR\u201d comprenant de nombreux aspects comme illustr\u00e9 dans la figure ci-dessous. De plus, l\u2019Apollo IBOR [&hellip;]<\/p>","protected":false},"author":3,"featured_media":360,"parent":0,"menu_order":0,"comment_status":"closed","ping_status":"closed","template":"templates\/testimonial-page.php","meta":{"om_disable_all_campaigns":false,"_monsterinsights_skip_tracking":false,"_monsterinsights_sitenote_active":false,"_monsterinsights_sitenote_note":"","_monsterinsights_sitenote_category":0,"footnotes":""},"class_list":["post-130","page","type-page","status-publish","has-post-thumbnail","hentry"],"yoast_head":"<!-- This site is optimized with the Yoast SEO plugin v22.7 - https:\/\/yoast.com\/wordpress\/plugins\/seo\/ -->\n<title>Gestion Institutionnelle - For Institutional Management | Apollo FIM<\/title>\n<meta name=\"description\" content=\"La solution Apollo FIM est une aide pour la gestion institutionnelle qui s&#039;adresse aux soci\u00e9t\u00e9s commercialisant des OPCVM, des fonds communs de placement ou des fonds alternatifs.\" \/>\n<meta name=\"robots\" content=\"index, follow, max-snippet:-1, max-image-preview:large, max-video-preview:-1\" \/>\n<link rel=\"canonical\" href=\"https:\/\/apollo-fo.com\/am\/en\/produits-fim\/\" \/>\n<meta property=\"og:locale\" content=\"en_GB\" \/>\n<meta property=\"og:type\" content=\"article\" \/>\n<meta property=\"og:title\" content=\"Gestion Institutionnelle - For Institutional Management | Apollo FIM\" \/>\n<meta property=\"og:description\" content=\"La solution Apollo FIM est une aide pour la gestion institutionnelle qui s&#039;adresse aux soci\u00e9t\u00e9s commercialisant des OPCVM, des fonds communs de placement ou des fonds alternatifs.\" \/>\n<meta property=\"og:url\" content=\"https:\/\/apollo-fo.com\/am\/en\/produits-fim\/\" \/>\n<meta property=\"og:site_name\" content=\"Apollo Asset Management Software\" \/>\n<meta property=\"article:publisher\" content=\"https:\/\/www.facebook.com\/ApolloAssetManagement\" \/>\n<meta property=\"article:modified_time\" content=\"2020-08-11T10:53:33+00:00\" \/>\n<meta property=\"og:image\" content=\"https:\/\/apollo-fo.com\/am\/wp-content\/uploads\/2020\/07\/7-ways-apollo-helps-you-to-be-future-ready-1-2.jpg\" \/>\n\t<meta property=\"og:image:width\" content=\"1200\" \/>\n\t<meta property=\"og:image:height\" content=\"675\" \/>\n\t<meta property=\"og:image:type\" content=\"image\/jpeg\" \/>\n<meta name=\"twitter:card\" content=\"summary_large_image\" \/>\n<meta name=\"twitter:label1\" content=\"Estimated reading time\" \/>\n\t<meta name=\"twitter:data1\" content=\"3 minutes\" \/>\n<script type=\"application\/ld+json\" class=\"yoast-schema-graph\">{\"@context\":\"https:\/\/schema.org\",\"@graph\":[{\"@type\":\"WebPage\",\"@id\":\"https:\/\/apollo-fo.com\/am\/produits-fim\/\",\"url\":\"https:\/\/apollo-fo.com\/am\/produits-fim\/\",\"name\":\"Gestion Institutionnelle - For Institutional Management | Apollo FIM\",\"isPartOf\":{\"@id\":\"https:\/\/apollo-fo.com\/am\/fr\/#website\"},\"primaryImageOfPage\":{\"@id\":\"https:\/\/apollo-fo.com\/am\/produits-fim\/#primaryimage\"},\"image\":{\"@id\":\"https:\/\/apollo-fo.com\/am\/produits-fim\/#primaryimage\"},\"thumbnailUrl\":\"https:\/\/i0.wp.com\/apollo-fo.com\/am\/wp-content\/uploads\/2020\/07\/7-ways-apollo-helps-you-to-be-future-ready-1-2.jpg?fit=1200%2C675&ssl=1\",\"datePublished\":\"2020-07-17T10:51:50+00:00\",\"dateModified\":\"2020-08-11T10:53:33+00:00\",\"description\":\"La solution Apollo FIM est une aide pour la gestion institutionnelle qui s'adresse aux soci\u00e9t\u00e9s commercialisant des OPCVM, des fonds communs de placement ou des fonds alternatifs.\",\"breadcrumb\":{\"@id\":\"https:\/\/apollo-fo.com\/am\/produits-fim\/#breadcrumb\"},\"inLanguage\":\"en-GB\",\"potentialAction\":[{\"@type\":\"ReadAction\",\"target\":[\"https:\/\/apollo-fo.com\/am\/produits-fim\/\"]}]},{\"@type\":\"ImageObject\",\"inLanguage\":\"en-GB\",\"@id\":\"https:\/\/apollo-fo.com\/am\/produits-fim\/#primaryimage\",\"url\":\"https:\/\/i0.wp.com\/apollo-fo.com\/am\/wp-content\/uploads\/2020\/07\/7-ways-apollo-helps-you-to-be-future-ready-1-2.jpg?fit=1200%2C675&ssl=1\",\"contentUrl\":\"https:\/\/i0.wp.com\/apollo-fo.com\/am\/wp-content\/uploads\/2020\/07\/7-ways-apollo-helps-you-to-be-future-ready-1-2.jpg?fit=1200%2C675&ssl=1\",\"width\":1200,\"height\":675},{\"@type\":\"BreadcrumbList\",\"@id\":\"https:\/\/apollo-fo.com\/am\/produits-fim\/#breadcrumb\",\"itemListElement\":[{\"@type\":\"ListItem\",\"position\":1,\"name\":\"Home\",\"item\":\"https:\/\/apollo-fo.com\/am\/\"},{\"@type\":\"ListItem\",\"position\":2,\"name\":\"Apollo FIM\"}]},{\"@type\":\"WebSite\",\"@id\":\"https:\/\/apollo-fo.com\/am\/fr\/#website\",\"url\":\"https:\/\/apollo-fo.com\/am\/fr\/\",\"name\":\"Apollo Asset Management Software\",\"description\":\"\",\"publisher\":{\"@id\":\"https:\/\/apollo-fo.com\/am\/fr\/#organization\"},\"potentialAction\":[{\"@type\":\"SearchAction\",\"target\":{\"@type\":\"EntryPoint\",\"urlTemplate\":\"https:\/\/apollo-fo.com\/am\/fr\/?s={search_term_string}\"},\"query-input\":\"required name=search_term_string\"}],\"inLanguage\":\"en-GB\"},{\"@type\":\"Organization\",\"@id\":\"https:\/\/apollo-fo.com\/am\/fr\/#organization\",\"name\":\"Apollo Asset Management\",\"url\":\"https:\/\/apollo-fo.com\/am\/fr\/\",\"logo\":{\"@type\":\"ImageObject\",\"inLanguage\":\"en-GB\",\"@id\":\"https:\/\/apollo-fo.com\/am\/fr\/#\/schema\/logo\/image\/\",\"url\":\"https:\/\/i0.wp.com\/apollo-fo.com\/am\/wp-content\/uploads\/2020\/09\/APOLLO-ASSET-MANAGEMENT-LOGO.png?fit=500%2C500&ssl=1\",\"contentUrl\":\"https:\/\/i0.wp.com\/apollo-fo.com\/am\/wp-content\/uploads\/2020\/09\/APOLLO-ASSET-MANAGEMENT-LOGO.png?fit=500%2C500&ssl=1\",\"width\":500,\"height\":500,\"caption\":\"Apollo Asset Management\"},\"image\":{\"@id\":\"https:\/\/apollo-fo.com\/am\/fr\/#\/schema\/logo\/image\/\"},\"sameAs\":[\"https:\/\/www.facebook.com\/ApolloAssetManagement\",\"https:\/\/www.instagram.com\/apolloassetmanagement\/?hl=fr\",\"https:\/\/fr.linkedin.com\/company\/apollo-asset-management\",\"https:\/\/www.youtube.com\/channel\/UCQme_lUvDNcpPcJ3VhSPojA\"]}]}<\/script>\n<!-- \/ Yoast SEO plugin. -->","yoast_head_json":{"title":"Gestion Institutionnelle - For Institutional Management | Apollo FIM","description":"La solution Apollo FIM est une aide pour la gestion institutionnelle qui s'adresse aux soci\u00e9t\u00e9s commercialisant des OPCVM, des fonds communs de placement ou des fonds alternatifs.","robots":{"index":"index","follow":"follow","max-snippet":"max-snippet:-1","max-image-preview":"max-image-preview:large","max-video-preview":"max-video-preview:-1"},"canonical":"https:\/\/apollo-fo.com\/am\/en\/produits-fim\/","og_locale":"en_GB","og_type":"article","og_title":"Gestion Institutionnelle - For Institutional Management | Apollo FIM","og_description":"La solution Apollo FIM est une aide pour la gestion institutionnelle qui s'adresse aux soci\u00e9t\u00e9s commercialisant des OPCVM, des fonds communs de placement ou des fonds alternatifs.","og_url":"https:\/\/apollo-fo.com\/am\/en\/produits-fim\/","og_site_name":"Apollo Asset Management Software","article_publisher":"https:\/\/www.facebook.com\/ApolloAssetManagement","article_modified_time":"2020-08-11T10:53:33+00:00","og_image":[{"width":1200,"height":675,"url":"https:\/\/apollo-fo.com\/am\/wp-content\/uploads\/2020\/07\/7-ways-apollo-helps-you-to-be-future-ready-1-2.jpg","type":"image\/jpeg"}],"twitter_card":"summary_large_image","twitter_misc":{"Estimated reading time":"3 minutes"},"schema":{"@context":"https:\/\/schema.org","@graph":[{"@type":"WebPage","@id":"https:\/\/apollo-fo.com\/am\/produits-fim\/","url":"https:\/\/apollo-fo.com\/am\/produits-fim\/","name":"Gestion Institutionnelle - For Institutional Management | Apollo FIM","isPartOf":{"@id":"https:\/\/apollo-fo.com\/am\/fr\/#website"},"primaryImageOfPage":{"@id":"https:\/\/apollo-fo.com\/am\/produits-fim\/#primaryimage"},"image":{"@id":"https:\/\/apollo-fo.com\/am\/produits-fim\/#primaryimage"},"thumbnailUrl":"https:\/\/i0.wp.com\/apollo-fo.com\/am\/wp-content\/uploads\/2020\/07\/7-ways-apollo-helps-you-to-be-future-ready-1-2.jpg?fit=1200%2C675&ssl=1","datePublished":"2020-07-17T10:51:50+00:00","dateModified":"2020-08-11T10:53:33+00:00","description":"La solution Apollo FIM est une aide pour la gestion institutionnelle qui s'adresse aux soci\u00e9t\u00e9s commercialisant des OPCVM, des fonds communs de placement ou des fonds alternatifs.","breadcrumb":{"@id":"https:\/\/apollo-fo.com\/am\/produits-fim\/#breadcrumb"},"inLanguage":"en-GB","potentialAction":[{"@type":"ReadAction","target":["https:\/\/apollo-fo.com\/am\/produits-fim\/"]}]},{"@type":"ImageObject","inLanguage":"en-GB","@id":"https:\/\/apollo-fo.com\/am\/produits-fim\/#primaryimage","url":"https:\/\/i0.wp.com\/apollo-fo.com\/am\/wp-content\/uploads\/2020\/07\/7-ways-apollo-helps-you-to-be-future-ready-1-2.jpg?fit=1200%2C675&ssl=1","contentUrl":"https:\/\/i0.wp.com\/apollo-fo.com\/am\/wp-content\/uploads\/2020\/07\/7-ways-apollo-helps-you-to-be-future-ready-1-2.jpg?fit=1200%2C675&ssl=1","width":1200,"height":675},{"@type":"BreadcrumbList","@id":"https:\/\/apollo-fo.com\/am\/produits-fim\/#breadcrumb","itemListElement":[{"@type":"ListItem","position":1,"name":"Home","item":"https:\/\/apollo-fo.com\/am\/"},{"@type":"ListItem","position":2,"name":"Apollo FIM"}]},{"@type":"WebSite","@id":"https:\/\/apollo-fo.com\/am\/fr\/#website","url":"https:\/\/apollo-fo.com\/am\/fr\/","name":"Apollo Asset Management Software","description":"","publisher":{"@id":"https:\/\/apollo-fo.com\/am\/fr\/#organization"},"potentialAction":[{"@type":"SearchAction","target":{"@type":"EntryPoint","urlTemplate":"https:\/\/apollo-fo.com\/am\/fr\/?s={search_term_string}"},"query-input":"required name=search_term_string"}],"inLanguage":"en-GB"},{"@type":"Organization","@id":"https:\/\/apollo-fo.com\/am\/fr\/#organization","name":"Apollo Asset Management","url":"https:\/\/apollo-fo.com\/am\/fr\/","logo":{"@type":"ImageObject","inLanguage":"en-GB","@id":"https:\/\/apollo-fo.com\/am\/fr\/#\/schema\/logo\/image\/","url":"https:\/\/i0.wp.com\/apollo-fo.com\/am\/wp-content\/uploads\/2020\/09\/APOLLO-ASSET-MANAGEMENT-LOGO.png?fit=500%2C500&ssl=1","contentUrl":"https:\/\/i0.wp.com\/apollo-fo.com\/am\/wp-content\/uploads\/2020\/09\/APOLLO-ASSET-MANAGEMENT-LOGO.png?fit=500%2C500&ssl=1","width":500,"height":500,"caption":"Apollo Asset Management"},"image":{"@id":"https:\/\/apollo-fo.com\/am\/fr\/#\/schema\/logo\/image\/"},"sameAs":["https:\/\/www.facebook.com\/ApolloAssetManagement","https:\/\/www.instagram.com\/apolloassetmanagement\/?hl=fr","https:\/\/fr.linkedin.com\/company\/apollo-asset-management","https:\/\/www.youtube.com\/channel\/UCQme_lUvDNcpPcJ3VhSPojA"]}]}},"jetpack_sharing_enabled":true,"_links":{"self":[{"href":"https:\/\/apollo-fo.com\/am\/en\/wp-json\/wp\/v2\/pages\/130","targetHints":{"allow":["GET"]}}],"collection":[{"href":"https:\/\/apollo-fo.com\/am\/en\/wp-json\/wp\/v2\/pages"}],"about":[{"href":"https:\/\/apollo-fo.com\/am\/en\/wp-json\/wp\/v2\/types\/page"}],"author":[{"embeddable":true,"href":"https:\/\/apollo-fo.com\/am\/en\/wp-json\/wp\/v2\/users\/3"}],"replies":[{"embeddable":true,"href":"https:\/\/apollo-fo.com\/am\/en\/wp-json\/wp\/v2\/comments?post=130"}],"version-history":[{"count":6,"href":"https:\/\/apollo-fo.com\/am\/en\/wp-json\/wp\/v2\/pages\/130\/revisions"}],"predecessor-version":[{"id":1506,"href":"https:\/\/apollo-fo.com\/am\/en\/wp-json\/wp\/v2\/pages\/130\/revisions\/1506"}],"wp:featuredmedia":[{"embeddable":true,"href":"https:\/\/apollo-fo.com\/am\/en\/wp-json\/wp\/v2\/media\/360"}],"wp:attachment":[{"href":"https:\/\/apollo-fo.com\/am\/en\/wp-json\/wp\/v2\/media?parent=130"}],"curies":[{"name":"wp","href":"https:\/\/api.w.org\/{rel}","templated":true}]}}